{"id":10675,"date":"2024-10-13T19:07:15","date_gmt":"2024-10-13T19:07:15","guid":{"rendered":"https:\/\/stage.poppersparadise.eu\/product\/republik-ppprs-sniffer-cap-small\/"},"modified":"2025-09-22T15:59:06","modified_gmt":"2025-09-22T13:59:06","slug":"republik-ppprs-sniffer-cap-small","status":"publish","type":"product","link":"https:\/\/stage.poppersparadise.eu\/da\/product\/republik-ppprs-sniffer-cap-small\/","title":{"rendered":"Republik Poppers Sniffer Cap Small"},"content":{"rendered":"<h4 class=\"font-bold text-body leading-[24px] pt-[12px] pb-[2px] [&amp;_a]:underline-offset-[6px] [&amp;_.underline]:underline-offset-[6px]\" dir=\"ltr\">Forbedr din oplevelse med Republik's Poppers-adapter<\/h4>\n<p class=\"text-body font-regular leading-[24px] pt-[9px] pb-[2px]\" dir=\"ltr\">Oplev et nyt niveau af bekvemmelighed og nydelse med Republik's helt nye Poppers-adapter. Denne innovative adapter er designet med din komfort og bekvemmelighed i tankerne og forvandler den m\u00e5de, du bruger dine yndlingspoppere p\u00e5, s\u00e5 du f\u00e5r en problemfri og sp\u00e6ndende oplevelse.<\/p>\n<h4 class=\"font-bold text-body leading-[24px] pt-[12px] pb-[2px] [&amp;_a]:underline-offset-[6px] [&amp;_.underline]:underline-offset-[6px]\" dir=\"ltr\">Vigtige instruktioner til brug<\/h4>\n<ul class=\"pt-[9px] pb-[2px] pl-[24px] list-disc [&amp;_ul]:pt-[5px] pt-[5px]\">\n<li class=\"text-body font-regular leading-[24px] my-[5px] [&amp;&gt;ol]:!pt-0 [&amp;&gt;ol]:!pb-0 [&amp;&gt;ul]:!pt-0 [&amp;&gt;ul]:!pb-0\" value=\"1\">Hold altid flasken oprejst, og undg\u00e5 at ryste den.<\/li>\n<li class=\"text-body font-regular leading-[24px] my-[5px] [&amp;&gt;ol]:!pt-0 [&amp;&gt;ol]:!pb-0 [&amp;&gt;ul]:!pt-0 [&amp;&gt;ul]:!pb-0\" value=\"2\">Selv om adapteren ikke forhindrer l\u00e6kager eller fordampning, giver den nem adgang til dine poppers.<\/li>\n<li class=\"text-body font-regular leading-[24px] my-[5px] [&amp;&gt;ol]:!pt-0 [&amp;&gt;ol]:!pb-0 [&amp;&gt;ul]:!pt-0 [&amp;&gt;ul]:!pb-0\" value=\"4\">S\u00f8rg for ikke at blokere det lille lufthul i bunden af h\u00e6tten under brug.<\/li>\n<li class=\"text-body font-regular leading-[24px] my-[5px] [&amp;&gt;ol]:!pt-0 [&amp;&gt;ol]:!pb-0 [&amp;&gt;ul]:!pt-0 [&amp;&gt;ul]:!pb-0\" value=\"5\">S\u00e6t den originale h\u00e6tte p\u00e5 igen efter brug, og reng\u00f8r adapteren med varmt vand for at bevare dens levetid.<\/li>\n<\/ul>\n<h4 class=\"font-bold text-body leading-[24px] pt-[12px] pb-[2px] [&amp;_a]:underline-offset-[6px] [&amp;_.underline]:underline-offset-[6px]\" dir=\"ltr\">Alsidig kompatibilitet<\/h4>\n<p class=\"text-body font-regular leading-[24px] pt-[9px] pb-[2px]\" dir=\"ltr\">Republik's Poppers-adapter er kompatibel med en lang r\u00e6kke flasker, bl.a:<\/p>\n<ul class=\"pt-[9px] pb-[2px] pl-[24px] list-disc [&amp;_ul]:pt-[5px] pt-[5px]\">\n<li class=\"text-body font-regular leading-[24px] my-[5px] [&amp;&gt;ol]:!pt-0 [&amp;&gt;ol]:!pb-0 [&amp;&gt;ul]:!pt-0 [&amp;&gt;ul]:!pb-0\" value=\"1\">Alle sm\u00e5 poppers<\/li>\n<li class=\"text-body font-regular leading-[24px] my-[5px] [&amp;&gt;ol]:!pt-0 [&amp;&gt;ol]:!pb-0 [&amp;&gt;ul]:!pt-0 [&amp;&gt;ul]:!pb-0\" value=\"2\">Mellemstore poppere (undtagen Magnum-linjen)<\/li>\n<li class=\"text-body font-regular leading-[24px] my-[5px] [&amp;&gt;ol]:!pt-0 [&amp;&gt;ol]:!pb-0 [&amp;&gt;ul]:!pt-0 [&amp;&gt;ul]:!pb-0\" value=\"3\">Store ovale poppere som Rush Ultra Strong, BareBuddy og Xtrash<\/li>\n<li class=\"text-body font-regular leading-[24px] my-[5px] [&amp;&gt;ol]:!pt-0 [&amp;&gt;ol]:!pb-0 [&amp;&gt;ul]:!pt-0 [&amp;&gt;ul]:!pb-0\" value=\"4\">Lange flasker som Highrise Ultra Strong<\/li>\n<li class=\"text-body font-regular leading-[24px] my-[5px] [&amp;&gt;ol]:!pt-0 [&amp;&gt;ol]:!pb-0 [&amp;&gt;ul]:!pt-0 [&amp;&gt;ul]:!pb-0\" value=\"5\">Aluminiumsflasker som f.eks. Iron Fist<\/li>\n<li class=\"text-body font-regular leading-[24px] my-[5px] [&amp;&gt;ol]:!pt-0 [&amp;&gt;ol]:!pb-0 [&amp;&gt;ul]:!pt-0 [&amp;&gt;ul]:!pb-0\" value=\"6\">Runde XL-flasker som Radikal Rush og Amsterdam Revolution<\/li>\n<\/ul>\n<h4 class=\"font-bold text-body leading-[24px] pt-[12px] pb-[2px] [&amp;_a]:underline-offset-[6px] [&amp;_.underline]:underline-offset-[6px]\" dir=\"ltr\">Forvandl din oplevelse<\/h4>\n<p class=\"text-body font-regular leading-[24px] pt-[9px] pb-[2px]\" dir=\"ltr\">Sig farvel til klodsede h\u00e6tter og beskidte spild. Republik's Poppers-adapter giver dig mulighed for at nyde en mere raffineret og kraftfuld oplevelse. L\u00f8ft din rutine og g\u00f8r hvert \u00f8jeblik v\u00e6rd at bruge med dette uundv\u00e6rlige tilbeh\u00f8r.<\/p>","protected":false},"excerpt":{"rendered":"<p>Oplev et nyt niveau af bekvemmelighed og sjov med Republik's helt nye P*ppers Adapter. Denne innovative adapter er designet med din komfort og bekvemmelighed i tankerne og forvandler den m\u00e5de, du bruger dine yndlings-p*ppers p\u00e5, s\u00e5 du f\u00e5r en problemfri og sp\u00e6ndende oplevelse.<\/p>","protected":false},"featured_media":10674,"comment_status":"open","ping_status":"closed","template":"","meta":[],"product_brand":[],"product_cat":[330,529],"product_tag":[527],"class_list":{"0":"post-10675","1":"product","2":"type-product","3":"status-publish","4":"has-post-thumbnail","6":"product_cat-accessoires","7":"product_cat-sniffers-small","8":"product_tag-smallsnffr","10":"first","11":"instock","12":"taxable","13":"shipping-taxable","14":"purchasable","15":"product-type-simple"},"_links":{"self":[{"href":"https:\/\/stage.poppersparadise.eu\/da\/wp-json\/wp\/v2\/product\/10675","targetHints":{"allow":["GET"]}}],"collection":[{"href":"https:\/\/stage.poppersparadise.eu\/da\/wp-json\/wp\/v2\/product"}],"about":[{"href":"https:\/\/stage.poppersparadise.eu\/da\/wp-json\/wp\/v2\/types\/product"}],"replies":[{"embeddable":true,"href":"https:\/\/stage.poppersparadise.eu\/da\/wp-json\/wp\/v2\/comments?post=10675"}],"wp:featuredmedia":[{"embeddable":true,"href":"https:\/\/stage.poppersparadise.eu\/da\/wp-json\/wp\/v2\/media\/10674"}],"wp:attachment":[{"href":"https:\/\/stage.poppersparadise.eu\/da\/wp-json\/wp\/v2\/media?parent=10675"}],"wp:term":[{"taxonomy":"product_brand","embeddable":true,"href":"https:\/\/stage.poppersparadise.eu\/da\/wp-json\/wp\/v2\/product_brand?post=10675"},{"taxonomy":"product_cat","embeddable":true,"href":"https:\/\/stage.poppersparadise.eu\/da\/wp-json\/wp\/v2\/product_cat?post=10675"},{"taxonomy":"product_tag","embeddable":true,"href":"https:\/\/stage.poppersparadise.eu\/da\/wp-json\/wp\/v2\/product_tag?post=10675"}],"curies":[{"name":"wp","href":"https:\/\/api.w.org\/{rel}","templated":true}]}}