{"id":12050,"date":"2024-11-01T12:02:06","date_gmt":"2024-11-01T11:02:06","guid":{"rendered":"https:\/\/stage.poppersparadise.eu\/product\/silicone-premium-glijmiddel-play-harder-deeper\/"},"modified":"2025-09-11T13:18:32","modified_gmt":"2025-09-11T11:18:32","slug":"silikone-premium-smoremiddel-spil-hardere-dybere","status":"publish","type":"product","link":"https:\/\/stage.poppersparadise.eu\/da\/product\/silikone-premium-smoremiddel-spil-hardere-dybere\/","title":{"rendered":"XTRM Premium sm\u00f8remiddel af silikone - Play Harder og dybere"},"content":{"rendered":"<h2 class=\"font-bold text-h3 leading-[36px] pt-[21px] pb-[2px] [&amp;_a]:underline-offset-[6px] [&amp;_.underline]:underline-offset-[6px]\" dir=\"ltr\">G\u00f8r dine intime oplevelser endnu bedre med XTRM silikonesm\u00f8remiddel<\/h2>\n<p class=\"text-body font-regular leading-[24px] pt-[9px] pb-[2px]\" dir=\"ltr\">M\u00f8d vores XTRM Silicone Lubricant, der er omhyggeligt og innovativt udviklet til at forbedre dine intime \u00f8jeblikke. <strong>Perfekt egnet til analt samleje<\/strong> og designet til at tage personlig leg med dildoer og leget\u00f8j til det n\u00e6ste niveau, er denne glidecreme det ideelle valg til en enest\u00e5ende oplevelse.<\/p>\n<p class=\"text-body font-regular leading-[24px] pt-[9px] pb-[2px]\" dir=\"ltr\">Vores tysk udviklede formel giver langvarig, fl\u00f8jlsagtig glathed uden at fedte, hvilket sikrer en behagelig og forn\u00f8jelig glideoplevelse. Den er \u00f8konomisk, kr\u00e6ver kun en lille m\u00e6ngde for at f\u00e5 maksimal effekt og garanterer tilfredshed ved hver brug. Desuden er den kondomsikker, hvilket giver ekstra ro i sindet.<\/p>\n<h3 class=\"font-bold text-h4 leading-[30px] pt-[15px] pb-[2px] [&amp;_a]:underline-offset-[6px] [&amp;_.underline]:underline-offset-[6px]\" dir=\"ltr\">Produktspecifikationer<\/h3>\n<ul class=\"pt-[9px] pb-[2px] pl-[24px] list-disc [&amp;_ul]:pt-[5px] pt-[5px]\">\n<li class=\"text-body font-regular leading-[24px] my-[5px] [&amp;&gt;ol]:!pt-0 [&amp;&gt;ol]:!pb-0 [&amp;&gt;ul]:!pt-0 [&amp;&gt;ul]:!pb-0\" value=\"1\"><b><strong class=\"font-bold\">M\u00e5l<\/strong><\/b>: \u00d8get nydelse og komfort ved analt samleje og brug af leget\u00f8j<\/li>\n<li class=\"text-body font-regular leading-[24px] my-[5px] [&amp;&gt;ol]:!pt-0 [&amp;&gt;ol]:!pb-0 [&amp;&gt;ul]:!pt-0 [&amp;&gt;ul]:!pb-0\" value=\"2\"><b><strong class=\"font-bold\">Tekstur<\/strong><\/b>: Fl\u00f8jlsbl\u00f8d, ikke-fedtet fornemmelse<\/li>\n<li class=\"text-body font-regular leading-[24px] my-[5px] [&amp;&gt;ol]:!pt-0 [&amp;&gt;ol]:!pb-0 [&amp;&gt;ul]:!pt-0 [&amp;&gt;ul]:!pb-0\" value=\"4\"><b><strong class=\"font-bold\">Oprindelse<\/strong><\/b>: Fremstillet i Tyskland med en fugtgivende formel af h\u00f8j kvalitet<\/li>\n<li class=\"text-body font-regular leading-[24px] my-[5px] [&amp;&gt;ol]:!pt-0 [&amp;&gt;ol]:!pb-0 [&amp;&gt;ul]:!pt-0 [&amp;&gt;ul]:!pb-0\" value=\"5\"><b><strong class=\"font-bold\">Sikkerhed<\/strong><\/b>: Sikkert kondom<\/li>\n<li class=\"text-body font-regular leading-[24px] my-[5px] [&amp;&gt;ol]:!pt-0 [&amp;&gt;ol]:!pb-0 [&amp;&gt;ul]:!pt-0 [&amp;&gt;ul]:!pb-0\" value=\"5\"><strong>Indhold<\/strong>: 100 ml<\/li>\n<\/ul>\n\n\n<p><\/p>","protected":false},"excerpt":{"rendered":"<p>Oplev XTRM Silicone Lubricant for fl\u00f8jlsbl\u00f8d, ikke-fedtet nydelse. Perfekt til anal- og leget\u00f8jsbrug. Fremstillet i Tyskland, kondomsikker.<\/p>","protected":false},"featured_media":12049,"comment_status":"open","ping_status":"closed","template":"","meta":[],"product_brand":[],"product_cat":[479],"product_tag":[],"class_list":{"0":"post-12050","1":"product","2":"type-product","3":"status-publish","4":"has-post-thumbnail","6":"product_cat-drogist","8":"first","9":"outofstock","10":"taxable","11":"shipping-taxable","12":"purchasable","13":"product-type-simple"},"_links":{"self":[{"href":"https:\/\/stage.poppersparadise.eu\/da\/wp-json\/wp\/v2\/product\/12050","targetHints":{"allow":["GET"]}}],"collection":[{"href":"https:\/\/stage.poppersparadise.eu\/da\/wp-json\/wp\/v2\/product"}],"about":[{"href":"https:\/\/stage.poppersparadise.eu\/da\/wp-json\/wp\/v2\/types\/product"}],"replies":[{"embeddable":true,"href":"https:\/\/stage.poppersparadise.eu\/da\/wp-json\/wp\/v2\/comments?post=12050"}],"wp:featuredmedia":[{"embeddable":true,"href":"https:\/\/stage.poppersparadise.eu\/da\/wp-json\/wp\/v2\/media\/12049"}],"wp:attachment":[{"href":"https:\/\/stage.poppersparadise.eu\/da\/wp-json\/wp\/v2\/media?parent=12050"}],"wp:term":[{"taxonomy":"product_brand","embeddable":true,"href":"https:\/\/stage.poppersparadise.eu\/da\/wp-json\/wp\/v2\/product_brand?post=12050"},{"taxonomy":"product_cat","embeddable":true,"href":"https:\/\/stage.poppersparadise.eu\/da\/wp-json\/wp\/v2\/product_cat?post=12050"},{"taxonomy":"product_tag","embeddable":true,"href":"https:\/\/stage.poppersparadise.eu\/da\/wp-json\/wp\/v2\/product_tag?post=12050"}],"curies":[{"name":"wp","href":"https:\/\/api.w.org\/{rel}","templated":true}]}}