{"id":12963,"date":"2024-11-25T12:09:11","date_gmt":"2024-11-25T11:09:11","guid":{"rendered":"https:\/\/stage.poppersparadise.eu\/?post_type=product&#038;p=12963"},"modified":"2025-08-30T15:34:22","modified_gmt":"2025-08-30T13:34:22","slug":"iron-fist-ultra-strong-poppers-10-ml-2","status":"publish","type":"product","link":"https:\/\/stage.poppersparadise.eu\/da\/product\/iron-fist-ultra-strong-poppers-10-ml-2\/","title":{"rendered":"Iron Fist Ultra Strong 10ml"},"content":{"rendered":"<h2 class=\"wp-block-heading\">Oplev f\u00f8lelsen med Iron Fist Ultra Strong Poppers 10ml<\/h2>\n\n\n\n<p>Oplev kraften i Iron Fist Ultra Strong Poppers 10ml, en duftspreder, der er specielt designet til at give en intens og unik duftoplevelse. Perfekt til dem, der \u00f8nsker en sofistikeret atmosf\u00e6re og langvarig duftdiffusion.<\/p>\n\n\n\n<h3 class=\"wp-block-heading\">Frig\u00f8r kraften i avanceret formulering<\/h3>\n\n\n\n<ul class=\"wp-block-list\">\n<li><strong>Pentylnitrit magi<\/strong>: En kraftfuld formel, der giver en intens og langvarig duftoplevelse.<\/li>\n\n\n\n<li><strong>Ultrast\u00e6rk version<\/strong>: Nyd en forbedret version, der giver en endnu mere intens oplevelse.<\/li>\n<\/ul>\n\n\n\n<h3 class=\"wp-block-heading\">Innovativt og b\u00e6redygtigt design<\/h3>\n\n\n\n<ul class=\"wp-block-list\">\n<li><strong>Sikkerhedsh\u00e6tte<\/strong>: Forhindrer u\u00f8nsket \u00e5bning og sikrer sikker brug.<\/li>\n<\/ul>\n\n\n\n<h3 class=\"wp-block-heading\">Vigtigt at vide<\/h3>\n\n\n\n<p>Dette produkt er kun beregnet til brug som duftspreder eller reng\u00f8ringsmiddel. Det er ikke egnet til indtagelse eller ind\u00e5nding. Opbevar produktet p\u00e5 et k\u00f8ligt, m\u00f8rkt sted, og luk flasken t\u00e6t efter brug.<\/p>\n\n\n\n<h3 class=\"wp-block-heading\">Advarsler<\/h3>\n\n\n\n<ul class=\"wp-block-list\">\n<li>Meget brandfarlig v\u00e6ske og damp (H225).<\/li>\n\n\n\n<li>For\u00e5rsager hud- og \u00f8jenirritation (H315\/H319).<\/li>\n\n\n\n<li>Giftig ved ind\u00e5nding (H331).<\/li>\n\n\n\n<li>Ingen medicin.<\/li>\n\n\n\n<li>Brug kun som anvist.<\/li>\n<\/ul>\n\n\n\n<h3 class=\"wp-block-heading\">Opbevaring<\/h3>\n\n\n\n<p>Opbevares p\u00e5 et k\u00f8ligt og t\u00f8rt sted. Opbevares utilg\u00e6ngeligt for b\u00f8rn.<\/p>\n\n\n\n<h3 class=\"wp-block-heading\">Oprindelsesland<\/h3>\n\n\n\n<p>Frankrig<\/p>","protected":false},"excerpt":{"rendered":"<p><strong><br \/>KOMPATIBELT TILBEH\u00d8R:<\/strong><\/p>\n<ul>\n<li><a href=\"https:\/\/stage.poppersparadise.eu\/da\/produktkategori\/tilbehor\/sniffer-lille\/\">Sniffers Small<\/a><\/li>\n<li><a href=\"https:\/\/stage.poppersparadise.eu\/da\/product\/xtrm-poppers-houder-zwart-small\/\">XTRM Poppers Holder Lille<\/a><\/li>\n<li><a href=\"https:\/\/stage.poppersparadise.eu\/da\/product\/xtrm-poppers-keeper-small-10ml-2\/\">XTRM Poppers Keeper Small<\/a><\/li>\n<\/ul>","protected":false},"featured_media":12964,"comment_status":"open","ping_status":"closed","template":"","meta":[],"product_brand":[742],"product_cat":[34],"product_tag":[],"class_list":{"0":"post-12963","1":"product","2":"type-product","3":"status-publish","4":"has-post-thumbnail","6":"product_brand-iron-fist","7":"product_cat-kleine-flesjes-poppers","9":"first","10":"instock","11":"taxable","12":"shipping-taxable","13":"purchasable","14":"product-type-simple"},"_links":{"self":[{"href":"https:\/\/stage.poppersparadise.eu\/da\/wp-json\/wp\/v2\/product\/12963","targetHints":{"allow":["GET"]}}],"collection":[{"href":"https:\/\/stage.poppersparadise.eu\/da\/wp-json\/wp\/v2\/product"}],"about":[{"href":"https:\/\/stage.poppersparadise.eu\/da\/wp-json\/wp\/v2\/types\/product"}],"replies":[{"embeddable":true,"href":"https:\/\/stage.poppersparadise.eu\/da\/wp-json\/wp\/v2\/comments?post=12963"}],"wp:featuredmedia":[{"embeddable":true,"href":"https:\/\/stage.poppersparadise.eu\/da\/wp-json\/wp\/v2\/media\/12964"}],"wp:attachment":[{"href":"https:\/\/stage.poppersparadise.eu\/da\/wp-json\/wp\/v2\/media?parent=12963"}],"wp:term":[{"taxonomy":"product_brand","embeddable":true,"href":"https:\/\/stage.poppersparadise.eu\/da\/wp-json\/wp\/v2\/product_brand?post=12963"},{"taxonomy":"product_cat","embeddable":true,"href":"https:\/\/stage.poppersparadise.eu\/da\/wp-json\/wp\/v2\/product_cat?post=12963"},{"taxonomy":"product_tag","embeddable":true,"href":"https:\/\/stage.poppersparadise.eu\/da\/wp-json\/wp\/v2\/product_tag?post=12963"}],"curies":[{"name":"wp","href":"https:\/\/api.w.org\/{rel}","templated":true}]}}