{"id":12968,"date":"2024-11-25T12:19:43","date_gmt":"2024-11-25T11:19:43","guid":{"rendered":"https:\/\/stage.poppersparadise.eu\/?post_type=product&#038;p=12968"},"modified":"2025-09-20T12:00:10","modified_gmt":"2025-09-20T10:00:10","slug":"fist-ekstra-rene-poppers-24ml","status":"publish","type":"product","link":"https:\/\/stage.poppersparadise.eu\/da\/product\/fist-ekstra-rene-poppers-24ml\/","title":{"rendered":"Fist Extra Pure 24ml"},"content":{"rendered":"<h2 class=\"wp-block-heading\">Oplev kraften i Fist Extra Pure Poppers 24ml<\/h2>\n\n\n\n<p>Oplev en intens duftoplevelse med Fist Extra Pure Poppers 24ml. Denne kraftfulde duftspreder med en 90% ren propylnitritformel giver en unik og levende duftoplevelse. Perfekt til dem, der \u00f8nsker en s\u00e6rlig atmosf\u00e6re og langvarig duftspredning.<\/p>\n\n\n\n<h3 class=\"wp-block-heading\">Fordele ved Fist Extra Pure Poppers<\/h3>\n\n\n\n<ul class=\"wp-block-list\">\n<li><strong>Intens duftoplevelse<\/strong>: Takket v\u00e6re den kraftfulde formel med 90 % ren propylnitrit f\u00e5r du en duftintensitet uden sidestykke.<\/li>\n\n\n\n<li><strong>Bevarelse af kvalitet<\/strong>: Pakket i en glasflaske for at sikre kvalitet og styrke.<\/li>\n\n\n\n<li><strong>Alsidig brug<\/strong>: Ideel til at skabe en sp\u00e6ndende atmosf\u00e6re ved s\u00e6rlige lejligheder.<\/li>\n<\/ul>\n\n\n\n<h3 class=\"wp-block-heading\">Sikker brug<\/h3>\n\n\n\n<ul class=\"wp-block-list\">\n<li>Opbevares k\u00f8ligt og m\u00f8rkt, v\u00e6k fra lys- og varmekilder.<\/li>\n\n\n\n<li>Meget brandfarlig; h\u00e5ndteres med forsigtighed.<\/li>\n\n\n\n<li>Luk h\u00e6tten efter hver brug for at forhindre fordampning.<\/li>\n<\/ul>\n\n\n\n<h3 class=\"wp-block-heading\">Vigtigt at vide<\/h3>\n\n\n\n<p>Dette produkt er kun beregnet til brug som duftspreder eller reng\u00f8ringsmiddel. Det er ikke egnet til indtagelse eller ind\u00e5nding. Opbevar produktet p\u00e5 et k\u00f8ligt, m\u00f8rkt sted, og luk flasken t\u00e6t efter brug.<\/p>\n\n\n\n<h3 class=\"wp-block-heading\">Advarsler<\/h3>\n\n\n\n<ul class=\"wp-block-list\">\n<li>Meget brandfarlig v\u00e6ske og damp (H225).<\/li>\n\n\n\n<li>For\u00e5rsager hud- og \u00f8jenirritation (H315\/H319).<\/li>\n\n\n\n<li>Giftig ved ind\u00e5nding (H331).<\/li>\n\n\n\n<li>Ingen medicin.<\/li>\n\n\n\n<li>Brug kun som anvist.<\/li>\n<\/ul>\n\n\n\n<h3 class=\"wp-block-heading\">Opbevaring<\/h3>\n\n\n\n<p>Opbevares p\u00e5 et k\u00f8ligt og t\u00f8rt sted. Opbevares utilg\u00e6ngeligt for b\u00f8rn.<\/p>\n\n\n\n<h3 class=\"wp-block-heading\">Oprindelsesland<\/h3>\n\n\n\n<p>Frankrig<\/p>","protected":false},"excerpt":{"rendered":"<p><strong><br \/>KOMPATIBELT TILBEH\u00d8R:<\/strong><\/p>\n<ul>\n<li><a href=\"https:\/\/stage.poppersparadise.eu\/da\/produktkategori\/tilbehor\/sniffere-store\/\">Sniffers Large<\/a><\/li>\n<li><a href=\"https:\/\/stage.poppersparadise.eu\/da\/product\/xtrm-poppers-holder-stor\/\">XTRM Poppers Holder stor<\/a><\/li>\n<li><a href=\"https:\/\/stage.poppersparadise.eu\/da\/product\/xtrm-poppers-keeper-large-24ml-2\/\">XTRM Poppers Keeper Large<\/a><\/li>\n<\/ul>","protected":false},"featured_media":12969,"comment_status":"open","ping_status":"closed","template":"","meta":[],"product_brand":[741],"product_cat":[35],"product_tag":[],"class_list":{"0":"post-12968","1":"product","2":"type-product","3":"status-publish","4":"has-post-thumbnail","6":"product_brand-fist","7":"product_cat-grote-flesjes-poppers","9":"first","10":"instock","11":"taxable","12":"shipping-taxable","13":"purchasable","14":"product-type-simple"},"_links":{"self":[{"href":"https:\/\/stage.poppersparadise.eu\/da\/wp-json\/wp\/v2\/product\/12968","targetHints":{"allow":["GET"]}}],"collection":[{"href":"https:\/\/stage.poppersparadise.eu\/da\/wp-json\/wp\/v2\/product"}],"about":[{"href":"https:\/\/stage.poppersparadise.eu\/da\/wp-json\/wp\/v2\/types\/product"}],"replies":[{"embeddable":true,"href":"https:\/\/stage.poppersparadise.eu\/da\/wp-json\/wp\/v2\/comments?post=12968"}],"wp:featuredmedia":[{"embeddable":true,"href":"https:\/\/stage.poppersparadise.eu\/da\/wp-json\/wp\/v2\/media\/12969"}],"wp:attachment":[{"href":"https:\/\/stage.poppersparadise.eu\/da\/wp-json\/wp\/v2\/media?parent=12968"}],"wp:term":[{"taxonomy":"product_brand","embeddable":true,"href":"https:\/\/stage.poppersparadise.eu\/da\/wp-json\/wp\/v2\/product_brand?post=12968"},{"taxonomy":"product_cat","embeddable":true,"href":"https:\/\/stage.poppersparadise.eu\/da\/wp-json\/wp\/v2\/product_cat?post=12968"},{"taxonomy":"product_tag","embeddable":true,"href":"https:\/\/stage.poppersparadise.eu\/da\/wp-json\/wp\/v2\/product_tag?post=12968"}],"curies":[{"name":"wp","href":"https:\/\/api.w.org\/{rel}","templated":true}]}}