{"id":13723,"date":"2025-02-05T12:52:15","date_gmt":"2025-02-05T11:52:15","guid":{"rendered":"https:\/\/stage.poppersparadise.eu\/?post_type=product&#038;p=13723"},"modified":"2025-09-23T20:50:06","modified_gmt":"2025-09-23T18:50:06","slug":"rush-amyl-poppers","status":"publish","type":"product","link":"https:\/\/stage.poppersparadise.eu\/da\/product\/rush-amyl-poppers\/","title":{"rendered":"Rush Amyl 24ml"},"content":{"rendered":"<h2 class=\"wp-block-heading\">Oplev sp\u00e6ndingen med Rush Amyl poppers 24ml<\/h2>\n\n\n\n<p>Bliv en del af et globalt f\u00e6llesskab af popper-elskere med Rush Amyl 24ml. Denne nyeste PWD-popper blev lanceret i februar 2025 og giver en kraftfuld og unik duftoplevelse, der er perfekt til at forbedre dine intime \u00f8jeblikke.<\/p>\n\n\n\n<h3 class=\"wp-block-heading\">Frig\u00f8r kraften i avanceret formulering<\/h3>\n\n\n\n<ul class=\"wp-block-list\">\n<li><strong>Unik oplevelse<\/strong>: Rush Amyl 24ml er specielt designet til fans af poppers og giver en enest\u00e5ende og uforglemmelig duftspredning.<\/li>\n\n\n\n<li><strong>\u00d8get nydelse<\/strong>: Opn\u00e5 mere intense og intime \u00f8jeblikke med denne forbedrede version.<\/li>\n<\/ul>\n\n\n\n<h3 class=\"wp-block-heading\">Innovativt og b\u00e6redygtigt design<\/h3>\n\n\n\n<ul class=\"wp-block-list\">\n<li><strong>Robust glasflaske<\/strong>: Sikrer langvarig friskhed og tilbyder et holdbart design, der passer til din livsstil.<\/li>\n\n\n\n<li><strong>Sikker h\u00e6tte<\/strong>: Undg\u00e5r spild og sikrer brugervenlighed i forskellige situationer.<\/li>\n<\/ul>\n\n\n\n<h3 class=\"wp-block-heading\">Vigtigt at vide<\/h3>\n\n\n\n<p>Dette produkt er kun beregnet til brug som duftspreder eller reng\u00f8ringsmiddel. Det er ikke egnet til indtagelse eller ind\u00e5nding. Opbevar produktet p\u00e5 et k\u00f8ligt, m\u00f8rkt sted, og luk flasken t\u00e6t efter brug.<\/p>\n\n\n\n<h3 class=\"wp-block-heading\">Advarsler<\/h3>\n\n\n\n<ul class=\"wp-block-list\">\n<li>Meget brandfarlig v\u00e6ske og damp (H225).<\/li>\n\n\n\n<li>For\u00e5rsager hud- og \u00f8jenirritation (H315\/H319).<\/li>\n\n\n\n<li>Giftig ved ind\u00e5nding (H331).<\/li>\n\n\n\n<li>Ingen medicin.<\/li>\n\n\n\n<li>Brug kun som anvist.<\/li>\n<\/ul>\n\n\n\n<h3 class=\"wp-block-heading\">Opbevaring<\/h3>\n\n\n\n<p>Opbevares p\u00e5 et k\u00f8ligt og t\u00f8rt sted. Opbevares utilg\u00e6ngeligt for b\u00f8rn.<\/p>\n\n\n\n<h3 class=\"wp-block-heading\">Oprindelsesland<\/h3>\n\n\n\n<p>Frankrig<\/p>","protected":false},"excerpt":{"rendered":"<p><strong><br \/>KOMPATIBELT TILBEH\u00d8R:<\/strong><\/p>\n<ul>\n<li><a href=\"https:\/\/stage.poppersparadise.eu\/da\/produktkategori\/tilbehor\/sniffere-store\/\">Sniffers Large<\/a><\/li>\n<li><a href=\"https:\/\/stage.poppersparadise.eu\/da\/product\/xtrm-poppers-holder-stor\/\">XTRM Poppers Holder stor<\/a><\/li>\n<li><a href=\"https:\/\/stage.poppersparadise.eu\/da\/product\/xtrm-poppers-keeper-large-24ml-2\/\">XTRM Poppers Keeper Large<\/a><\/li>\n<\/ul>","protected":false},"featured_media":13724,"comment_status":"open","ping_status":"closed","template":"","meta":[],"product_brand":[751],"product_cat":[35],"product_tag":[],"class_list":{"0":"post-13723","1":"product","2":"type-product","3":"status-publish","4":"has-post-thumbnail","6":"product_brand-rush","7":"product_cat-grote-flesjes-poppers","9":"first","10":"instock","11":"taxable","12":"shipping-taxable","13":"purchasable","14":"product-type-simple"},"_links":{"self":[{"href":"https:\/\/stage.poppersparadise.eu\/da\/wp-json\/wp\/v2\/product\/13723","targetHints":{"allow":["GET"]}}],"collection":[{"href":"https:\/\/stage.poppersparadise.eu\/da\/wp-json\/wp\/v2\/product"}],"about":[{"href":"https:\/\/stage.poppersparadise.eu\/da\/wp-json\/wp\/v2\/types\/product"}],"replies":[{"embeddable":true,"href":"https:\/\/stage.poppersparadise.eu\/da\/wp-json\/wp\/v2\/comments?post=13723"}],"wp:featuredmedia":[{"embeddable":true,"href":"https:\/\/stage.poppersparadise.eu\/da\/wp-json\/wp\/v2\/media\/13724"}],"wp:attachment":[{"href":"https:\/\/stage.poppersparadise.eu\/da\/wp-json\/wp\/v2\/media?parent=13723"}],"wp:term":[{"taxonomy":"product_brand","embeddable":true,"href":"https:\/\/stage.poppersparadise.eu\/da\/wp-json\/wp\/v2\/product_brand?post=13723"},{"taxonomy":"product_cat","embeddable":true,"href":"https:\/\/stage.poppersparadise.eu\/da\/wp-json\/wp\/v2\/product_cat?post=13723"},{"taxonomy":"product_tag","embeddable":true,"href":"https:\/\/stage.poppersparadise.eu\/da\/wp-json\/wp\/v2\/product_tag?post=13723"}],"curies":[{"name":"wp","href":"https:\/\/api.w.org\/{rel}","templated":true}]}}