{"id":13787,"date":"2025-02-13T17:19:55","date_gmt":"2025-02-13T16:19:55","guid":{"rendered":"https:\/\/stage.poppersparadise.eu\/?post_type=product&#038;p=13787"},"modified":"2025-09-20T00:00:54","modified_gmt":"2025-09-19T22:00:54","slug":"super-rush-10-ml-med-adapter","status":"publish","type":"product","link":"https:\/\/stage.poppersparadise.eu\/da\/product\/super-rush-10-ml-med-adapter\/","title":{"rendered":"Super Rush 10ml met Adapter"},"content":{"rendered":"<h2 class=\"wp-block-heading\">Discover Super Rush poppers 10 ml med adapter<\/h2>\n\n\n\n<p>Super Rush poppers 10 ml med adapter er en duftspreder af h\u00f8j kvalitet, der kombinerer tradition og innovation. Denne eksklusive lancering tager arven fra den legendariske PWD Super Rush popper til et nyt niveau og leveres med en gratis, innovativ duftspreder, der g\u00f8r den endnu mere anvendelig. Dette produkt er perfekt til b\u00e5de nybegyndere og erfarne brugere og giver en unik og langvarig duftoplevelse.<\/p>\n\n\n\n<h3 class=\"wp-block-heading\">Hvorfor v\u00e6lge Super Rush poppers?<\/h3>\n\n\n\n<p>Super Rush poppers er formuleret med isopropylnitrit, som sikrer hurtig og intens duftspredning. Den medf\u00f8lgende duftspreder g\u00f8r brugen nem og problemfri, s\u00e5 du kan nyde duftspredningen fuldt ud. Dette produkt er ideelt til dem, der leder efter en f\u00f8rsteklasses oplevelse med et innovativt twist.<\/p>\n\n\n\n<h3 class=\"wp-block-heading\">Praktisk og innovativt design<\/h3>\n\n\n\n<p>Flasken p\u00e5 10 ml er kompakt og nem at bruge med en formel af h\u00f8j kvalitet, der sikrer ensartet duftspredning. Den gratis duftspreder giver ekstra bekvemmelighed og g\u00f8r dette produkt perfekt til forskellige anvendelser.<\/p>\n\n\n\n<h3 class=\"wp-block-heading\">Vigtigt at vide<\/h3>\n\n\n\n<p>Dette produkt er kun beregnet til brug som duftspreder eller reng\u00f8ringsmiddel. Det er ikke egnet til indtagelse eller ind\u00e5nding. Opbevar produktet p\u00e5 et k\u00f8ligt, m\u00f8rkt sted, og luk flasken t\u00e6t efter brug.<\/p>\n\n\n\n<h3 class=\"wp-block-heading\">Advarsler<\/h3>\n\n\n\n<p>Meget brandfarlig v\u00e6ske og damp (H225).<br>For\u00e5rsager hud- og \u00f8jenirritation (H315\/H319).<br>Giftig ved ind\u00e5nding (H331).<br>Ingen medicin.<br>Brug kun som anvist.<\/p>\n\n\n\n<h3 class=\"wp-block-heading\">Opbevaring<\/h3>\n\n\n\n<p>Opbevares p\u00e5 et k\u00f8ligt og t\u00f8rt sted. Opbevares utilg\u00e6ngeligt for b\u00f8rn.<\/p>\n\n\n\n<h3 class=\"wp-block-heading\">Oprindelsesland<\/h3>\n\n\n\n<p>Frankrig<\/p>\n\n\n\n<p><\/p>","protected":false},"excerpt":{"rendered":"<p><strong><br \/>KOMPATIBELT TILBEH\u00d8R:<\/strong><\/p>\n<ul>\n<li><a href=\"https:\/\/stage.poppersparadise.eu\/da\/produktkategori\/tilbehor\/sniffer-lille\/\">Sniffers Small<\/a><\/li>\n<li><a href=\"https:\/\/stage.poppersparadise.eu\/da\/product\/xtrm-poppers-houder-zwart-small\/\">XTRM Poppers Holder Lille<\/a><\/li>\n<li><a href=\"https:\/\/stage.poppersparadise.eu\/da\/product\/xtrm-poppers-keeper-small-10ml-2\/\">XTRM Poppers Keeper Small<\/a><\/li>\n<\/ul>","protected":false},"featured_media":13788,"comment_status":"open","ping_status":"closed","template":"","meta":[],"product_brand":[751],"product_cat":[34],"product_tag":[],"class_list":{"0":"post-13787","1":"product","2":"type-product","3":"status-publish","4":"has-post-thumbnail","6":"product_brand-rush","7":"product_cat-kleine-flesjes-poppers","9":"first","10":"instock","11":"taxable","12":"shipping-taxable","13":"purchasable","14":"product-type-simple"},"_links":{"self":[{"href":"https:\/\/stage.poppersparadise.eu\/da\/wp-json\/wp\/v2\/product\/13787","targetHints":{"allow":["GET"]}}],"collection":[{"href":"https:\/\/stage.poppersparadise.eu\/da\/wp-json\/wp\/v2\/product"}],"about":[{"href":"https:\/\/stage.poppersparadise.eu\/da\/wp-json\/wp\/v2\/types\/product"}],"replies":[{"embeddable":true,"href":"https:\/\/stage.poppersparadise.eu\/da\/wp-json\/wp\/v2\/comments?post=13787"}],"wp:featuredmedia":[{"embeddable":true,"href":"https:\/\/stage.poppersparadise.eu\/da\/wp-json\/wp\/v2\/media\/13788"}],"wp:attachment":[{"href":"https:\/\/stage.poppersparadise.eu\/da\/wp-json\/wp\/v2\/media?parent=13787"}],"wp:term":[{"taxonomy":"product_brand","embeddable":true,"href":"https:\/\/stage.poppersparadise.eu\/da\/wp-json\/wp\/v2\/product_brand?post=13787"},{"taxonomy":"product_cat","embeddable":true,"href":"https:\/\/stage.poppersparadise.eu\/da\/wp-json\/wp\/v2\/product_cat?post=13787"},{"taxonomy":"product_tag","embeddable":true,"href":"https:\/\/stage.poppersparadise.eu\/da\/wp-json\/wp\/v2\/product_tag?post=13787"}],"curies":[{"name":"wp","href":"https:\/\/api.w.org\/{rel}","templated":true}]}}