{"id":14006,"date":"2025-02-18T21:31:11","date_gmt":"2025-02-18T20:31:11","guid":{"rendered":"https:\/\/stage.poppersparadise.eu\/?post_type=product&#038;p=14006"},"modified":"2025-08-16T13:49:19","modified_gmt":"2025-08-16T11:49:19","slug":"juice-zero-black-label-poppers-10-ml-2","status":"publish","type":"product","link":"https:\/\/stage.poppersparadise.eu\/da\/product\/juice-zero-black-label-poppers-10-ml-2\/","title":{"rendered":"Juice Zero Black Label 10ml"},"content":{"rendered":"<h2 class=\"wp-block-heading\">Juice Zero Black Label poppers: duftspreder af h\u00f8j kvalitet<\/h2>\n\n\n\n<p>Juice Zero Black Label poppers er en f\u00f8rsteklasses duftspreder, der giver en langvarig og effektiv duftoplevelse. Takket v\u00e6re den unikke blanding af isoamyl- og isopropylnitrit giver dette produkt en p\u00e5lidelig og ensartet duftspredning. Den kompakte 10 ml glasflaske har en mega pellet, som bevarer friskheden i l\u00e6ngere tid.<\/p>\n\n\n\n<h3 class=\"wp-block-heading\">Hvorfor v\u00e6lge Juice Zero Black Label poppers?<\/h3>\n\n\n\n<p>Juice Zero Black Label poppers er specielt designet til dem, der er p\u00e5 udkig efter en duftspreder af h\u00f8j kvalitet. Den unikke formel garanterer langvarig duftspredning, mens flaskens stilfulde og praktiske design g\u00f8r den nem at bruge. Dette produkt er ideelt til forskellige anvendelser og giver en p\u00e5lidelig duftoplevelse.<\/p>\n\n\n\n<h3 class=\"wp-block-heading\">Praktisk og effektivt design<\/h3>\n\n\n\n<p>Glasflasken p\u00e5 10 ml er kompakt og har en megapille, som sikrer l\u00e6ngere holdbarhed for produktet. Det praktiske design g\u00f8r den nem at bruge og perfekt til dem, der er p\u00e5 udkig efter en duftspreder af h\u00f8j kvalitet.<\/p>\n\n\n\n<h3 class=\"wp-block-heading\">Vigtigt at vide<\/h3>\n\n\n\n<p>Dette produkt er kun beregnet til brug som duftspreder eller reng\u00f8ringsmiddel. Det er ikke egnet til indtagelse eller ind\u00e5nding. Opbevar produktet p\u00e5 et k\u00f8ligt, m\u00f8rkt sted, og luk flasken t\u00e6t efter brug.<\/p>\n\n\n\n<h3 class=\"wp-block-heading\">Advarsler<\/h3>\n\n\n\n<p>Meget brandfarlig v\u00e6ske og damp (H225).<br>For\u00e5rsager hud- og \u00f8jenirritation (H315\/H319).<br>Giftig ved ind\u00e5nding (H331).<br>Ingen medicin.<br>Brug kun som anvist.<\/p>\n\n\n\n<h3 class=\"wp-block-heading\">Opbevaring<\/h3>\n\n\n\n<p>Opbevares p\u00e5 et k\u00f8ligt og t\u00f8rt sted. Opbevares utilg\u00e6ngeligt for b\u00f8rn.<\/p>\n\n\n\n<h3 class=\"wp-block-heading\">Oprindelsesland<\/h3>\n\n\n\n<p>Frankrig<\/p>\n\n\n\n<p><\/p>","protected":false},"excerpt":{"rendered":"<p><strong><br \/>KOMPATIBELT TILBEH\u00d8R:<\/strong><\/p>\n<ul>\n<li><a href=\"https:\/\/stage.poppersparadise.eu\/da\/produktkategori\/tilbehor\/sniffer-lille\/\">Sniffers Small<\/a><\/li>\n<li><a href=\"https:\/\/stage.poppersparadise.eu\/da\/product\/xtrm-poppers-houder-zwart-small\/\">XTRM Poppers Holder Lille<\/a><\/li>\n<li><a href=\"https:\/\/stage.poppersparadise.eu\/da\/product\/xtrm-poppers-keeper-small-10ml-2\/\">XTRM Poppers Keeper Small<\/a><\/li>\n<\/ul>","protected":false},"featured_media":14007,"comment_status":"open","ping_status":"closed","template":"","meta":[],"product_brand":[744],"product_cat":[34],"product_tag":[],"class_list":{"0":"post-14006","1":"product","2":"type-product","3":"status-publish","4":"has-post-thumbnail","6":"product_brand-juice","7":"product_cat-kleine-flesjes-poppers","9":"first","10":"instock","11":"taxable","12":"shipping-taxable","13":"purchasable","14":"product-type-simple"},"_links":{"self":[{"href":"https:\/\/stage.poppersparadise.eu\/da\/wp-json\/wp\/v2\/product\/14006","targetHints":{"allow":["GET"]}}],"collection":[{"href":"https:\/\/stage.poppersparadise.eu\/da\/wp-json\/wp\/v2\/product"}],"about":[{"href":"https:\/\/stage.poppersparadise.eu\/da\/wp-json\/wp\/v2\/types\/product"}],"replies":[{"embeddable":true,"href":"https:\/\/stage.poppersparadise.eu\/da\/wp-json\/wp\/v2\/comments?post=14006"}],"wp:featuredmedia":[{"embeddable":true,"href":"https:\/\/stage.poppersparadise.eu\/da\/wp-json\/wp\/v2\/media\/14007"}],"wp:attachment":[{"href":"https:\/\/stage.poppersparadise.eu\/da\/wp-json\/wp\/v2\/media?parent=14006"}],"wp:term":[{"taxonomy":"product_brand","embeddable":true,"href":"https:\/\/stage.poppersparadise.eu\/da\/wp-json\/wp\/v2\/product_brand?post=14006"},{"taxonomy":"product_cat","embeddable":true,"href":"https:\/\/stage.poppersparadise.eu\/da\/wp-json\/wp\/v2\/product_cat?post=14006"},{"taxonomy":"product_tag","embeddable":true,"href":"https:\/\/stage.poppersparadise.eu\/da\/wp-json\/wp\/v2\/product_tag?post=14006"}],"curies":[{"name":"wp","href":"https:\/\/api.w.org\/{rel}","templated":true}]}}