{"id":15507,"date":"2025-03-26T09:49:44","date_gmt":"2025-03-26T08:49:44","guid":{"rendered":"https:\/\/stage.poppersparadise.eu\/product\/black-label-poeder-glijmiddel-op-waterbasis-275-gr\/"},"modified":"2025-08-15T11:41:14","modified_gmt":"2025-08-15T09:41:14","slug":"fist-it-black-label-vandbaseret-pulversmoremiddel-275-gr-2","status":"publish","type":"product","link":"https:\/\/stage.poppersparadise.eu\/da\/product\/fist-it-black-label-vandbaseret-pulversmoremiddel-275-gr-2\/","title":{"rendered":"Fist-It Black Label vandbaseret sm\u00f8remiddel i pulverform - 275 g"},"content":{"rendered":"<h2 class=\"font-bold text-h3 leading-[40px] pt-[21px] pb-[2px] [&amp;_a]:underline-offset-[6px] [&amp;_.underline]:underline-offset-[6px]\" dir=\"ltr\">Fist It Black Label Powder Lube Sm\u00f8remiddel - 275 gr<\/h2>\n<p class=\"text-body font-regular leading-[24px] pt-[9px] pb-[2px]\" dir=\"ltr\">M\u00f8d din nye favorit til ultimativ nydelse og komfort. Fist-It Black Label Powder Water-Based Lubricant - 275 gr giver en helt personlig oplevelse. Tils\u00e6t blot vand for at skabe en silkebl\u00f8d glidecreme, der passer perfekt til dine behov. Ideel til solo-forn\u00f8jelse eller sp\u00e6ndende \u00f8jeblikke med en partner!<\/p>\n<h3 class=\"font-bold text-h4 leading-[30px] pt-[15px] pb-[2px] [&amp;_a]:underline-offset-[6px] [&amp;_.underline]:underline-offset-[6px]\" dir=\"ltr\">Vigtige funktioner<\/h3>\n<ul class=\"pt-[9px] pb-[2px] pl-[24px] list-inside list-disc pt-[5px]\">\n<li class=\"text-body font-regular leading-[24px] my-[5px] [&amp;&gt;ol]:!pt-0 [&amp;&gt;ol]:!pb-0 [&amp;&gt;ul]:!pt-0 [&amp;&gt;ul]:!pb-0\" value=\"1\"><b><strong class=\"font-bold\">Selvblandende sm\u00f8remiddel<\/strong><\/b>: Bland pulveret med vand for at f\u00e5 en bl\u00f8d tekstur, som du selv kan styre.<\/li>\n<li class=\"text-body font-regular leading-[24px] my-[5px] [&amp;&gt;ol]:!pt-0 [&amp;&gt;ol]:!pb-0 [&amp;&gt;ul]:!pt-0 [&amp;&gt;ul]:!pb-0\" value=\"2\"><b><strong class=\"font-bold\">Smagl\u00f8s og lugtfri<\/strong><\/b>: Ingen distraktioner, s\u00e5 passionen er i centrum.<\/li>\n<li class=\"text-body font-regular leading-[24px] my-[5px] [&amp;&gt;ol]:!pt-0 [&amp;&gt;ol]:!pb-0 [&amp;&gt;ul]:!pt-0 [&amp;&gt;ul]:!pb-0\" value=\"3\"><b><strong class=\"font-bold\">Alsidig og komfortabel<\/strong><\/b>: Velegnet til forskellige intime lege og \u00f8jeblikke.<\/li>\n<li class=\"text-body font-regular leading-[24px] my-[5px] [&amp;&gt;ol]:!pt-0 [&amp;&gt;ol]:!pb-0 [&amp;&gt;ul]:!pt-0 [&amp;&gt;ul]:!pb-0\" value=\"4\"><b><strong class=\"font-bold\">Let at skylle<\/strong><\/b>: G\u00f8r oprydningen hurtig og nem.<\/li>\n<li class=\"text-body font-regular leading-[24px] my-[5px] [&amp;&gt;ol]:!pt-0 [&amp;&gt;ol]:!pb-0 [&amp;&gt;ul]:!pt-0 [&amp;&gt;ul]:!pb-0\" value=\"5\"><b><strong class=\"font-bold\">Perfekt til rejser<\/strong><\/b>: Praktisk at have med og blande, uanset hvor du er.<\/li>\n<li class=\"text-body font-regular leading-[24px] my-[5px] [&amp;&gt;ol]:!pt-0 [&amp;&gt;ol]:!pb-0 [&amp;&gt;ul]:!pt-0 [&amp;&gt;ul]:!pb-0\" value=\"6\"><b><strong class=\"font-bold\">Ingredienser<\/strong><\/b>: NATRIUMPOLYAKRYLAT<\/li>\n<\/ul>\n<p class=\"text-body font-regular leading-[24px] pt-[9px] pb-[2px]\" dir=\"ltr\">Lad kreativiteten flyde, og nyd en personligt tilpasset tekstur, der g\u00f8r hvert eneste intime \u00f8jeblik uforglemmeligt. Den <b><strong class=\"font-bold\">Fist It Black Label Powder Lube<\/strong><\/b> er der for at st\u00f8tte dig, uanset hvordan du spiller.<\/p>","protected":false},"excerpt":{"rendered":"<p>Fist Det g\u00f8r dine fisting- eller fist-fucking-sessioner nemmere, bedre og mere intense. Vores kollektion tilbyder forskellige glidecremer, herunder analafslappende, ekstra tykke, naturlige og bed\u00f8vende. Hvert sm\u00f8remiddel er designet til at forbedre din oplevelse og \u00f8ge din nydelse.<\/p>","protected":false},"featured_media":15506,"comment_status":"open","ping_status":"closed","template":"","meta":[],"product_brand":[],"product_cat":[479,671],"product_tag":[],"class_list":{"0":"post-15507","1":"product","2":"type-product","3":"status-publish","4":"has-post-thumbnail","6":"product_cat-drogist","7":"product_cat-glijmiddelen","9":"first","10":"instock","11":"taxable","12":"shipping-taxable","13":"purchasable","14":"product-type-simple"},"_links":{"self":[{"href":"https:\/\/stage.poppersparadise.eu\/da\/wp-json\/wp\/v2\/product\/15507","targetHints":{"allow":["GET"]}}],"collection":[{"href":"https:\/\/stage.poppersparadise.eu\/da\/wp-json\/wp\/v2\/product"}],"about":[{"href":"https:\/\/stage.poppersparadise.eu\/da\/wp-json\/wp\/v2\/types\/product"}],"replies":[{"embeddable":true,"href":"https:\/\/stage.poppersparadise.eu\/da\/wp-json\/wp\/v2\/comments?post=15507"}],"wp:featuredmedia":[{"embeddable":true,"href":"https:\/\/stage.poppersparadise.eu\/da\/wp-json\/wp\/v2\/media\/15506"}],"wp:attachment":[{"href":"https:\/\/stage.poppersparadise.eu\/da\/wp-json\/wp\/v2\/media?parent=15507"}],"wp:term":[{"taxonomy":"product_brand","embeddable":true,"href":"https:\/\/stage.poppersparadise.eu\/da\/wp-json\/wp\/v2\/product_brand?post=15507"},{"taxonomy":"product_cat","embeddable":true,"href":"https:\/\/stage.poppersparadise.eu\/da\/wp-json\/wp\/v2\/product_cat?post=15507"},{"taxonomy":"product_tag","embeddable":true,"href":"https:\/\/stage.poppersparadise.eu\/da\/wp-json\/wp\/v2\/product_tag?post=15507"}],"curies":[{"name":"wp","href":"https:\/\/api.w.org\/{rel}","templated":true}]}}