{"id":15510,"date":"2025-03-26T09:49:53","date_gmt":"2025-03-26T08:49:53","guid":{"rendered":"https:\/\/stage.poppersparadise.eu\/product\/black-label-poeder-glijmiddel-reisfles-500-ml\/"},"modified":"2025-08-15T11:42:11","modified_gmt":"2025-08-15T09:42:11","slug":"fist-it-black-label-pulversmoremiddel-rejseflaske-500-ml","status":"publish","type":"product","link":"https:\/\/stage.poppersparadise.eu\/da\/product\/fist-it-black-label-pulversmoremiddel-rejseflaske-500-ml\/","title":{"rendered":"Fist-It Black Label pulversm\u00f8remiddel rejseflaske - 500 ml"},"content":{"rendered":"<h2 class=\"font-bold text-h3 leading-[40px] pt-[21px] pb-[2px] [&amp;_a]:underline-offset-[6px] [&amp;_.underline]:underline-offset-[6px]\" dir=\"ltr\">Fist It Black Label Powder Lube - rejseflaske - 500 ml<\/h2>\n<p class=\"text-body font-regular leading-[24px] pt-[9px] pb-[2px]\" dir=\"ltr\">Denne elegante 500 ml Fist It Black Label Travel Bottle er din perfekte rejsekammerat til DIY-glidemiddel i pulverform! Denne flaske er fremstillet af ftalatfrie materialer og kombinerer stil og sikkerhed til enhver eventyrlig lejlighed. Takket v\u00e6re det kompakte design passer den nemt i tasken, s\u00e5 du kan blande din foretrukne silkebl\u00f8de gel overalt. Det er nemt at vaske op, da flasken kan vaskes i opvaskemaskinen - intet besv\u00e6r, intet rod! Uanset om du er p\u00e5 vej til en romantisk ferie eller vil skrue op for sp\u00e6ndingen derhjemme, sikrer denne rejseflaske, at du altid er klar til spontane eventyr.<\/p>\n<h3 class=\"font-bold text-h4 leading-[30px] pt-[15px] pb-[2px] [&amp;_a]:underline-offset-[6px] [&amp;_.underline]:underline-offset-[6px]\" dir=\"ltr\">Produktspecifikationer:<\/h3>\n<ul class=\"pt-[9px] pb-[2px] pl-[24px] list-inside list-disc pt-[5px]\">\n<li class=\"text-body font-regular leading-[24px] my-[5px] [&amp;&gt;ol]:!pt-0 [&amp;&gt;ol]:!pb-0 [&amp;&gt;ul]:!pt-0 [&amp;&gt;ul]:!pb-0\" value=\"1\">Skarp indholdskontrol med 500 ml kapacitet<\/li>\n<li class=\"text-body font-regular leading-[24px] my-[5px] [&amp;&gt;ol]:!pt-0 [&amp;&gt;ol]:!pb-0 [&amp;&gt;ul]:!pt-0 [&amp;&gt;ul]:!pb-0\" value=\"2\">Fremstillet af sikre, ftalatfrie materialer<\/li>\n<li class=\"text-body font-regular leading-[24px] my-[5px] [&amp;&gt;ol]:!pt-0 [&amp;&gt;ol]:!pb-0 [&amp;&gt;ul]:!pt-0 [&amp;&gt;ul]:!pb-0\" value=\"3\">Kompakt og let at b\u00e6re<\/li>\n<li class=\"text-body font-regular leading-[24px] my-[5px] [&amp;&gt;ol]:!pt-0 [&amp;&gt;ol]:!pb-0 [&amp;&gt;ul]:!pt-0 [&amp;&gt;ul]:!pb-0\" value=\"4\">T\u00e5ler opvaskemaskine for hurtig og nem reng\u00f8ring<\/li>\n<li class=\"text-body font-regular leading-[24px] my-[5px] [&amp;&gt;ol]:!pt-0 [&amp;&gt;ol]:!pb-0 [&amp;&gt;ul]:!pt-0 [&amp;&gt;ul]:!pb-0\" value=\"5\">Perfekt til at lave din egen silkebl\u00f8de glidecreme n\u00e5r som helst, hvor som helst<\/li>\n<\/ul>","protected":false},"excerpt":{"rendered":"<p>Fist Det g\u00f8r dine fisting- eller fist-fucking-sessioner nemmere, bedre og mere intense. Vores kollektion tilbyder forskellige glidecremer, herunder analafslappende, ekstra tykke, naturlige og bed\u00f8vende. Hvert sm\u00f8remiddel er designet til at forbedre din oplevelse og \u00f8ge din nydelse.<\/p>","protected":false},"featured_media":15509,"comment_status":"open","ping_status":"closed","template":"","meta":[],"product_brand":[],"product_cat":[479,671],"product_tag":[],"class_list":{"0":"post-15510","1":"product","2":"type-product","3":"status-publish","4":"has-post-thumbnail","6":"product_cat-drogist","7":"product_cat-glijmiddelen","9":"first","10":"instock","11":"taxable","12":"shipping-taxable","13":"purchasable","14":"product-type-simple"},"_links":{"self":[{"href":"https:\/\/stage.poppersparadise.eu\/da\/wp-json\/wp\/v2\/product\/15510","targetHints":{"allow":["GET"]}}],"collection":[{"href":"https:\/\/stage.poppersparadise.eu\/da\/wp-json\/wp\/v2\/product"}],"about":[{"href":"https:\/\/stage.poppersparadise.eu\/da\/wp-json\/wp\/v2\/types\/product"}],"replies":[{"embeddable":true,"href":"https:\/\/stage.poppersparadise.eu\/da\/wp-json\/wp\/v2\/comments?post=15510"}],"wp:featuredmedia":[{"embeddable":true,"href":"https:\/\/stage.poppersparadise.eu\/da\/wp-json\/wp\/v2\/media\/15509"}],"wp:attachment":[{"href":"https:\/\/stage.poppersparadise.eu\/da\/wp-json\/wp\/v2\/media?parent=15510"}],"wp:term":[{"taxonomy":"product_brand","embeddable":true,"href":"https:\/\/stage.poppersparadise.eu\/da\/wp-json\/wp\/v2\/product_brand?post=15510"},{"taxonomy":"product_cat","embeddable":true,"href":"https:\/\/stage.poppersparadise.eu\/da\/wp-json\/wp\/v2\/product_cat?post=15510"},{"taxonomy":"product_tag","embeddable":true,"href":"https:\/\/stage.poppersparadise.eu\/da\/wp-json\/wp\/v2\/product_tag?post=15510"}],"curies":[{"name":"wp","href":"https:\/\/api.w.org\/{rel}","templated":true}]}}