{"id":16008,"date":"2025-04-11T08:50:03","date_gmt":"2025-04-11T06:50:03","guid":{"rendered":"https:\/\/stage.poppersparadise.eu\/?post_type=product&#038;p=16008"},"modified":"2025-09-18T15:04:33","modified_gmt":"2025-09-18T13:04:33","slug":"juicd-party-pack-5-x-24ml","status":"publish","type":"product","link":"https:\/\/stage.poppersparadise.eu\/da\/product\/juicd-party-pack-5-x-24ml\/","title":{"rendered":"Juic'D Party Pack 5 x 24ml + gratis XTRM SNFFR"},"content":{"rendered":"<h2 class=\"wp-block-heading\">Lav din egen Juic'D Party Pack 5 x 24 ml poppers<\/h2>\n\n\n\n<p>Fuldend din fest med Juic'D Party Pack 5 x 24 ml poppers! V\u00e6lg selv fem flasker fra vores store udvalg af Juic'D-varianter, og giv din fest et personligt pr\u00e6g. Ved k\u00f8b af denne pakke f\u00e5r du en <strong>gratis XTRM SNFFR til en v\u00e6rdi af \u20ac9,95 plus 15 % ekstra rabat pr. flaske<\/strong>. Perfekt til fester eller til at afpr\u00f8ve forskellige variationer.<\/p>\n\n\n\n<h3 class=\"wp-block-heading\">V\u00e6lg mellem dine yndlingssorter<\/h3>\n\n\n\n<ul class=\"wp-block-list\">\n<li>Juic'D Black Label 24 ml<\/li>\n\n\n\n<li>Juic'D Gold Label 24 ml<\/li>\n\n\n\n<li>Juic'D Platinum 24 ml<\/li>\n\n\n\n<li>Juic'D Plus 24 ml<\/li>\n\n\n\n<li>Juic'D Maximum 24 ml<\/li>\n\n\n\n<li>Juic'D Original 24 ml<\/li>\n<\/ul>\n\n\n\n<h3 class=\"wp-block-heading\">N\u00f8glefunktioner i Juic'D Party Pack<\/h3>\n\n\n\n<p>Personligt udvalg: Sammens\u00e6t din egen pakke med fem 24 ml-flasker fra vores omfattende liste.<br>Gratis ekstra: Inkluderer en XTRM SNFFR (til en v\u00e6rdi af \u20ac9,95) med din ordre.<br>Unik rabat: F\u00e5 15 % ekstra rabat pr. flaske, n\u00e5r du k\u00f8ber denne pakke.<br>Alsidig brug: ideel til fester eller til at udforske forskellige varianter.<\/p>\n\n\n\n<h3 class=\"wp-block-heading\">Hvordan bruger du Juic'D Party Pack?<\/h3>\n\n\n\n<p>Brug kun popperne fra Juic'D Party Pack som duftspredere eller reng\u00f8ringsmidler. De er ikke egnet til menneskef\u00f8de og m\u00e5 ikke ind\u00e5ndes. Opbevar flaskerne p\u00e5 et k\u00f8ligt, m\u00f8rkt sted for at bevare kvaliteten, og luk dem t\u00e6t efter brug.<\/p>\n\n\n\n<h3 class=\"wp-block-heading\">Hvorfor Juic'D Party Pack er en favorit<\/h3>\n\n\n\n<p>Juic'D Party Pack giver ultimativ fleksibilitet og v\u00e6rdi. Ved selv at v\u00e6lge dine yndlingsvarianter og drage fordel af en gratis XTRM SNFFR og ekstra rabat er denne pakke perfekt til entusiaster, der \u00f8nsker variation og fordele.<\/p>\n\n\n\n<h3 class=\"wp-block-heading\">Advarsler<\/h3>\n\n\n\n<p>Meget brandfarlig v\u00e6ske og damp (H225).<br>For\u00e5rsager hud- og \u00f8jenirritation (H315\/H319).<br>Giftig ved ind\u00e5nding (H331).<br>Ikke et l\u00e6gemiddel. Brug p\u00e5 egen risiko.<\/p>\n\n\n\n<h3 class=\"wp-block-heading\">Brug<\/h3>\n\n\n\n<p>Kun beregnet som duftspreder eller reng\u00f8ringsmiddel.<br>Ikke egnet til menneskef\u00f8de og b\u00f8r ikke ind\u00e5ndes.<\/p>\n\n\n\n<h3 class=\"wp-block-heading\">Opbevaring<\/h3>\n\n\n\n<p>Opbevares p\u00e5 et k\u00f8ligt og t\u00f8rt sted. Opbevares utilg\u00e6ngeligt for b\u00f8rn.<\/p>\n\n\n\n<h3 class=\"wp-block-heading\">Oprindelsesland<\/h3>\n\n\n\n<p>EU.<\/p>\n\n\n\n<p>Med Juic'D Party Pack 5 x 24 ml poppers kan du sammens\u00e6tte din ultimative festpakke. Find dine favoritter i dag, og g\u00f8r enhver fest uforglemmelig!<\/p>","protected":false},"excerpt":{"rendered":"<p><strong><br \/>KOMPATIBELT TILBEH\u00d8R:<\/strong><\/p>\n<ul>\n<li><a href=\"https:\/\/stage.poppersparadise.eu\/da\/produktkategori\/tilbehor\/sniffere-store\/\">Sniffers Large<\/a><\/li>\n<li><a href=\"https:\/\/stage.poppersparadise.eu\/da\/product\/xtrm-poppers-holder-stor\/\">XTRM Poppers Holder stor<\/a><\/li>\n<li><a href=\"https:\/\/stage.poppersparadise.eu\/da\/product\/xtrm-poppers-keeper-large-24ml-2\/\">XTRM Poppers Keeper Large<\/a><\/li>\n<\/ul>","protected":false},"featured_media":16012,"comment_status":"open","ping_status":"closed","template":"","meta":[],"product_brand":[743],"product_cat":[33],"product_tag":[],"class_list":{"0":"post-16008","1":"product","2":"type-product","3":"status-publish","4":"has-post-thumbnail","6":"product_brand-juicd","7":"product_cat-party-packs","9":"first","10":"instock","11":"sale","12":"taxable","13":"shipping-taxable","14":"purchasable","15":"product-type-simple"},"_links":{"self":[{"href":"https:\/\/stage.poppersparadise.eu\/da\/wp-json\/wp\/v2\/product\/16008","targetHints":{"allow":["GET"]}}],"collection":[{"href":"https:\/\/stage.poppersparadise.eu\/da\/wp-json\/wp\/v2\/product"}],"about":[{"href":"https:\/\/stage.poppersparadise.eu\/da\/wp-json\/wp\/v2\/types\/product"}],"replies":[{"embeddable":true,"href":"https:\/\/stage.poppersparadise.eu\/da\/wp-json\/wp\/v2\/comments?post=16008"}],"wp:featuredmedia":[{"embeddable":true,"href":"https:\/\/stage.poppersparadise.eu\/da\/wp-json\/wp\/v2\/media\/16012"}],"wp:attachment":[{"href":"https:\/\/stage.poppersparadise.eu\/da\/wp-json\/wp\/v2\/media?parent=16008"}],"wp:term":[{"taxonomy":"product_brand","embeddable":true,"href":"https:\/\/stage.poppersparadise.eu\/da\/wp-json\/wp\/v2\/product_brand?post=16008"},{"taxonomy":"product_cat","embeddable":true,"href":"https:\/\/stage.poppersparadise.eu\/da\/wp-json\/wp\/v2\/product_cat?post=16008"},{"taxonomy":"product_tag","embeddable":true,"href":"https:\/\/stage.poppersparadise.eu\/da\/wp-json\/wp\/v2\/product_tag?post=16008"}],"curies":[{"name":"wp","href":"https:\/\/api.w.org\/{rel}","templated":true}]}}