{"id":16013,"date":"2025-04-11T09:40:10","date_gmt":"2025-04-11T07:40:10","guid":{"rendered":"https:\/\/stage.poppersparadise.eu\/?post_type=product&#038;p=16013"},"modified":"2025-09-18T15:03:01","modified_gmt":"2025-09-18T13:03:01","slug":"cosmic-power-party-pack","status":"publish","type":"product","link":"https:\/\/stage.poppersparadise.eu\/da\/product\/cosmic-power-party-pack\/","title":{"rendered":"Cosmic Power Party Pack 5 x 24ml + Gratis XTRM SNFFR"},"content":{"rendered":"<h2 class=\"wp-block-heading\">Lav din egen Cosmic Power Party Pack 5 x 24 ml poppers - din fest, dit valg!<\/h2>\n\n\n\n<p>G\u00f8r din fest komplet med&nbsp;<strong>Cosmic Power Party Pack 5 x 24ml poppers<\/strong>! V\u00e6lg dine egne fem flasker fra vores brede udvalg af Cosmic Power-sorter, og s\u00e6t et personligt pr\u00e6g p\u00e5 din oplevelse. Med denne pakke vil du ikke kun nyde dine yndlingssorter, men ogs\u00e5 modtage en <strong>gratis XTRM SNFFR til en v\u00e6rdi af \u20ac9,95 plus 15% ekstra rabat pr. flaske<\/strong>. Perfekt til fester eller til at afpr\u00f8ve forskellige variationer!<\/p>\n\n\n\n<h3 class=\"wp-block-heading\">V\u00e6lg mellem dine yndlingssorter:<\/h3>\n\n\n\n<ul class=\"wp-block-list\">\n<li><strong>Super Rush Cosmic Power 24ml<\/strong><\/li>\n\n\n\n<li><strong>Amsterdam Xxx Cosmic Power 24ml<\/strong><\/li>\n\n\n\n<li><strong>Meta Cosmic Power 24ml<\/strong><\/li>\n\n\n\n<li><strong>Rush Cosmic Power 24ml<\/strong><\/li>\n<\/ul>\n\n\n\n<h3 class=\"wp-block-heading\">N\u00f8glefunktioner i Cosmic Power Party Pack<\/h3>\n\n\n\n<ul class=\"wp-block-list\">\n<li><strong>Personlig udv\u00e6lgelse<\/strong>: Sammens\u00e6t din egen pakke med fem 24 ml-flasker fra vores omfattende liste.<\/li>\n\n\n\n<li><strong>Gratis ekstraudstyr<\/strong>: Inkluder en XTRM SNFFR (til en v\u00e6rdi af \u20ac9,95) med din ordre.<\/li>\n\n\n\n<li><strong>Unik rabat<\/strong>: F\u00e5 15 % ekstra rabat pr. flaske, n\u00e5r du k\u00f8ber denne pakke.<\/li>\n\n\n\n<li><strong>Alsidig brug<\/strong>: Ideel til fester eller til at udforske forskellige varianter.<\/li>\n<\/ul>\n\n\n\n<h3 class=\"wp-block-heading\">S\u00e5dan bruger du Cosmic Power Party Pack.<\/h3>\n\n\n\n<p>Brug kun popperne fra Cosmic Power Party Pack som duftspredere eller reng\u00f8ringsmidler. De er ikke egnet til menneskef\u00f8de og m\u00e5 ikke ind\u00e5ndes. Opbevar flaskerne p\u00e5 et k\u00f8ligt, m\u00f8rkt sted for at bevare kvaliteten, og luk dem t\u00e6t efter brug.<\/p>\n\n\n\n<h3 class=\"wp-block-heading\">Hvorfor Cosmic Power Party Pack er en favorit<\/h3>\n\n\n\n<p>Cosmic Power Party Pack giver ultimativ fleksibilitet og v\u00e6rdi. Ved selv at v\u00e6lge dine yndlingsvarianter og drage fordel af en gratis XTRM SNFFR og ekstra rabat er denne pakke perfekt til entusiaster, der \u00f8nsker variation og fordele.<\/p>\n\n\n\n<h3 class=\"wp-block-heading\">Advarsler<\/h3>\n\n\n\n<ul class=\"wp-block-list\">\n<li>Meget brandfarlig v\u00e6ske og damp (H225).<\/li>\n\n\n\n<li>For\u00e5rsager hud- og \u00f8jenirritation (H315\/H319).<\/li>\n\n\n\n<li>Giftig ved ind\u00e5nding (H331).<\/li>\n\n\n\n<li>Ikke et l\u00e6gemiddel. Brug p\u00e5 egen risiko.<\/li>\n<\/ul>\n\n\n\n<h3 class=\"wp-block-heading\">Brug<\/h3>\n\n\n\n<p>Kun beregnet som duftspreder eller reng\u00f8ringsmiddel.<br>Ikke egnet til menneskef\u00f8de og b\u00f8r ikke ind\u00e5ndes.<\/p>\n\n\n\n<h3 class=\"wp-block-heading\">Opbevaring<\/h3>\n\n\n\n<p>Opbevares p\u00e5 et k\u00f8ligt og t\u00f8rt sted. Opbevares utilg\u00e6ngeligt for b\u00f8rn.<\/p>\n\n\n\n<h3 class=\"wp-block-heading\">Oprindelsesland<\/h3>\n\n\n\n<p>EU.<\/p>\n\n\n\n<p>Med Cosmic Power Party Pack 5 x 24ml poppers kan du sammens\u00e6tte din ultimative festpakke. Find dine favoritter i dag, og g\u00f8r enhver fest uforglemmelig! \ud83c\udf89<\/p>\n\n\n\n<p><\/p>","protected":false},"excerpt":{"rendered":"<p><strong><br \/>KOMPATIBELT TILBEH\u00d8R:<\/strong><\/p>\n<ul>\n<li><a href=\"https:\/\/stage.poppersparadise.eu\/da\/produktkategori\/tilbehor\/sniffere-store\/\">Sniffers Large<\/a><\/li>\n<li><a href=\"https:\/\/stage.poppersparadise.eu\/da\/product\/xtrm-poppers-holder-stor\/\">XTRM Poppers Holder stor<\/a><\/li>\n<li><a href=\"https:\/\/stage.poppersparadise.eu\/da\/product\/xtrm-poppers-keeper-large-24ml-2\/\">XTRM Poppers Keeper Large<\/a><\/li>\n<\/ul>","protected":false},"featured_media":16014,"comment_status":"open","ping_status":"closed","template":"","meta":[],"product_brand":[740],"product_cat":[33],"product_tag":[],"class_list":{"0":"post-16013","1":"product","2":"type-product","3":"status-publish","4":"has-post-thumbnail","6":"product_brand-cosmic-power","7":"product_cat-party-packs","9":"first","10":"instock","11":"sale","12":"taxable","13":"shipping-taxable","14":"purchasable","15":"product-type-simple"},"_links":{"self":[{"href":"https:\/\/stage.poppersparadise.eu\/da\/wp-json\/wp\/v2\/product\/16013","targetHints":{"allow":["GET"]}}],"collection":[{"href":"https:\/\/stage.poppersparadise.eu\/da\/wp-json\/wp\/v2\/product"}],"about":[{"href":"https:\/\/stage.poppersparadise.eu\/da\/wp-json\/wp\/v2\/types\/product"}],"replies":[{"embeddable":true,"href":"https:\/\/stage.poppersparadise.eu\/da\/wp-json\/wp\/v2\/comments?post=16013"}],"wp:featuredmedia":[{"embeddable":true,"href":"https:\/\/stage.poppersparadise.eu\/da\/wp-json\/wp\/v2\/media\/16014"}],"wp:attachment":[{"href":"https:\/\/stage.poppersparadise.eu\/da\/wp-json\/wp\/v2\/media?parent=16013"}],"wp:term":[{"taxonomy":"product_brand","embeddable":true,"href":"https:\/\/stage.poppersparadise.eu\/da\/wp-json\/wp\/v2\/product_brand?post=16013"},{"taxonomy":"product_cat","embeddable":true,"href":"https:\/\/stage.poppersparadise.eu\/da\/wp-json\/wp\/v2\/product_cat?post=16013"},{"taxonomy":"product_tag","embeddable":true,"href":"https:\/\/stage.poppersparadise.eu\/da\/wp-json\/wp\/v2\/product_tag?post=16013"}],"curies":[{"name":"wp","href":"https:\/\/api.w.org\/{rel}","templated":true}]}}