{"id":16516,"date":"2025-04-30T13:10:15","date_gmt":"2025-04-30T11:10:15","guid":{"rendered":"https:\/\/stage.poppersparadise.eu\/?post_type=product&#038;p=16516"},"modified":"2025-10-01T22:59:19","modified_gmt":"2025-10-01T20:59:19","slug":"twisted-beast-gape-boy-colour-super-amyl-30ml-2","status":"publish","type":"product","link":"https:\/\/stage.poppersparadise.eu\/da\/product\/twisted-beast-gape-boy-colour-super-amyl-30ml-2\/","title":{"rendered":"Twisted Beast Gape Boy Color Super Amyl 30ml"},"content":{"rendered":"<h2 class=\"wp-block-heading\">Twisted Beast Gape Boy Color Super Amyl 30ml poppers - kraftfulde, eventyrlystne og f\u00f8rsteklasses<\/h2>\n\n\n\n<p>Twisted Beast Gape Boy Color Super Amyl 30ml poppers er specielt designet til brugere, der \u00f8nsker en kraftig duftoplevelse. Med en f\u00f8rsteklasses amylnitritformel og en gener\u00f8s kapacitet p\u00e5 30 ml giver dette produkt en intens duftoplevelse.<\/p>\n\n\n\n<h3 class=\"wp-block-heading\">N\u00f8glefunktioner i Twisted Beast Gape Boy Color Super Amyl 30ml<\/h3>\n\n\n\n<ul class=\"wp-block-list\">\n<li><strong>Kraftfuld formel<\/strong>: Fremstillet med amylnitrit for hurtig og intens duftspredning.<\/li>\n\n\n\n<li><strong>Gener\u00f8st indhold<\/strong>: 30 ml-formatet giver langvarig brug og maksimal effekt.<\/li>\n\n\n\n<li><strong>B\u00e6redygtig emballage<\/strong>: Aluminiumsflaske, der bevarer aromaens friskhed og styrke.<\/li>\n<\/ul>\n\n\n\n<h3 class=\"wp-block-heading\">Hvorfor Twisted Beast er en favorit<\/h3>\n\n\n\n<p>Twisted Beast Gape Boy Color Super Amyl 30ml poppers kombinerer en kraftfuld formel med et robust og brugervenligt design. Produktet er elsket for sin p\u00e5lidelighed og intensitet og er et perfekt valg for dem, der \u00f8nsker en f\u00f8rsteklasses duftoplevelse.<\/p>\n\n\n\n<h3 class=\"wp-block-heading\">Hvordan bruger du Twisted Beast Gape Boy Color Super Amyl 30ml?<\/h3>\n\n\n\n<p>Brug kun Twisted Beast Gape Boy Color Super Amyl 30ml som duftspreder eller reng\u00f8ringsmiddel. Det er ikke egnet til menneskef\u00f8de og m\u00e5 ikke ind\u00e5ndes. Opbevar produktet p\u00e5 et k\u00f8ligt, t\u00f8rt sted, og luk flasken t\u00e6t efter brug.<\/p>\n\n\n\n<h3 class=\"wp-block-heading\">Advarsler<\/h3>\n\n\n\n<ul class=\"wp-block-list\">\n<li>Meget brandfarlig v\u00e6ske og damp (H225).<\/li>\n\n\n\n<li>For\u00e5rsager hud- og \u00f8jenirritation (H315\/H319).<\/li>\n\n\n\n<li>Giftig ved ind\u00e5nding (H331).<\/li>\n\n\n\n<li>Ikke et l\u00e6gemiddel. Brug p\u00e5 egen risiko.<\/li>\n<\/ul>\n\n\n\n<h3 class=\"wp-block-heading\">Brug<\/h3>\n\n\n\n<p>Kun beregnet som duftspreder eller reng\u00f8ringsmiddel.<br>Ikke egnet til menneskef\u00f8de og b\u00f8r ikke ind\u00e5ndes.<\/p>\n\n\n\n<h3 class=\"wp-block-heading\">Opbevaring<\/h3>\n\n\n\n<p>Opbevares p\u00e5 et k\u00f8ligt og t\u00f8rt sted. Opbevares utilg\u00e6ngeligt for b\u00f8rn.<\/p>\n\n\n\n<h3 class=\"wp-block-heading\">Oprindelsesland<\/h3>\n\n\n\n<p>Frankrig.<\/p>\n\n\n\n<p><\/p>","protected":false},"excerpt":{"rendered":"<p><strong><br \/>KOMPATIBELT TILBEH\u00d8R:<\/strong><\/p>\n<ul>\n<li><a href=\"https:\/\/stage.poppersparadise.eu\/da\/produktkategori\/tilbehor\/sniffer-lille\/\">Sniffers Small<\/a><\/li>\n<\/ul>","protected":false},"featured_media":16517,"comment_status":"open","ping_status":"closed","template":"","meta":[],"product_brand":[580],"product_cat":[35],"product_tag":[],"class_list":{"0":"post-16516","1":"product","2":"type-product","3":"status-publish","4":"has-post-thumbnail","6":"product_brand-twisted-beast","7":"product_cat-grote-flesjes-poppers","9":"first","10":"instock","11":"taxable","12":"shipping-taxable","13":"purchasable","14":"product-type-simple"},"_links":{"self":[{"href":"https:\/\/stage.poppersparadise.eu\/da\/wp-json\/wp\/v2\/product\/16516","targetHints":{"allow":["GET"]}}],"collection":[{"href":"https:\/\/stage.poppersparadise.eu\/da\/wp-json\/wp\/v2\/product"}],"about":[{"href":"https:\/\/stage.poppersparadise.eu\/da\/wp-json\/wp\/v2\/types\/product"}],"replies":[{"embeddable":true,"href":"https:\/\/stage.poppersparadise.eu\/da\/wp-json\/wp\/v2\/comments?post=16516"}],"wp:featuredmedia":[{"embeddable":true,"href":"https:\/\/stage.poppersparadise.eu\/da\/wp-json\/wp\/v2\/media\/16517"}],"wp:attachment":[{"href":"https:\/\/stage.poppersparadise.eu\/da\/wp-json\/wp\/v2\/media?parent=16516"}],"wp:term":[{"taxonomy":"product_brand","embeddable":true,"href":"https:\/\/stage.poppersparadise.eu\/da\/wp-json\/wp\/v2\/product_brand?post=16516"},{"taxonomy":"product_cat","embeddable":true,"href":"https:\/\/stage.poppersparadise.eu\/da\/wp-json\/wp\/v2\/product_cat?post=16516"},{"taxonomy":"product_tag","embeddable":true,"href":"https:\/\/stage.poppersparadise.eu\/da\/wp-json\/wp\/v2\/product_tag?post=16516"}],"curies":[{"name":"wp","href":"https:\/\/api.w.org\/{rel}","templated":true}]}}