{"id":16615,"date":"2025-05-01T20:17:18","date_gmt":"2025-05-01T18:17:18","guid":{"rendered":"https:\/\/stage.poppersparadise.eu\/product\/fist-it-anaal-ontspanner-pot-500-ml\/"},"modified":"2025-09-16T17:57:26","modified_gmt":"2025-09-16T15:57:26","slug":"fist-it-anal-relaxer-krukke-500-ml","status":"publish","type":"product","link":"https:\/\/stage.poppersparadise.eu\/da\/product\/fist-it-anal-relaxer-krukke-500-ml\/","title":{"rendered":"Fist-It Anal Relaxer - Pot 500 ml"},"content":{"rendered":"<p class=\"text-body font-regular leading-[24px] pt-[9px] pb-[2px]\" dir=\"ltr\">Fist-It anal relaxer er et vandbaseret sm\u00f8remiddel, der er specielt designet til behagelig og smidig brug. Den er kompatibel med latexkondomer og nem at bruge, s\u00e5 du kan nyde det uden bekymringer.<\/p>\n<h3 class=\"font-bold text-h4 leading-[30px] pt-[15px] pb-[2px] [&amp;_a]:underline-offset-[6px] [&amp;_.underline]:underline-offset-[6px]\" dir=\"ltr\">Specifikationer:<\/h3>\n<ul class=\"pt-[9px] pb-[2px] pl-[24px] list-inside list-disc pt-[5px]\">\n<li class=\"text-body font-regular leading-[24px] my-[5px] [&amp;&gt;ol]:!pt-0 [&amp;&gt;ol]:!pb-0 [&amp;&gt;ul]:!pt-0 [&amp;&gt;ul]:!pb-0\" value=\"1\"><b><strong class=\"font-bold\">Type sm\u00f8remiddel<\/strong><\/b>: Vandbaseret<\/li>\n<li class=\"text-body font-regular leading-[24px] my-[5px] [&amp;&gt;ol]:!pt-0 [&amp;&gt;ol]:!pb-0 [&amp;&gt;ul]:!pt-0 [&amp;&gt;ul]:!pb-0\" value=\"2\"><b><strong class=\"font-bold\">Kompatibilitet<\/strong><\/b>: Velegnet til latexkondomer<\/li>\n<li class=\"text-body font-regular leading-[24px] my-[5px] [&amp;&gt;ol]:!pt-0 [&amp;&gt;ol]:!pb-0 [&amp;&gt;ul]:!pt-0 [&amp;&gt;ul]:!pb-0\" value=\"3\"><b><strong class=\"font-bold\">Emballage<\/strong><\/b>: Gryde p\u00e5 500 ml<\/li>\n<li class=\"text-body font-regular leading-[24px] my-[5px] [&amp;&gt;ol]:!pt-0 [&amp;&gt;ol]:!pb-0 [&amp;&gt;ul]:!pt-0 [&amp;&gt;ul]:!pb-0\" value=\"4\"><b><strong class=\"font-bold\">Brug<\/strong><\/b>: P\u00e5f\u00f8r den \u00f8nskede m\u00e6ngde og gentag om n\u00f8dvendigt<\/li>\n<li class=\"text-body font-regular leading-[24px] my-[5px] [&amp;&gt;ol]:!pt-0 [&amp;&gt;ol]:!pb-0 [&amp;&gt;ul]:!pt-0 [&amp;&gt;ul]:!pb-0\" value=\"5\"><b><strong class=\"font-bold\">Opbevaring<\/strong><\/b>: Opbevares p\u00e5 et k\u00f8ligt og m\u00f8rkt sted, utilg\u00e6ngeligt for b\u00f8rn<\/li>\n<\/ul>\n<p class=\"text-body font-regular leading-[24px] pt-[9px] pb-[2px]\" dir=\"ltr\">V\u00e6lg en p\u00e5lidelig, sikker og behagelig oplevelse med Fist-It Anal Relaxer - Pot 500 ml.<\/p>\n\n\n<p><\/p>","protected":false},"excerpt":{"rendered":"<p>Fist Det er et vandbaseret sm\u00f8remiddel. Velegnet til brug med latexkondomer. P\u00e5f\u00f8r s\u00e5 meget gel, som du vil, p\u00e5 den \u00f8nskede kropsdel, og gentag s\u00e5 ofte, du vil. Opbevares utilg\u00e6ngeligt for sm\u00e5 b\u00f8rn. Opbevares et k\u00f8ligt og m\u00f8rkt sted.<\/p>","protected":false},"featured_media":16619,"comment_status":"open","ping_status":"closed","template":"","meta":[],"product_brand":[],"product_cat":[479,671],"product_tag":[],"class_list":{"0":"post-16615","1":"product","2":"type-product","3":"status-publish","4":"has-post-thumbnail","6":"product_cat-drogist","7":"product_cat-glijmiddelen","9":"first","10":"instock","11":"taxable","12":"shipping-taxable","13":"purchasable","14":"product-type-simple"},"_links":{"self":[{"href":"https:\/\/stage.poppersparadise.eu\/da\/wp-json\/wp\/v2\/product\/16615","targetHints":{"allow":["GET"]}}],"collection":[{"href":"https:\/\/stage.poppersparadise.eu\/da\/wp-json\/wp\/v2\/product"}],"about":[{"href":"https:\/\/stage.poppersparadise.eu\/da\/wp-json\/wp\/v2\/types\/product"}],"replies":[{"embeddable":true,"href":"https:\/\/stage.poppersparadise.eu\/da\/wp-json\/wp\/v2\/comments?post=16615"}],"wp:featuredmedia":[{"embeddable":true,"href":"https:\/\/stage.poppersparadise.eu\/da\/wp-json\/wp\/v2\/media\/16619"}],"wp:attachment":[{"href":"https:\/\/stage.poppersparadise.eu\/da\/wp-json\/wp\/v2\/media?parent=16615"}],"wp:term":[{"taxonomy":"product_brand","embeddable":true,"href":"https:\/\/stage.poppersparadise.eu\/da\/wp-json\/wp\/v2\/product_brand?post=16615"},{"taxonomy":"product_cat","embeddable":true,"href":"https:\/\/stage.poppersparadise.eu\/da\/wp-json\/wp\/v2\/product_cat?post=16615"},{"taxonomy":"product_tag","embeddable":true,"href":"https:\/\/stage.poppersparadise.eu\/da\/wp-json\/wp\/v2\/product_tag?post=16615"}],"curies":[{"name":"wp","href":"https:\/\/api.w.org\/{rel}","templated":true}]}}