{"id":16867,"date":"2025-05-08T18:22:56","date_gmt":"2025-05-08T16:22:56","guid":{"rendered":"https:\/\/stage.poppersparadise.eu\/?post_type=product&#038;p=16867"},"modified":"2025-08-04T18:11:13","modified_gmt":"2025-08-04T16:11:13","slug":"smorepulver-2","status":"publish","type":"product","link":"https:\/\/stage.poppersparadise.eu\/da\/product\/smorepulver-2\/","title":{"rendered":"Powder Lube - 230 g Vandbaseret sm\u00f8remiddel"},"content":{"rendered":"<h2 class=\"font-bold text-h3 leading-[40px] pt-[21px] pb-[2px] [&amp;_a]:underline-offset-[6px] [&amp;_.underline]:underline-offset-[6px]\" dir=\"ltr\">For\u00f8g de intime \u00f8jeblikke med g\u00f8r-det-selv-pulver-til-glidemiddel<\/h2>\n<p class=\"text-body font-regular leading-[24px] pt-[9px] pb-[2px]\" dir=\"ltr\">Forvandl din ber\u00f8ring med vores brugertilpassede Powder Lube DIY-pulver-til-glidecreme-formel. Designet til dem, der kan lide et kreativt touch: Bland blot dette pulver med vand for at skabe en silkebl\u00f8d, skr\u00e6ddersyet glidecreme-tekstur. Helt smags- og lugtfri, s\u00e5 du kan fokusere p\u00e5 det, der virkelig betyder noget. Let og rejsevenlig, perfekt til eventyr p\u00e5 farten. Desuden er den nem at skylle af, s\u00e5 det er nemt at rydde op efter brug. Denne alsidige glidecreme er ideel til b\u00e5de soloudforskning og f\u00e6lles nydelse og passer til enhver intim lejlighed.<\/p>\n<h3 class=\"font-bold text-h4 leading-[30px] pt-[15px] pb-[2px] [&amp;_a]:underline-offset-[6px] [&amp;_.underline]:underline-offset-[6px]\" dir=\"ltr\">Produktspecifikationer:<\/h3>\n<ul class=\"pt-[9px] pb-[2px] pl-[24px] list-inside list-disc pt-[5px]\">\n<li class=\"text-body font-regular leading-[24px] my-[5px] [&amp;&gt;ol]:!pt-0 [&amp;&gt;ol]:!pb-0 [&amp;&gt;ul]:!pt-0 [&amp;&gt;ul]:!pb-0\" value=\"1\">DIY-pulverformel til en sm\u00f8remiddeltekstur, der kan tilpasses.<\/li>\n<li class=\"text-body font-regular leading-[24px] my-[5px] [&amp;&gt;ol]:!pt-0 [&amp;&gt;ol]:!pb-0 [&amp;&gt;ul]:!pt-0 [&amp;&gt;ul]:!pb-0\" value=\"2\">Helt smags- og lugtfri for en uforstyrret oplevelse<\/li>\n<li class=\"text-body font-regular leading-[24px] my-[5px] [&amp;&gt;ol]:!pt-0 [&amp;&gt;ol]:!pb-0 [&amp;&gt;ul]:!pt-0 [&amp;&gt;ul]:!pb-0\" value=\"3\">Kompakt og rejsevenlig, nem at blande, hvor og hvorn\u00e5r du vil<\/li>\n<li class=\"text-body font-regular leading-[24px] my-[5px] [&amp;&gt;ol]:!pt-0 [&amp;&gt;ol]:!pb-0 [&amp;&gt;ul]:!pt-0 [&amp;&gt;ul]:!pb-0\" value=\"4\">Let at skylle, for ubesv\u00e6ret reng\u00f8ring efter brug<\/li>\n<li class=\"text-body font-regular leading-[24px] my-[5px] [&amp;&gt;ol]:!pt-0 [&amp;&gt;ol]:!pb-0 [&amp;&gt;ul]:!pt-0 [&amp;&gt;ul]:!pb-0\" value=\"5\">Velegnet til b\u00e5de solo- og partnerleg, hvilket giver ekstra komfort og alsidighed<\/li>\n<li value=\"5\">Ingredienser: NATRIUMPOLYAKRYLAT<\/li>\n<\/ul>\n\n\n<p><\/p>","protected":false},"excerpt":{"rendered":"<p>Fist Det g\u00f8r dine fisting- eller fist-fucking-sessioner nemmere, bedre og mere intense. Vores kollektion tilbyder forskellige glidecremer, herunder analafslappende, ekstra tykke, naturlige og bed\u00f8vende. Hvert sm\u00f8remiddel er designet til at forbedre din oplevelse og \u00f8ge din nydelse.<\/p>","protected":false},"featured_media":16868,"comment_status":"open","ping_status":"closed","template":"","meta":[],"product_brand":[],"product_cat":[479,671],"product_tag":[],"class_list":{"0":"post-16867","1":"product","2":"type-product","3":"status-publish","4":"has-post-thumbnail","6":"product_cat-drogist","7":"product_cat-glijmiddelen","9":"first","10":"instock","11":"taxable","12":"shipping-taxable","13":"purchasable","14":"product-type-simple"},"_links":{"self":[{"href":"https:\/\/stage.poppersparadise.eu\/da\/wp-json\/wp\/v2\/product\/16867","targetHints":{"allow":["GET"]}}],"collection":[{"href":"https:\/\/stage.poppersparadise.eu\/da\/wp-json\/wp\/v2\/product"}],"about":[{"href":"https:\/\/stage.poppersparadise.eu\/da\/wp-json\/wp\/v2\/types\/product"}],"replies":[{"embeddable":true,"href":"https:\/\/stage.poppersparadise.eu\/da\/wp-json\/wp\/v2\/comments?post=16867"}],"wp:featuredmedia":[{"embeddable":true,"href":"https:\/\/stage.poppersparadise.eu\/da\/wp-json\/wp\/v2\/media\/16868"}],"wp:attachment":[{"href":"https:\/\/stage.poppersparadise.eu\/da\/wp-json\/wp\/v2\/media?parent=16867"}],"wp:term":[{"taxonomy":"product_brand","embeddable":true,"href":"https:\/\/stage.poppersparadise.eu\/da\/wp-json\/wp\/v2\/product_brand?post=16867"},{"taxonomy":"product_cat","embeddable":true,"href":"https:\/\/stage.poppersparadise.eu\/da\/wp-json\/wp\/v2\/product_cat?post=16867"},{"taxonomy":"product_tag","embeddable":true,"href":"https:\/\/stage.poppersparadise.eu\/da\/wp-json\/wp\/v2\/product_tag?post=16867"}],"curies":[{"name":"wp","href":"https:\/\/api.w.org\/{rel}","templated":true}]}}