{"id":16872,"date":"2025-05-08T18:35:27","date_gmt":"2025-05-08T16:35:27","guid":{"rendered":"https:\/\/stage.poppersparadise.eu\/?post_type=product&#038;p=16872"},"modified":"2025-10-05T15:42:24","modified_gmt":"2025-10-05T13:42:24","slug":"kom-i-anal-glidecreme","status":"publish","type":"product","link":"https:\/\/stage.poppersparadise.eu\/da\/product\/kom-i-anal-glidecreme\/","title":{"rendered":"Get In - Anal Lube - 5 fl oz \/ 150 ml"},"content":{"rendered":"<h2 class=\"font-bold text-h3 leading-[40px] pt-[21px] pb-[2px] [&amp;_a]:underline-offset-[6px] [&amp;_.underline]:underline-offset-[6px]\" dir=\"ltr\">Designet til en behagelig og forn\u00f8jelig oplevelse,<\/h2>\n<p class=\"text-body font-regular leading-[24px] pt-[9px] pb-[2px]\" dir=\"ltr\">Get In Anal Lube er en vandbaseret formel af h\u00f8j kvalitet, der er specielt udviklet til anal brug. Pr\u00e6cisionsspidsen g\u00f8r p\u00e5f\u00f8ringen nem og pr\u00e6cis, mens den klembare flaske sikrer kontrolleret dosering hver gang. Kombiner den med Clean In leget\u00f8jsrens for nem og effektiv reng\u00f8ring efter brug.<\/p>\n<h3 class=\"font-bold text-h4 leading-[30px] pt-[15px] pb-[2px] [&amp;_a]:underline-offset-[6px] [&amp;_.underline]:underline-offset-[6px]\" dir=\"ltr\">Vigtige funktioner<\/h3>\n<ul class=\"pt-[9px] pb-[2px] pl-[24px] list-inside list-disc pt-[5px]\">\n<li class=\"text-body font-regular leading-[24px] my-[5px] [&amp;&gt;ol]:!pt-0 [&amp;&gt;ol]:!pb-0 [&amp;&gt;ul]:!pt-0 [&amp;&gt;ul]:!pb-0\" value=\"1\"><b><strong class=\"font-bold\">Vandbaseret formel<\/strong><\/b> til glat og sk\u00e5nsom sm\u00f8ring<\/li>\n<li class=\"text-body font-regular leading-[24px] my-[5px] [&amp;&gt;ol]:!pt-0 [&amp;&gt;ol]:!pb-0 [&amp;&gt;ul]:!pt-0 [&amp;&gt;ul]:!pb-0\" value=\"2\">Kompatibel med <b><strong class=\"font-bold\">Reng\u00f8r i leget\u00f8jsrenser<\/strong><\/b> til enkel hygiejne<\/li>\n<li class=\"text-body font-regular leading-[24px] my-[5px] [&amp;&gt;ol]:!pt-0 [&amp;&gt;ol]:!pb-0 [&amp;&gt;ul]:!pt-0 [&amp;&gt;ul]:!pb-0\" value=\"3\">Designet med en <b><strong class=\"font-bold\">brugervenlig pr\u00e6cisionsspids<\/strong><\/b> til pr\u00e6cis anvendelse<\/li>\n<li class=\"text-body font-regular leading-[24px] my-[5px] [&amp;&gt;ol]:!pt-0 [&amp;&gt;ol]:!pb-0 [&amp;&gt;ul]:!pt-0 [&amp;&gt;ul]:!pb-0\" value=\"4\"><b><strong class=\"font-bold\">Flaske, der kan klemmes sammen<\/strong><\/b> for kontrol og bekvemmelighed<\/li>\n<li class=\"text-body font-regular leading-[24px] my-[5px] [&amp;&gt;ol]:!pt-0 [&amp;&gt;ol]:!pb-0 [&amp;&gt;ul]:!pt-0 [&amp;&gt;ul]:!pb-0\" value=\"5\">Fremstillet med <b><strong class=\"font-bold\">Ingredienser af h\u00f8j kvalitet<\/strong><\/b> for sikkerhed og komfort<\/li>\n<li class=\"text-body font-regular leading-[24px] my-[5px] [&amp;&gt;ol]:!pt-0 [&amp;&gt;ol]:!pb-0 [&amp;&gt;ul]:!pt-0 [&amp;&gt;ul]:!pb-0\" value=\"6\"><b><strong class=\"font-bold\">Indhold<\/strong><\/b>: 150 ml (5 fl oz)<\/li>\n<\/ul>\n<h3 class=\"font-bold text-h4 leading-[30px] pt-[15px] pb-[2px] [&amp;_a]:underline-offset-[6px] [&amp;_.underline]:underline-offset-[6px]\" dir=\"ltr\">Ingredienser<\/h3>\n<p class=\"text-body font-regular leading-[24px] pt-[9px] pb-[2px]\" dir=\"ltr\">VAND, GLYCERIN, HYDROXYETHYLCELLULOSE, CITRONSYRE, NATRIUMBENZOAT, KALIUMSORBAT, PENTYLENGLYCOL, SORBITOL, NATRIUMLACTAT, URINSTOF, M\u00c6LKESYRE, SERIN, NATRIUMHYDROXID, NATRIUMCHLORID, ALLANTOIN<\/p>\n\n\n<p><\/p>","protected":false},"excerpt":{"rendered":"<p>Fist Det g\u00f8r dine fisting- eller fist-fucking-sessioner nemmere, bedre og mere intense. Vores kollektion tilbyder forskellige glidecremer, herunder analafslappende, ekstra tykke, naturlige og bed\u00f8vende. Hvert sm\u00f8remiddel er designet til at forbedre din oplevelse og \u00f8ge din nydelse.<\/p>","protected":false},"featured_media":16873,"comment_status":"open","ping_status":"closed","template":"","meta":[],"product_brand":[],"product_cat":[479,671],"product_tag":[],"class_list":{"0":"post-16872","1":"product","2":"type-product","3":"status-publish","4":"has-post-thumbnail","6":"product_cat-drogist","7":"product_cat-glijmiddelen","9":"first","10":"instock","11":"taxable","12":"shipping-taxable","13":"purchasable","14":"product-type-simple"},"_links":{"self":[{"href":"https:\/\/stage.poppersparadise.eu\/da\/wp-json\/wp\/v2\/product\/16872","targetHints":{"allow":["GET"]}}],"collection":[{"href":"https:\/\/stage.poppersparadise.eu\/da\/wp-json\/wp\/v2\/product"}],"about":[{"href":"https:\/\/stage.poppersparadise.eu\/da\/wp-json\/wp\/v2\/types\/product"}],"replies":[{"embeddable":true,"href":"https:\/\/stage.poppersparadise.eu\/da\/wp-json\/wp\/v2\/comments?post=16872"}],"wp:featuredmedia":[{"embeddable":true,"href":"https:\/\/stage.poppersparadise.eu\/da\/wp-json\/wp\/v2\/media\/16873"}],"wp:attachment":[{"href":"https:\/\/stage.poppersparadise.eu\/da\/wp-json\/wp\/v2\/media?parent=16872"}],"wp:term":[{"taxonomy":"product_brand","embeddable":true,"href":"https:\/\/stage.poppersparadise.eu\/da\/wp-json\/wp\/v2\/product_brand?post=16872"},{"taxonomy":"product_cat","embeddable":true,"href":"https:\/\/stage.poppersparadise.eu\/da\/wp-json\/wp\/v2\/product_cat?post=16872"},{"taxonomy":"product_tag","embeddable":true,"href":"https:\/\/stage.poppersparadise.eu\/da\/wp-json\/wp\/v2\/product_tag?post=16872"}],"curies":[{"name":"wp","href":"https:\/\/api.w.org\/{rel}","templated":true}]}}