{"id":17035,"date":"2025-05-15T09:40:53","date_gmt":"2025-05-15T07:40:53","guid":{"rendered":"https:\/\/stage.poppersparadise.eu\/?post_type=product&#038;p=17035"},"modified":"2025-09-21T14:27:45","modified_gmt":"2025-09-21T12:27:45","slug":"everest-hard-15ml-poppers","status":"publish","type":"product","link":"https:\/\/stage.poppersparadise.eu\/da\/product\/everest-hard-15ml-poppers\/","title":{"rendered":"Everest Hard 15ml"},"content":{"rendered":"<h2 class=\"wp-block-heading\">Everest Hard 15ml poppers - kraftfulde, intense og f\u00f8rsteklasses<\/h2>\n\n\n\n<p>Everest Hard 15ml poppers er specielt designet til brugere, der \u00f8nsker en kraftig og intens duftoplevelse. Med en f\u00f8rsteklasses amylnitritbaseret formel tilbyder dette produkt en unik kombination af forfriskende og afslappende egenskaber. Perfekt til at skabe en energisk og euforisk atmosf\u00e6re, uanset om man slapper af derhjemme eller fejrer en s\u00e6rlig lejlighed.<\/p>\n\n\n\n<h3 class=\"wp-block-heading\">N\u00f8glefunktioner i Everest Hard 15ml<\/h3>\n\n\n\n<ul class=\"wp-block-list\">\n<li><strong>Ekstra st\u00e6rk formel<\/strong>: Specielt udviklet til mere intens duftspredning.<\/li>\n\n\n\n<li><strong>Komposition af h\u00f8j kvalitet<\/strong>: Indeholder amylnitrit for maksimal styrke og langvarig friskhed.<\/li>\n\n\n\n<li><strong>Energisk atmosf\u00e6re<\/strong>: Ideel til at skabe en forfriskende og euforisk stemning.<\/li>\n\n\n\n<li><strong>F\u00f8rsteklasses kvalitet<\/strong>: Everest Aromas er kendt for sine p\u00e5lidelige produkter af h\u00f8j kvalitet.<\/li>\n\n\n\n<li><strong>Kompakt st\u00f8rrelse<\/strong>: Praktisk flaske p\u00e5 15 ml, perfekt til praktisk brug.<\/li>\n<\/ul>\n\n\n\n<h3 class=\"wp-block-heading\">Hvorfor Everest Poppers er en favorit<\/h3>\n\n\n\n<p>Everest er et f\u00f8rende m\u00e6rke inden for poppers, der er elsket for sine potente formuleringer, ensartede kvalitet og innovative emballage. De luftt\u00e6tte flasker sikrer, at indholdet forbliver friskt og effektivt, hvilket giver brugerne en f\u00f8rsteklasses oplevelse gang p\u00e5 gang.<\/p>\n\n\n\n<h3 class=\"wp-block-heading\">Hvordan bruger du Everest Hard 15ml?<\/h3>\n\n\n\n<p>Brug kun Everest Hard 15ml som duftspreder eller reng\u00f8ringsmiddel. Det er ikke egnet til menneskef\u00f8de og m\u00e5 ikke ind\u00e5ndes. Opbevar produktet p\u00e5 et k\u00f8ligt, t\u00f8rt sted, og luk flasken t\u00e6t efter brug.<\/p>\n\n\n\n<h3 class=\"wp-block-heading\">Advarsler<\/h3>\n\n\n\n<ul class=\"wp-block-list\">\n<li>Meget brandfarlig v\u00e6ske og damp (H225).<\/li>\n\n\n\n<li>For\u00e5rsager hud- og \u00f8jenirritation (H315\/H319).<\/li>\n\n\n\n<li>Giftig ved ind\u00e5nding (H331).<\/li>\n\n\n\n<li>Ikke et l\u00e6gemiddel. Brug p\u00e5 egen risiko.<\/li>\n<\/ul>\n\n\n\n<h3 class=\"wp-block-heading\">Brug<\/h3>\n\n\n\n<p>Kun beregnet som duftspreder eller reng\u00f8ringsmiddel.<br>Ikke egnet til menneskef\u00f8de og b\u00f8r ikke ind\u00e5ndes.<\/p>\n\n\n\n<h3 class=\"wp-block-heading\">Opbevaring<\/h3>\n\n\n\n<p>Opbevares p\u00e5 et k\u00f8ligt og t\u00f8rt sted. Opbevares utilg\u00e6ngeligt for b\u00f8rn.<\/p>\n\n\n\n<h3 class=\"wp-block-heading\">Oprindelsesland<\/h3>\n\n\n\n<p>Frankrig.<\/p>\n\n\n\n<p><\/p>","protected":false},"excerpt":{"rendered":"<p><strong><br \/>KOMPATIBELT TILBEH\u00d8R:<\/strong><\/p>\n<ul>\n<li><a href=\"https:\/\/stage.poppersparadise.eu\/da\/produktkategori\/tilbehor\/sniffer-xs\/\">Sniffers XS<\/a><\/li>\n<\/ul>","protected":false},"featured_media":17038,"comment_status":"open","ping_status":"closed","template":"","meta":[],"product_brand":[585],"product_cat":[34],"product_tag":[],"class_list":{"0":"post-17035","1":"product","2":"type-product","3":"status-publish","4":"has-post-thumbnail","6":"product_brand-everest","7":"product_cat-kleine-flesjes-poppers","9":"first","10":"instock","11":"taxable","12":"shipping-taxable","13":"purchasable","14":"product-type-simple"},"_links":{"self":[{"href":"https:\/\/stage.poppersparadise.eu\/da\/wp-json\/wp\/v2\/product\/17035","targetHints":{"allow":["GET"]}}],"collection":[{"href":"https:\/\/stage.poppersparadise.eu\/da\/wp-json\/wp\/v2\/product"}],"about":[{"href":"https:\/\/stage.poppersparadise.eu\/da\/wp-json\/wp\/v2\/types\/product"}],"replies":[{"embeddable":true,"href":"https:\/\/stage.poppersparadise.eu\/da\/wp-json\/wp\/v2\/comments?post=17035"}],"wp:featuredmedia":[{"embeddable":true,"href":"https:\/\/stage.poppersparadise.eu\/da\/wp-json\/wp\/v2\/media\/17038"}],"wp:attachment":[{"href":"https:\/\/stage.poppersparadise.eu\/da\/wp-json\/wp\/v2\/media?parent=17035"}],"wp:term":[{"taxonomy":"product_brand","embeddable":true,"href":"https:\/\/stage.poppersparadise.eu\/da\/wp-json\/wp\/v2\/product_brand?post=17035"},{"taxonomy":"product_cat","embeddable":true,"href":"https:\/\/stage.poppersparadise.eu\/da\/wp-json\/wp\/v2\/product_cat?post=17035"},{"taxonomy":"product_tag","embeddable":true,"href":"https:\/\/stage.poppersparadise.eu\/da\/wp-json\/wp\/v2\/product_tag?post=17035"}],"curies":[{"name":"wp","href":"https:\/\/api.w.org\/{rel}","templated":true}]}}