{"id":17051,"date":"2025-05-15T17:19:27","date_gmt":"2025-05-15T15:19:27","guid":{"rendered":"https:\/\/stage.poppersparadise.eu\/?post_type=product&#038;p=17051"},"modified":"2025-09-30T09:29:09","modified_gmt":"2025-09-30T07:29:09","slug":"everest-climax-30ml-poppers","status":"publish","type":"product","link":"https:\/\/stage.poppersparadise.eu\/da\/product\/everest-climax-30ml-poppers\/","title":{"rendered":"Everest Climax 30ml"},"content":{"rendered":"<h2 class=\"wp-block-heading\">Everest Climax 30ml poppers - kraftfulde, intense og langtidsholdbare<\/h2>\n\n\n\n<p>Everest Climax 30ml poppers er designet til dem, der \u00f8nsker en kraftig duftoplevelse i en gener\u00f8s st\u00f8rrelse. Med en innovativ formel af Everest Aromas og en butanolbaseret formulering giver dette produkt en intens og langvarig duftoplevelse. Den store 30 ml glasflaske er perfekt til langvarig brug og sikrer, at du kan nyde den gang p\u00e5 gang.<\/p>\n\n\n\n<h3 class=\"wp-block-heading\">N\u00f8glefunktioner i Everest Climax 30ml<\/h3>\n\n\n\n<ul class=\"wp-block-list\">\n<li><strong>Kraftfuld formel<\/strong>: Butanolbaseret sammens\u00e6tning med nitritter af h\u00f8j kvalitet.<\/li>\n\n\n\n<li><strong>Gener\u00f8s st\u00f8rrelse<\/strong>: Stor 30 ml glasflaske, ideel til langvarig brug.<\/li>\n\n\n\n<li><strong>Luftt\u00e6t emballage<\/strong>: Designet til at holde indholdet friskt og effektivt.<\/li>\n\n\n\n<li><strong>H\u00f8j kvalitet<\/strong>: Everest Aromas er kendt for sine p\u00e5lidelige og f\u00f8rsteklasses produkter.<\/li>\n\n\n\n<li><strong>Alsidig brug<\/strong>: Perfekt til sociale lejligheder eller personlig afslapning.<\/li>\n<\/ul>\n\n\n\n<h3 class=\"wp-block-heading\">Hvorfor Everest Poppers er en favorit<\/h3>\n\n\n\n<p>Everest er et f\u00f8rende m\u00e6rke inden for poppers, der er elsket for sine kraftfulde formler, ensartede kvalitet og smarte emballagedesign. De luftt\u00e6tte flasker sikrer, at indholdet forbliver friskt og effektivt, hvilket giver brugerne en f\u00f8rsteklasses oplevelse gang p\u00e5 gang.<\/p>\n\n\n\n<h3 class=\"wp-block-heading\">Hvordan bruger du Everest Climax 30ml?<\/h3>\n\n\n\n<p>Brug kun Everest Climax 30ml som duftspredningsmiddel eller reng\u00f8ringsmiddel. Det er ikke egnet til menneskef\u00f8de og m\u00e5 ikke ind\u00e5ndes. Opbevar produktet p\u00e5 et k\u00f8ligt, t\u00f8rt sted, og luk flasken t\u00e6t efter brug.<\/p>\n\n\n\n<h3 class=\"wp-block-heading\">Advarsler<\/h3>\n\n\n\n<p>Meget brandfarlig v\u00e6ske og damp (H225).<br>For\u00e5rsager hud- og \u00f8jenirritation (H315\/H319).<br>Giftig ved ind\u00e5nding (H331).<br>Ikke et l\u00e6gemiddel. Brug p\u00e5 egen risiko.<\/p>\n\n\n\n<h3 class=\"wp-block-heading\">Brug<\/h3>\n\n\n\n<p>Kun beregnet som duftspreder eller reng\u00f8ringsmiddel.<br>Ikke egnet til menneskef\u00f8de og b\u00f8r ikke ind\u00e5ndes.<\/p>\n\n\n\n<h3 class=\"wp-block-heading\">Opbevaring<\/h3>\n\n\n\n<p>Opbevares p\u00e5 et k\u00f8ligt og t\u00f8rt sted. Opbevares utilg\u00e6ngeligt for b\u00f8rn.<\/p>\n\n\n\n<h3 class=\"wp-block-heading\">Oprindelsesland<\/h3>\n\n\n\n<p>Frankrig.<\/p>","protected":false},"excerpt":{"rendered":"<p><strong><br \/>KOMPATIBELT TILBEH\u00d8R:<\/strong><\/p>\n<ul>\n<li><a href=\"https:\/\/stage.poppersparadise.eu\/da\/produktkategori\/tilbehor\/sniffer-lille\/\">Sniffers Small<\/a><\/li>\n<li><a href=\"https:\/\/stage.poppersparadise.eu\/da\/product\/xtrm-poppers-houder-zwart-small\/\">XTRM Poppers Holder Lille<\/a><\/li>\n<li><a href=\"https:\/\/stage.poppersparadise.eu\/da\/product\/xtrm-poppers-keeper-small-10ml-2\/\">XTRM Poppers Keeper Small<\/a><\/li>\n<\/ul>","protected":false},"featured_media":17054,"comment_status":"open","ping_status":"closed","template":"","meta":[],"product_brand":[585],"product_cat":[35],"product_tag":[],"class_list":{"0":"post-17051","1":"product","2":"type-product","3":"status-publish","4":"has-post-thumbnail","6":"product_brand-everest","7":"product_cat-grote-flesjes-poppers","9":"first","10":"instock","11":"taxable","12":"shipping-taxable","13":"purchasable","14":"product-type-simple"},"_links":{"self":[{"href":"https:\/\/stage.poppersparadise.eu\/da\/wp-json\/wp\/v2\/product\/17051","targetHints":{"allow":["GET"]}}],"collection":[{"href":"https:\/\/stage.poppersparadise.eu\/da\/wp-json\/wp\/v2\/product"}],"about":[{"href":"https:\/\/stage.poppersparadise.eu\/da\/wp-json\/wp\/v2\/types\/product"}],"replies":[{"embeddable":true,"href":"https:\/\/stage.poppersparadise.eu\/da\/wp-json\/wp\/v2\/comments?post=17051"}],"wp:featuredmedia":[{"embeddable":true,"href":"https:\/\/stage.poppersparadise.eu\/da\/wp-json\/wp\/v2\/media\/17054"}],"wp:attachment":[{"href":"https:\/\/stage.poppersparadise.eu\/da\/wp-json\/wp\/v2\/media?parent=17051"}],"wp:term":[{"taxonomy":"product_brand","embeddable":true,"href":"https:\/\/stage.poppersparadise.eu\/da\/wp-json\/wp\/v2\/product_brand?post=17051"},{"taxonomy":"product_cat","embeddable":true,"href":"https:\/\/stage.poppersparadise.eu\/da\/wp-json\/wp\/v2\/product_cat?post=17051"},{"taxonomy":"product_tag","embeddable":true,"href":"https:\/\/stage.poppersparadise.eu\/da\/wp-json\/wp\/v2\/product_tag?post=17051"}],"curies":[{"name":"wp","href":"https:\/\/api.w.org\/{rel}","templated":true}]}}