{"id":17239,"date":"2025-05-20T15:46:57","date_gmt":"2025-05-20T13:46:57","guid":{"rendered":"https:\/\/stage.poppersparadise.eu\/?post_type=product&#038;p=17239"},"modified":"2025-09-23T00:39:13","modified_gmt":"2025-09-22T22:39:13","slug":"xtrm-kinky-snffr-laekagesikker-dobbelt-medium-2","status":"publish","type":"product","link":"https:\/\/stage.poppersparadise.eu\/da\/product\/xtrm-kinky-snffr-laekagesikker-dobbelt-medium-2\/","title":{"rendered":"XTRM Kinky SNFFR Leak Proof Double - Medium - S\u00e6t"},"content":{"rendered":"<h2 class=\"font-bold text-h3 leading-[36px] pt-[21px] pb-[2px] [&amp;_a]:underline-offset-[6px] [&amp;_.underline]:underline-offset-[6px]\" dir=\"ltr\">XTRM Kinky SNFFR Leak Proof Double - Medium - Den ultimative nydelse for den seri\u00f8se bruger<\/h2>\n<p class=\"text-body font-regular leading-[24px] pt-[9px] pb-[2px]\" dir=\"ltr\">Oplev en hidtil uset oplevelse med den nye XTRM Kinky SNFFR Leak Proof Double - Medium. Dette revolutionerende design tager din nydelse til det n\u00e6ste niveau med sine avancerede funktioner.<\/p>\n<h3 class=\"font-bold text-h4 leading-[30px] pt-[15px] pb-[2px] [&amp;_a]:underline-offset-[6px] [&amp;_.underline]:underline-offset-[6px]\" dir=\"ltr\">Hvad g\u00f8r den til noget s\u00e6rligt?<\/h3>\n<ul class=\"pt-[9px] pb-[2px] pl-[24px] list-disc [&amp;_ul]:pt-[5px] pt-[5px]\">\n<li class=\"text-body font-regular leading-[24px] my-[5px] [&amp;&gt;ol]:!pt-0 [&amp;&gt;ol]:!pb-0 [&amp;&gt;ul]:!pt-0 [&amp;&gt;ul]:!pb-0\" value=\"1\"><b><strong class=\"font-bold\">Revolutionerende design<\/strong><\/b>: XTRM KINKY SNFFR er fremstillet i \u00e9t stykke uden l\u00f8se dele, der kan forskubbe sig. Den er designet til ultimativ brugervenlighed.<\/li>\n<li class=\"text-body font-regular leading-[24px] my-[5px] [&amp;&gt;ol]:!pt-0 [&amp;&gt;ol]:!pb-0 [&amp;&gt;ul]:!pt-0 [&amp;&gt;ul]:!pb-0\" value=\"2\"><b><strong class=\"font-bold\">L\u00e6kagesikker forsegling<\/strong><\/b>: Den integrerede t\u00e6tningsring sikrer, at intet falder ud, s\u00e5 du altid er sikret en sikker og bekvem oplevelse.<\/li>\n<li class=\"text-body font-regular leading-[24px] my-[5px] [&amp;&gt;ol]:!pt-0 [&amp;&gt;ol]:!pb-0 [&amp;&gt;ul]:!pt-0 [&amp;&gt;ul]:!pb-0\" value=\"3\"><b><strong class=\"font-bold\">Power Channel-teknologi<\/strong><\/b>: Nyd op til fem gange mere aroma end med den konventionelle XTRM l\u00e6kagesikre Turbo.<\/li>\n<li class=\"text-body font-regular leading-[24px] my-[5px] [&amp;&gt;ol]:!pt-0 [&amp;&gt;ol]:!pb-0 [&amp;&gt;ul]:!pt-0 [&amp;&gt;ul]:!pb-0\" value=\"4\"><b><strong class=\"font-bold\">Forsinket spark<\/strong><\/b>: Oplev en unik fornemmelse med et forsinket, kraftigt hit, som du sent vil glemme.<\/li>\n<li class=\"text-body font-regular leading-[24px] my-[5px] [&amp;&gt;ol]:!pt-0 [&amp;&gt;ol]:!pb-0 [&amp;&gt;ul]:!pt-0 [&amp;&gt;ul]:!pb-0\" value=\"5\"><b><strong class=\"font-bold\">Stilfuldt og praktisk design<\/strong><\/b>: F\u00e5s i sort og r\u00f8d med en kontrastfarvet trykknap og holder til sikker opbevaring og transport.<\/li>\n<li><strong>Emballagens indhold<\/strong>: XTRM Kinky SNFFR Leak Proof Double - Medium &amp; en matchende holder<\/li>\n<\/ul>\n<h3>\"S\u00e5 mange SNFFR'er - vi m\u00e5tte endelig f\u00e5 styr p\u00e5 vores hus\"<br \/>Fra nu af er der klare st\u00f8rrelser til alle flasker: Vores nye XTRM SNFFR-st\u00f8rrelsesskema viser dig pr\u00e6cis, hvad der passer - intet g\u00e6tv\u00e6rk, ingen fumlen.\"<br \/><br \/><\/h3>\n\n\n<figure class=\"wp-block-table\"><table class=\"has-fixed-layout\"><thead><tr><th>St\u00f8rrelse<\/th><th>Eksempel&nbsp;<\/th><th>Beskrivelse<\/th><\/tr><\/thead><tbody><tr><td><strong>XXS<\/strong><\/td><td><img decoding=\"async\" src=\"https:\/\/wholesale.xtrm.net\/TAP\/XXS.jpg\" alt=\"XXS Flaske\"><\/td><td>D\u00f8dningehoved 24 ml flasker<\/td><\/tr><tr><td><strong>XS<\/strong><\/td><td><img decoding=\"async\" src=\"https:\/\/wholesale.xtrm.net\/TAP\/XS.jpg\" alt=\"XS Flaske\"><\/td><td>Fransk, Double Scorpio (USA), Everest, OXY - slanke aluminiumsflasker (10-15 ml)<\/td><\/tr><tr><td><strong>S<\/strong><\/td><td><img decoding=\"async\" src=\"https:\/\/wholesale.xtrm.net\/TAP\/SMALL.jpg\" alt=\"S Flaske\"><\/td><td>Rush, Amsterdam, ovale XTRM-flasker, brede Lockerroom-flasker (ikke h\u00f8je), PWD 10 ml, Funline 10 ml<\/td><\/tr><tr><td><strong>M<\/strong><\/td><td><img decoding=\"async\" src=\"https:\/\/wholesale.xtrm.net\/TAP\/M.jpg\" alt=\"M Flaske\"><\/td><td>Nye Lockerroom-h\u00f8jflasker (30 ml) - tidligere \"Small\", nu Medium-st\u00f8rrelse<\/td><\/tr><tr><td><strong>L<\/strong><\/td><td><img decoding=\"async\" src=\"https:\/\/wholesale.xtrm.net\/TAP\/large.jpg\" alt=\"L Flaske\"><\/td><td>Firkantede retroflasker (24-25 ml), f.eks. Belgo, Funline, Lockerroom, nogle amerikanske flasker<\/td><\/tr><tr><td><strong>XL<\/strong><\/td><td><img decoding=\"async\" src=\"https:\/\/wholesale.xtrm.net\/TAP\/xl.jpg\" alt=\"XL-flaske\"><\/td><td>Nye OXY- og Lockerroom-aluminiumflasker (store, runde)<\/td><\/tr><tr><td><strong>2XL<\/strong><\/td><td><img decoding=\"async\" src=\"https:\/\/wholesale.xtrm.net\/TAP\/2xl.jpg\" alt=\"2XL-flaske\"><\/td><td>Ekstra brede 30 ml aluminiumsflasker med stor \u00e5bning<\/td><\/tr><tr><td><strong>3XL<\/strong><\/td><td><img decoding=\"async\" src=\"https:\/\/wholesale.xtrm.net\/TAP\/3xl.jpg\" alt=\"3XL Flaske\"><\/td><td>Isoamyl plastflasker, Everest 30 ml, glasflasker med bred munding<\/td><\/tr><tr><td><strong>4XL<\/strong><\/td><td><img decoding=\"async\" src=\"https:\/\/wholesale.xtrm.net\/TAP\/4xl.jpg\" alt=\"4XL Flaske\"><\/td><td>XTRM flasker 60-100 ml, som XTRM BEAST<\/td><\/tr><\/tbody><\/table><\/figure>","protected":false},"excerpt":{"rendered":"<p>\u00d8strigs helt nye Kinky SNFFR Leak Proof by XTRM er endelig tilg\u00e6ngelig og lover at tage din duftoplevelse til et nyt X-NIVEAU.<\/p>","protected":false},"featured_media":17240,"comment_status":"open","ping_status":"closed","template":"","meta":[],"product_brand":[752],"product_cat":[330,596],"product_tag":[528],"class_list":{"0":"post-17239","1":"product","2":"type-product","3":"status-publish","4":"has-post-thumbnail","6":"product_brand-xtrm","7":"product_cat-accessoires","8":"product_cat-sniffers-medium","9":"product_tag-largesnnfr","11":"first","12":"instock","13":"taxable","14":"shipping-taxable","15":"purchasable","16":"product-type-simple"},"_links":{"self":[{"href":"https:\/\/stage.poppersparadise.eu\/da\/wp-json\/wp\/v2\/product\/17239","targetHints":{"allow":["GET"]}}],"collection":[{"href":"https:\/\/stage.poppersparadise.eu\/da\/wp-json\/wp\/v2\/product"}],"about":[{"href":"https:\/\/stage.poppersparadise.eu\/da\/wp-json\/wp\/v2\/types\/product"}],"replies":[{"embeddable":true,"href":"https:\/\/stage.poppersparadise.eu\/da\/wp-json\/wp\/v2\/comments?post=17239"}],"wp:featuredmedia":[{"embeddable":true,"href":"https:\/\/stage.poppersparadise.eu\/da\/wp-json\/wp\/v2\/media\/17240"}],"wp:attachment":[{"href":"https:\/\/stage.poppersparadise.eu\/da\/wp-json\/wp\/v2\/media?parent=17239"}],"wp:term":[{"taxonomy":"product_brand","embeddable":true,"href":"https:\/\/stage.poppersparadise.eu\/da\/wp-json\/wp\/v2\/product_brand?post=17239"},{"taxonomy":"product_cat","embeddable":true,"href":"https:\/\/stage.poppersparadise.eu\/da\/wp-json\/wp\/v2\/product_cat?post=17239"},{"taxonomy":"product_tag","embeddable":true,"href":"https:\/\/stage.poppersparadise.eu\/da\/wp-json\/wp\/v2\/product_tag?post=17239"}],"curies":[{"name":"wp","href":"https:\/\/api.w.org\/{rel}","templated":true}]}}