{"id":17707,"date":"2025-05-28T23:17:07","date_gmt":"2025-05-28T21:17:07","guid":{"rendered":"https:\/\/stage.poppersparadise.eu\/?post_type=product&#038;p=17707"},"modified":"2025-08-09T11:59:20","modified_gmt":"2025-08-09T09:59:20","slug":"amsterdam-blonde-25ml-poppers-2","status":"publish","type":"product","link":"https:\/\/stage.poppersparadise.eu\/da\/product\/amsterdam-blonde-25ml-poppers-2\/","title":{"rendered":"Amsterdam Blond 25ml (JJ)"},"content":{"rendered":"<h2 class=\"wp-block-heading\">Lockerroom Amsterdam Blonde 25ml poppers - elegance og kraft i balance<\/h2>\n\n\n\n<p>Lockerroom Amsterdam Blonde 25 ml poppers kombinerer et sofistikeret look med en kraftig duftoplevelse. Inspireret af den livlige atmosf\u00e6re i Amsterdam giver dette produkt en unik duftoplevelse i en stilfuld og holdbar 25 ml-flaske. Perfekt til s\u00e6rlige \u00f8jeblikke, uanset om du er nybegynder eller erfaren bruger.<\/p>\n\n\n\n<h3 class=\"wp-block-heading\">N\u00f8glefunktioner i Amsterdam Blonde<\/h3>\n\n\n\n<ul class=\"wp-block-list\">\n<li><strong>Mild duft, kraftfuldt resultat<\/strong>: Subtil aroma med imponerende duftspredning.<\/li>\n\n\n\n<li><strong>Formel af h\u00f8j kvalitet<\/strong>: Indeholder en specielt optimeret isopentylnitrit-formel.<\/li>\n\n\n\n<li><strong>B\u00e6redygtigt design<\/strong>: Fyldt i en robust 25 ml flaske til langvarig brug.<\/li>\n\n\n\n<li><strong>Alsidig<\/strong>: Velegnet til b\u00e5de nye og erfarne brugere.<\/li>\n\n\n\n<li><strong>Fordel ved volumen<\/strong>: Spar mere p\u00e5 st\u00f8rre ordrer.<\/li>\n<\/ul>\n\n\n\n<h3 class=\"wp-block-heading\">Hvordan bruger du Amsterdam Blonde?<\/h3>\n\n\n\n<p>Brug kun Amsterdam Blonde som duftspreder eller reng\u00f8ringsmiddel. Det er ikke egnet til menneskef\u00f8de og m\u00e5 ikke ind\u00e5ndes. Opbevar produktet p\u00e5 et k\u00f8ligt, t\u00f8rt sted, og luk flasken t\u00e6t efter brug.<\/p>\n\n\n\n<h3 class=\"wp-block-heading\">Hvorfor Amsterdam Blonde er en favorit<\/h3>\n\n\n\n<p>Kombinationen af mild duft, kraftig virkning og stilfuld pr\u00e6sentation g\u00f8r Amsterdam Blonde til en favorit blandt duftspredere. Den giver en intens duftoplevelse, der er perfekt til enhver tid.<\/p>\n\n\n\n<h3 class=\"wp-block-heading\">Advarsler<\/h3>\n\n\n\n<p>Meget brandfarlig v\u00e6ske og damp (H225).<br>For\u00e5rsager hud- og \u00f8jenirritation (H315\/H319).<br>Giftig ved ind\u00e5nding (H331).<br>Ikke et l\u00e6gemiddel. Brug p\u00e5 egen risiko.<\/p>\n\n\n\n<h3 class=\"wp-block-heading\">Brug<\/h3>\n\n\n\n<p>Kun beregnet som duftspreder eller reng\u00f8ringsmiddel.<br>Ikke egnet til menneskef\u00f8de og b\u00f8r ikke ind\u00e5ndes.<\/p>\n\n\n\n<h3 class=\"wp-block-heading\">Opbevaring<\/h3>\n\n\n\n<p>Opbevares p\u00e5 et k\u00f8ligt og t\u00f8rt sted. Opbevares utilg\u00e6ngeligt for b\u00f8rn.<\/p>\n\n\n\n<h3 class=\"wp-block-heading\">Oprindelsesland<\/h3>\n\n\n\n<p>Frankrig.<\/p>\n\n\n\n<p><\/p>","protected":false},"excerpt":{"rendered":"<p><strong><br \/>KOMPATIBELT TILBEH\u00d8R:<\/strong><\/p>\n<ul>\n<li><a href=\"https:\/\/stage.poppersparadise.eu\/da\/produktkategori\/tilbehor\/sniffere-store\/\">Sniffers Large<\/a><\/li>\n<li><a href=\"https:\/\/stage.poppersparadise.eu\/da\/product\/xtrm-poppers-holder-stor\/\">XTRM Poppers Holder stor<\/a><\/li>\n<li><a href=\"https:\/\/stage.poppersparadise.eu\/da\/product\/xtrm-poppers-keeper-large-24ml-2\/\">XTRM Poppers Keeper Large<\/a><\/li>\n<\/ul>","protected":false},"featured_media":17709,"comment_status":"open","ping_status":"closed","template":"","meta":[],"product_brand":[772],"product_cat":[35],"product_tag":[],"class_list":{"0":"post-17707","1":"product","2":"type-product","3":"status-publish","4":"has-post-thumbnail","6":"product_brand-lockerroom-jj","7":"product_cat-grote-flesjes-poppers","9":"first","10":"instock","11":"taxable","12":"shipping-taxable","13":"purchasable","14":"product-type-simple"},"_links":{"self":[{"href":"https:\/\/stage.poppersparadise.eu\/da\/wp-json\/wp\/v2\/product\/17707","targetHints":{"allow":["GET"]}}],"collection":[{"href":"https:\/\/stage.poppersparadise.eu\/da\/wp-json\/wp\/v2\/product"}],"about":[{"href":"https:\/\/stage.poppersparadise.eu\/da\/wp-json\/wp\/v2\/types\/product"}],"replies":[{"embeddable":true,"href":"https:\/\/stage.poppersparadise.eu\/da\/wp-json\/wp\/v2\/comments?post=17707"}],"wp:featuredmedia":[{"embeddable":true,"href":"https:\/\/stage.poppersparadise.eu\/da\/wp-json\/wp\/v2\/media\/17709"}],"wp:attachment":[{"href":"https:\/\/stage.poppersparadise.eu\/da\/wp-json\/wp\/v2\/media?parent=17707"}],"wp:term":[{"taxonomy":"product_brand","embeddable":true,"href":"https:\/\/stage.poppersparadise.eu\/da\/wp-json\/wp\/v2\/product_brand?post=17707"},{"taxonomy":"product_cat","embeddable":true,"href":"https:\/\/stage.poppersparadise.eu\/da\/wp-json\/wp\/v2\/product_cat?post=17707"},{"taxonomy":"product_tag","embeddable":true,"href":"https:\/\/stage.poppersparadise.eu\/da\/wp-json\/wp\/v2\/product_tag?post=17707"}],"curies":[{"name":"wp","href":"https:\/\/api.w.org\/{rel}","templated":true}]}}