{"id":19011,"date":"2025-06-27T17:30:07","date_gmt":"2025-06-27T15:30:07","guid":{"rendered":"https:\/\/stage.poppersparadise.eu\/product\/emerald-excitement-squirting-dildo-m\/"},"modified":"2025-09-23T11:25:14","modified_gmt":"2025-09-23T09:25:14","slug":"smaragd-spaending-sprojtende-dildo-m","status":"publish","type":"product","link":"https:\/\/stage.poppersparadise.eu\/da\/product\/smaragd-spaending-sprojtende-dildo-m\/","title":{"rendered":"Emerald Excitement Squirting Dildo - M"},"content":{"rendered":"<h2 class=\"font-bold text-h3 leading-[36px] pt-[21px] pb-[2px] [&amp;_a]:underline-offset-[6px] [&amp;_.underline]:underline-offset-[6px]\" dir=\"ltr\">Oplev Emerald Excitement Squirting Dildo<\/h2>\n<p class=\"text-body font-regular leading-[24px] pt-[9px] pb-[2px]\" dir=\"ltr\">Forestil dig et v\u00e6sen fra en fremtidig dimension, der er gennemsyret af den levende energi fra en fjern, mystisk planet. Dens farve er gr\u00f8n, men ikke den almindelige gr\u00f8nne, du kender; den udstr\u00e5ler en fortryllende gl\u00f8d, der ligner en smaragd, der funkler i m\u00e5neskinnet. Dette mystiske v\u00e6sen, kendt som Emerald Excitement, er kommet til jorden med en unik mission: at v\u00e6kke og pirre sanserne hos fantasy-elskere overalt. Designet minder ikke kun om et v\u00e6sen fra en anden verden, men har ogs\u00e5 en enest\u00e5ende form, der stimulerer fantasien.<\/p>\n<p class=\"text-body font-regular leading-[24px] pt-[9px] pb-[2px]\" dir=\"ltr\">Emerald Excitement Dildo overskrider en verden af konventionelt sexleget\u00f8j - det er en fordybende oplevelse, der er designet til at f\u00f8re dig ind i en verden af fantasi og ekstase, hvor din nydelse er i centrum. Den er fremstillet med ekstrem omhu og opm\u00e6rksomhed p\u00e5 detaljer og er designet til at forbedre hvert eneste intime \u00f8jeblik, hvilket g\u00f8r den til en virkelig ekstraordin\u00e6r tilf\u00f8jelse til enhver samling.<\/p>\n<h3 class=\"font-bold text-h4 leading-[30px] pt-[15px] pb-[2px] [&amp;_a]:underline-offset-[6px] [&amp;_.underline]:underline-offset-[6px]\" dir=\"ltr\">Produktspecifikationer<\/h3>\n<ul class=\"pt-[9px] pb-[2px] pl-[24px] list-disc [&amp;_ul]:pt-[5px] pt-[5px]\">\n<li class=\"text-body font-regular leading-[24px] my-[5px] [&amp;&gt;ol]:!pt-0 [&amp;&gt;ol]:!pb-0 [&amp;&gt;ul]:!pt-0 [&amp;&gt;ul]:!pb-0\" value=\"1\"><b><strong class=\"font-bold\">Samlet l\u00e6ngde<\/strong><\/b>: 30,3 cm, giver tilstr\u00e6kkelig r\u00e6kkevidde til dybe og tilfredsstillende fornemmelser<\/li>\n<li class=\"text-body font-regular leading-[24px] my-[5px] [&amp;&gt;ol]:!pt-0 [&amp;&gt;ol]:!pb-0 [&amp;&gt;ul]:!pt-0 [&amp;&gt;ul]:!pb-0\" value=\"2\"><b><strong class=\"font-bold\">Inds\u00e6tningsl\u00e6ngde<\/strong><\/b>: 24,7 cm, designet til fuld tilfredsstillelse og udforskning<\/li>\n<li class=\"text-body font-regular leading-[24px] my-[5px] [&amp;&gt;ol]:!pt-0 [&amp;&gt;ol]:!pb-0 [&amp;&gt;ul]:!pt-0 [&amp;&gt;ul]:!pb-0\" value=\"3\"><b><strong class=\"font-bold\">\u00d8verste diameter<\/strong><\/b>: 4,8 cm, giver en subtil introduktion til dens uds\u00f8gte form<\/li>\n<li class=\"text-body font-regular leading-[24px] my-[5px] [&amp;&gt;ol]:!pt-0 [&amp;&gt;ol]:!pb-0 [&amp;&gt;ul]:!pt-0 [&amp;&gt;ul]:!pb-0\" value=\"4\"><b><strong class=\"font-bold\">Centerdiameter<\/strong><\/b>: 8,3 cm, for en mere fyldig, fordybende oplevelse<\/li>\n<li class=\"text-body font-regular leading-[24px] my-[5px] [&amp;&gt;ol]:!pt-0 [&amp;&gt;ol]:!pb-0 [&amp;&gt;ul]:!pt-0 [&amp;&gt;ul]:!pb-0\" value=\"5\"><b><strong class=\"font-bold\">Basisdiameter<\/strong><\/b>: 12,7 cm, sikrer stabilitet og brugervenlighed<\/li>\n<li class=\"text-body font-regular leading-[24px] my-[5px] [&amp;&gt;ol]:!pt-0 [&amp;&gt;ol]:!pb-0 [&amp;&gt;ul]:!pt-0 [&amp;&gt;ul]:!pb-0\" value=\"6\"><b><strong class=\"font-bold\">V\u00e6gt<\/strong><\/b>: 1589 gram, perfekt afbalanceret for et behageligt greb<\/li>\n<li class=\"text-body font-regular leading-[24px] my-[5px] [&amp;&gt;ol]:!pt-0 [&amp;&gt;ol]:!pb-0 [&amp;&gt;ul]:!pt-0 [&amp;&gt;ul]:!pb-0\" value=\"7\"><b><strong class=\"font-bold\">Farver<\/strong><\/b>: En unik blanding af gr\u00f8nne farver, der fascinerer og forundrer<\/li>\n<li class=\"text-body font-regular leading-[24px] my-[5px] [&amp;&gt;ol]:!pt-0 [&amp;&gt;ol]:!pb-0 [&amp;&gt;ul]:!pt-0 [&amp;&gt;ul]:!pb-0\" value=\"8\"><b><strong class=\"font-bold\">Materiale<\/strong><\/b>: F\u00f8rsteklasses platinsilikone, der giver sikkerhed, holdbarhed og en luksuri\u00f8s fornemmelse<\/li>\n<\/ul>\n<h3 class=\"font-bold text-h4 leading-[30px] pt-[15px] pb-[2px] [&amp;_a]:underline-offset-[6px] [&amp;_.underline]:underline-offset-[6px]\" dir=\"ltr\">Unikke egenskaber<\/h3>\n<ul class=\"pt-[9px] pb-[2px] pl-[24px] list-disc [&amp;_ul]:pt-[5px] pt-[5px]\">\n<li class=\"text-body font-regular leading-[24px] my-[5px] [&amp;&gt;ol]:!pt-0 [&amp;&gt;ol]:!pb-0 [&amp;&gt;ul]:!pt-0 [&amp;&gt;ul]:!pb-0\" value=\"1\"><b><strong class=\"font-bold\">Spr\u00f8jtefunktion: <\/strong><\/b>G\u00f8r dig klar sammen med din alien-partner<\/li>\n<li class=\"text-body font-regular leading-[24px] my-[5px] [&amp;&gt;ol]:!pt-0 [&amp;&gt;ol]:!pb-0 [&amp;&gt;ul]:!pt-0 [&amp;&gt;ul]:!pb-0\" value=\"1\"><b><strong class=\"font-bold\">F\u00f8rsteklasses kvalitet:<\/strong><\/b> Fremstillet af platinsilikone af h\u00f8jeste kvalitet, som giver en utrolig realistisk fornemmelse.<\/li>\n<li class=\"text-body font-regular leading-[24px] my-[5px] [&amp;&gt;ol]:!pt-0 [&amp;&gt;ol]:!pb-0 [&amp;&gt;ul]:!pt-0 [&amp;&gt;ul]:!pb-0\" value=\"2\"><b><strong class=\"font-bold\">Levende farver:<\/strong><\/b> Et betagende miks af gr\u00f8nne nuancer<\/li>\n<li class=\"text-body font-regular leading-[24px] my-[5px] [&amp;&gt;ol]:!pt-0 [&amp;&gt;ol]:!pb-0 [&amp;&gt;ul]:!pt-0 [&amp;&gt;ul]:!pb-0\" value=\"3\"><b><strong class=\"font-bold\">Alsidig brug:<\/strong><\/b> Perfekt til b\u00e5de anal og vaginal leg.<\/li>\n<\/ul>","protected":false},"excerpt":{"rendered":"<p>Forestil dig et v\u00e6sen fra en fremtidig dimension, der er gennemsyret af den livlige energi fra en fjern, mystisk planet. Farven er gr\u00f8n, men ikke den almindelige gr\u00f8nne, du kender; den udstr\u00e5ler en fortryllende gl\u00f8d, der minder om en smaragd, der funkler i m\u00e5neskinnet.<\/p>","protected":false},"featured_media":19010,"comment_status":"open","ping_status":"closed","template":"","meta":[],"product_brand":[767],"product_cat":[766,787],"product_tag":[],"class_list":{"0":"post-19011","1":"product","2":"type-product","3":"status-publish","4":"has-post-thumbnail","6":"product_brand-giant-space-intruders","7":"product_cat-dildos","8":"product_cat-monster-fantasy-dildos","10":"first","11":"instock","12":"sale","13":"taxable","14":"shipping-taxable","15":"purchasable","16":"product-type-simple"},"_links":{"self":[{"href":"https:\/\/stage.poppersparadise.eu\/da\/wp-json\/wp\/v2\/product\/19011","targetHints":{"allow":["GET"]}}],"collection":[{"href":"https:\/\/stage.poppersparadise.eu\/da\/wp-json\/wp\/v2\/product"}],"about":[{"href":"https:\/\/stage.poppersparadise.eu\/da\/wp-json\/wp\/v2\/types\/product"}],"replies":[{"embeddable":true,"href":"https:\/\/stage.poppersparadise.eu\/da\/wp-json\/wp\/v2\/comments?post=19011"}],"wp:featuredmedia":[{"embeddable":true,"href":"https:\/\/stage.poppersparadise.eu\/da\/wp-json\/wp\/v2\/media\/19010"}],"wp:attachment":[{"href":"https:\/\/stage.poppersparadise.eu\/da\/wp-json\/wp\/v2\/media?parent=19011"}],"wp:term":[{"taxonomy":"product_brand","embeddable":true,"href":"https:\/\/stage.poppersparadise.eu\/da\/wp-json\/wp\/v2\/product_brand?post=19011"},{"taxonomy":"product_cat","embeddable":true,"href":"https:\/\/stage.poppersparadise.eu\/da\/wp-json\/wp\/v2\/product_cat?post=19011"},{"taxonomy":"product_tag","embeddable":true,"href":"https:\/\/stage.poppersparadise.eu\/da\/wp-json\/wp\/v2\/product_tag?post=19011"}],"curies":[{"name":"wp","href":"https:\/\/api.w.org\/{rel}","templated":true}]}}