{"id":19142,"date":"2025-06-27T17:37:12","date_gmt":"2025-06-27T15:37:12","guid":{"rendered":"https:\/\/stage.poppersparadise.eu\/product\/cosmic-titan-dildo-m\/"},"modified":"2025-09-23T11:25:14","modified_gmt":"2025-09-23T09:25:14","slug":"cosmic-titan-dildo-m","status":"publish","type":"product","link":"https:\/\/stage.poppersparadise.eu\/da\/product\/cosmic-titan-dildo-m\/","title":{"rendered":"Cosmic Titan Dildo - M"},"content":{"rendered":"<h2 class=\"font-bold text-h3 leading-[36px] pt-[21px] pb-[2px] [&amp;_a]:underline-offset-[6px] [&amp;_.underline]:underline-offset-[6px]\" dir=\"ltr\">L\u00e5s op for universet med Cosmic Titan Dildo<\/h2>\n<p class=\"text-body font-regular leading-[24px] pt-[9px] pb-[2px]\" dir=\"ltr\">Tr\u00e6d ind i et univers af hidtil usete forn\u00f8jelser med Cosmic Titan Dildo. Denne overjordiske kreation er fyldt med galaktisk tiltr\u00e6kningskraft og inviterer dig til at bryde fri af jordiske begr\u00e6nsninger og udforske et rige af fantasi og ekstase. Forestil dig en kosmisk rejsende, udsmykket med levende lilla og lyser\u00f8de nuancer, der stiger ned p\u00e5 jorden med en mission om at v\u00e6kke dine dybeste \u00f8nsker. Denne sl\u00e5ende fusion af kosmisk energi og urkraft lover et transcendent eventyr.<\/p>\n<p class=\"text-body font-regular leading-[24px] pt-[9px] pb-[2px]\" dir=\"ltr\">Cosmic Titan Dildo er ikke bare endnu et nydelsesinstrument - det er din port til en ekstraordin\u00e6r oplevelse, der overskrider gr\u00e6nserne for din fantasi. Hver kurve og kontur resonerer med universets hjerteslag og leverer fornemmelser, der virkelig er af en anden verden. Hver ber\u00f8ring frig\u00f8r en str\u00f8m af kosmisk energi, der problemfrit forbinder dig med kosmos' mysterier.<\/p>\n<p class=\"text-body font-regular leading-[24px] pt-[9px] pb-[2px]\" dir=\"ltr\"><b><strong class=\"font-bold\">Specifikationer<\/strong><\/b><\/p>\n<ul class=\"pt-[9px] pb-[2px] pl-[24px] list-disc [&amp;_ul]:pt-[5px] pt-[5px]\">\n<li class=\"text-body font-regular leading-[24px] my-[5px] [&amp;&gt;ol]:!pt-0 [&amp;&gt;ol]:!pb-0 [&amp;&gt;ul]:!pt-0 [&amp;&gt;ul]:!pb-0\" value=\"1\">Samlet l\u00e6ngde: 22,3 cm, giver en tilfredsstillende og betagende oplevelse.<\/li>\n<li class=\"text-body font-regular leading-[24px] my-[5px] [&amp;&gt;ol]:!pt-0 [&amp;&gt;ol]:!pb-0 [&amp;&gt;ul]:!pt-0 [&amp;&gt;ul]:!pb-0\" value=\"2\">Indf\u00f8ringsl\u00e6ngde: 18,1 cm, designet til at n\u00e5 nye dybder af tilfredsstillelse.<\/li>\n<li class=\"text-body font-regular leading-[24px] my-[5px] [&amp;&gt;ol]:!pt-0 [&amp;&gt;ol]:!pb-0 [&amp;&gt;ul]:!pt-0 [&amp;&gt;ul]:!pb-0\" value=\"3\">Topdiameter: 4,9 cm, til en gradvis og forn\u00f8jelig introduktion.<\/li>\n<li class=\"text-body font-regular leading-[24px] my-[5px] [&amp;&gt;ol]:!pt-0 [&amp;&gt;ol]:!pb-0 [&amp;&gt;ul]:!pt-0 [&amp;&gt;ul]:!pb-0\" value=\"4\">Centerdiameter: 5,9 cm, giver en fyldigere fornemmelse, n\u00e5r du g\u00e5r dybere.<\/li>\n<li class=\"text-body font-regular leading-[24px] my-[5px] [&amp;&gt;ol]:!pt-0 [&amp;&gt;ol]:!pb-0 [&amp;&gt;ul]:!pt-0 [&amp;&gt;ul]:!pb-0\" value=\"5\">Foddiameter: 12,0 cm, sikrer et fast greb under dine kosmiske udforskninger.<\/li>\n<li class=\"text-body font-regular leading-[24px] my-[5px] [&amp;&gt;ol]:!pt-0 [&amp;&gt;ol]:!pb-0 [&amp;&gt;ul]:!pt-0 [&amp;&gt;ul]:!pb-0\" value=\"6\">V\u00e6gt: 676 gram, hvilket indikerer dens betydelige tilstedev\u00e6relse.<\/li>\n<li class=\"text-body font-regular leading-[24px] my-[5px] [&amp;&gt;ol]:!pt-0 [&amp;&gt;ol]:!pb-0 [&amp;&gt;ul]:!pt-0 [&amp;&gt;ul]:!pb-0\" value=\"7\">Farver: En f\u00e6ngslende blanding af lilla og pink nuancer, der minder om frodige fremmede landskaber.<\/li>\n<li class=\"text-body font-regular leading-[24px] my-[5px] [&amp;&gt;ol]:!pt-0 [&amp;&gt;ol]:!pb-0 [&amp;&gt;ul]:!pt-0 [&amp;&gt;ul]:!pb-0\" value=\"8\">Materiale: Fremstillet af f\u00f8rsteklasses platinsilikone, der giver en silkebl\u00f8d tekstur, som er b\u00e5de holdbar og sikker for kroppen.<\/li>\n<\/ul>\n<p class=\"text-body font-regular leading-[24px] pt-[9px] pb-[2px]\" dir=\"ltr\">Nyd en historie om kosmisk lidenskab og r\u00e5 kraft, hvor hvert m\u00f8de med Cosmic Titan Dildo bliver en himmelsk s\u00f8gen. Den er designet til at opfylde de dybeste fantasier hos b\u00e5de m\u00e6nd og kvinder og inviterer dem til at skubbe gr\u00e6nserne for deres fantasi. Velkommen til et univers, hvor fantasi og virkelighed smelter sammen, og hvor nydelsen ikke kender nogen gr\u00e6nser. M\u00e6rk universets omfavnelse, og lad dine lyster sv\u00e6ve under stjernerne med denne himmelske ledsager.<\/p>","protected":false},"excerpt":{"rendered":"<p>Oplev himmelsk nydelse med Cosmic Titan Dildo- hvor fantasi og virkelighed m\u00f8des for at tilbyde uovertruffen eventyr og tilfredshed.<\/p>","protected":false},"featured_media":19141,"comment_status":"open","ping_status":"closed","template":"","meta":[],"product_brand":[767],"product_cat":[766,787],"product_tag":[],"class_list":{"0":"post-19142","1":"product","2":"type-product","3":"status-publish","4":"has-post-thumbnail","6":"product_brand-giant-space-intruders","7":"product_cat-dildos","8":"product_cat-monster-fantasy-dildos","10":"first","11":"instock","12":"sale","13":"taxable","14":"shipping-taxable","15":"purchasable","16":"product-type-simple"},"_links":{"self":[{"href":"https:\/\/stage.poppersparadise.eu\/da\/wp-json\/wp\/v2\/product\/19142","targetHints":{"allow":["GET"]}}],"collection":[{"href":"https:\/\/stage.poppersparadise.eu\/da\/wp-json\/wp\/v2\/product"}],"about":[{"href":"https:\/\/stage.poppersparadise.eu\/da\/wp-json\/wp\/v2\/types\/product"}],"replies":[{"embeddable":true,"href":"https:\/\/stage.poppersparadise.eu\/da\/wp-json\/wp\/v2\/comments?post=19142"}],"wp:featuredmedia":[{"embeddable":true,"href":"https:\/\/stage.poppersparadise.eu\/da\/wp-json\/wp\/v2\/media\/19141"}],"wp:attachment":[{"href":"https:\/\/stage.poppersparadise.eu\/da\/wp-json\/wp\/v2\/media?parent=19142"}],"wp:term":[{"taxonomy":"product_brand","embeddable":true,"href":"https:\/\/stage.poppersparadise.eu\/da\/wp-json\/wp\/v2\/product_brand?post=19142"},{"taxonomy":"product_cat","embeddable":true,"href":"https:\/\/stage.poppersparadise.eu\/da\/wp-json\/wp\/v2\/product_cat?post=19142"},{"taxonomy":"product_tag","embeddable":true,"href":"https:\/\/stage.poppersparadise.eu\/da\/wp-json\/wp\/v2\/product_tag?post=19142"}],"curies":[{"name":"wp","href":"https:\/\/api.w.org\/{rel}","templated":true}]}}