{"id":19197,"date":"2025-06-27T17:40:43","date_gmt":"2025-06-27T15:40:43","guid":{"rendered":"https:\/\/stage.poppersparadise.eu\/product\/saturnian-stallion-dildo-m\/"},"modified":"2025-09-23T11:25:15","modified_gmt":"2025-09-23T09:25:15","slug":"saturnian-hingst-dildo-m","status":"publish","type":"product","link":"https:\/\/stage.poppersparadise.eu\/da\/product\/saturnian-hingst-dildo-m\/","title":{"rendered":"Saturnian Stallion Dildo - M"},"content":{"rendered":"<h2 class=\"font-bold text-h3 leading-[40px] pt-[21px] pb-[2px] [&amp;_a]:underline-offset-[6px] [&amp;_.underline]:underline-offset-[6px]\" dir=\"ltr\">Pas p\u00e5 den saturniske hingste-dildo<\/h2>\n<p class=\"text-body font-regular leading-[24px] pt-[9px] pb-[2px]\" dir=\"ltr\">Slip den overjordiske nydelse l\u00f8s med Saturnian Stallion Dildo, et h\u00e5ndlavet mesterv\u00e6rk fra rummets dyb. If\u00f8lge legenden dukkede Saturnian Stallion, et mystisk v\u00e6sen med en levende mission om at befolke universet, f\u00f8rst op p\u00e5 Jorden. Med sin kosmiske tiltr\u00e6kningskraft og sit uovertrufne design er denne dildo klar til at bringe dine mest gl\u00f8dende fantasier til live.<\/p>\n<p class=\"text-body font-regular leading-[24px] pt-[9px] pb-[2px]\" dir=\"ltr\">Uanset om du udforsker solo, \u00f8nsker at krydre dit forhold eller udforske dine dybeste \u00f8nsker om fremmede m\u00f8der, garanterer Saturnian Stallion Dildo en transcenderende oplevelse for alle eventyrlystne par, solo-udforskere og fantasy-elskere.<\/p>\n<h3 class=\"font-bold text-h4 leading-[30px] pt-[15px] pb-[2px] [&amp;_a]:underline-offset-[6px] [&amp;_.underline]:underline-offset-[6px]\" dir=\"ltr\">Hvorfor v\u00e6lge Saturnian Stallion Dildo?<\/h3>\n<p class=\"text-body font-regular leading-[24px] pt-[9px] pb-[2px]\" dir=\"ltr\">Inspireret af den forf\u00f8rende sk\u00f8nhed i intergalaktiske kreationer er denne premium-dildo omhyggeligt fremstillet af den fineste silikone i platinkvalitet. Dens bl\u00f8de, fl\u00f8jlsagtige overflade giver en hidtil uset realistisk f\u00f8lelse. Den glitrende blanding af brun, gr\u00e5 og guld afspejler den kosmiske tiltr\u00e6kningskraft fra Saturns ringe og g\u00f8r den ikke kun til leget\u00f8j, men ogs\u00e5 til en kunstnerisk tilf\u00f8jelse til din samling.<\/p>\n<h3 class=\"font-bold text-h4 leading-[30px] pt-[15px] pb-[2px] [&amp;_a]:underline-offset-[6px] [&amp;_.underline]:underline-offset-[6px]\" dir=\"ltr\">Produktspecifikationer<\/h3>\n<ul class=\"pt-[9px] pb-[2px] pl-[24px] list-disc [&amp;_ul]:pt-[5px] pt-[5px]\">\n<li class=\"text-body font-regular leading-[24px] my-[5px] [&amp;&gt;ol]:!pt-0 [&amp;&gt;ol]:!pb-0 [&amp;&gt;ul]:!pt-0 [&amp;&gt;ul]:!pb-0\" value=\"1\"><b><strong class=\"font-bold\">Samlet l\u00e6ngde:<\/strong><\/b> 25,0 cm<\/li>\n<li class=\"text-body font-regular leading-[24px] my-[5px] [&amp;&gt;ol]:!pt-0 [&amp;&gt;ol]:!pb-0 [&amp;&gt;ul]:!pt-0 [&amp;&gt;ul]:!pb-0\" value=\"2\"><b><strong class=\"font-bold\">Inds\u00e6tningsl\u00e6ngde:<\/strong><\/b> 11,5 cm<\/li>\n<li class=\"text-body font-regular leading-[24px] my-[5px] [&amp;&gt;ol]:!pt-0 [&amp;&gt;ol]:!pb-0 [&amp;&gt;ul]:!pt-0 [&amp;&gt;ul]:!pb-0\" value=\"3\"><b><strong class=\"font-bold\">Spidsens diameter:<\/strong><\/b> 4,8 cm<\/li>\n<li class=\"text-body font-regular leading-[24px] my-[5px] [&amp;&gt;ol]:!pt-0 [&amp;&gt;ol]:!pb-0 [&amp;&gt;ul]:!pt-0 [&amp;&gt;ul]:!pb-0\" value=\"4\"><b><strong class=\"font-bold\">Midtersektionens diameter:<\/strong><\/b> 7,4 cm<\/li>\n<li class=\"text-body font-regular leading-[24px] my-[5px] [&amp;&gt;ol]:!pt-0 [&amp;&gt;ol]:!pb-0 [&amp;&gt;ul]:!pt-0 [&amp;&gt;ul]:!pb-0\" value=\"5\"><b><strong class=\"font-bold\">Basens diameter:<\/strong><\/b> 10,0 cm<\/li>\n<li class=\"text-body font-regular leading-[24px] my-[5px] [&amp;&gt;ol]:!pt-0 [&amp;&gt;ol]:!pb-0 [&amp;&gt;ul]:!pt-0 [&amp;&gt;ul]:!pb-0\" value=\"6\"><b><strong class=\"font-bold\">V\u00e6gt:<\/strong><\/b> 803 gram<\/li>\n<li class=\"text-body font-regular leading-[24px] my-[5px] [&amp;&gt;ol]:!pt-0 [&amp;&gt;ol]:!pb-0 [&amp;&gt;ul]:!pt-0 [&amp;&gt;ul]:!pb-0\" value=\"7\"><b><strong class=\"font-bold\">Farver:<\/strong><\/b> En smuk blanding af brun, gr\u00e5 og guld<\/li>\n<li class=\"text-body font-regular leading-[24px] my-[5px] [&amp;&gt;ol]:!pt-0 [&amp;&gt;ol]:!pb-0 [&amp;&gt;ul]:!pt-0 [&amp;&gt;ul]:!pb-0\" value=\"8\"><b><strong class=\"font-bold\">Materiale:<\/strong><\/b> F\u00f8rsteklasses silikone af platinkvalitet<\/li>\n<\/ul>\n<h3 class=\"font-bold text-h4 leading-[30px] pt-[15px] pb-[2px] [&amp;_a]:underline-offset-[6px] [&amp;_.underline]:underline-offset-[6px]\" dir=\"ltr\">Unikke funktioner<\/h3>\n<ul class=\"pt-[9px] pb-[2px] pl-[24px] list-disc [&amp;_ul]:pt-[5px] pt-[5px]\">\n<li class=\"text-body font-regular leading-[24px] my-[5px] [&amp;&gt;ol]:!pt-0 [&amp;&gt;ol]:!pb-0 [&amp;&gt;ul]:!pt-0 [&amp;&gt;ul]:!pb-0\" value=\"1\"><b><strong class=\"font-bold\">Enest\u00e5ende kvalitet:<\/strong><\/b> Fremstillet af platinsilikone, der giver holdbarhed og en hyperrealistisk fornemmelse p\u00e5 huden.<\/li>\n<li class=\"text-body font-regular leading-[24px] my-[5px] [&amp;&gt;ol]:!pt-0 [&amp;&gt;ol]:!pb-0 [&amp;&gt;ul]:!pt-0 [&amp;&gt;ul]:!pb-0\" value=\"2\"><b><strong class=\"font-bold\">Levende design:<\/strong><\/b> Hver farvehvirvel fort\u00e6ller en kosmisk historie og kombinerer ubesv\u00e6ret \u00e6stetik og beg\u00e6r.<\/li>\n<li class=\"text-body font-regular leading-[24px] my-[5px] [&amp;&gt;ol]:!pt-0 [&amp;&gt;ol]:!pb-0 [&amp;&gt;ul]:!pt-0 [&amp;&gt;ul]:!pb-0\" value=\"3\"><b><strong class=\"font-bold\">Alsidig magi:<\/strong><\/b> Den er perfekt til b\u00e5de vaginal og anal udforskning og tager alle intime \u00f8jeblikke til det n\u00e6ste niveau.<\/li>\n<\/ul>\n<h3 class=\"font-bold text-h4 leading-[30px] pt-[15px] pb-[2px] [&amp;_a]:underline-offset-[6px] [&amp;_.underline]:underline-offset-[6px]\" dir=\"ltr\">Overgiv dig til historien<\/h3>\n<p class=\"text-body font-regular leading-[24px] pt-[9px] pb-[2px]\" dir=\"ltr\">Den saturniske hingst krydsede engang stjernerne, drevet af en primal trang til at sprede sin arv i hele universet. Nu pryder den vores planet med sin himmelske karisma. Dens mission? At fange m\u00e6nds og kvinders hjerter, kroppe og fantasi. Tilkald dette mytiske dyrs kraftfulde energi, og forvandl dine fantasier til galaktiske eventyr.<\/p>\n<p class=\"text-body font-regular leading-[24px] pt-[9px] pb-[2px]\" dir=\"ltr\">Tr\u00e6d modigt ind i en ny verden af nydelse, hvor hver eneste f\u00f8lelse er tunet til maksimal nydelse. Uanset om du s\u00f8ger f\u00e6lles \u00f8jeblikke med en partner eller udforsker dine egne ukendte territorier, er Saturnian Stallion her for at forbinde dig med ren tilfredsstillelse.<\/p>\n<p class=\"text-body font-regular leading-[24px] pt-[9px] pb-[2px]\" dir=\"ltr\">G\u00f8r dig klar til at udforske nydelsens univers.<\/p>","protected":false},"excerpt":{"rendered":"<p>Fordyb dig i et univers af nydelse med Saturnian Stallion Dildo - lavet af f\u00f8rsteklasses platinsilikone, kosmisk design og klar til dine fantasier.<\/p>","protected":false},"featured_media":19196,"comment_status":"open","ping_status":"closed","template":"","meta":[],"product_brand":[767],"product_cat":[766,787],"product_tag":[],"class_list":{"0":"post-19197","1":"product","2":"type-product","3":"status-publish","4":"has-post-thumbnail","6":"product_brand-giant-space-intruders","7":"product_cat-dildos","8":"product_cat-monster-fantasy-dildos","10":"first","11":"instock","12":"sale","13":"taxable","14":"shipping-taxable","15":"purchasable","16":"product-type-simple"},"_links":{"self":[{"href":"https:\/\/stage.poppersparadise.eu\/da\/wp-json\/wp\/v2\/product\/19197","targetHints":{"allow":["GET"]}}],"collection":[{"href":"https:\/\/stage.poppersparadise.eu\/da\/wp-json\/wp\/v2\/product"}],"about":[{"href":"https:\/\/stage.poppersparadise.eu\/da\/wp-json\/wp\/v2\/types\/product"}],"replies":[{"embeddable":true,"href":"https:\/\/stage.poppersparadise.eu\/da\/wp-json\/wp\/v2\/comments?post=19197"}],"wp:featuredmedia":[{"embeddable":true,"href":"https:\/\/stage.poppersparadise.eu\/da\/wp-json\/wp\/v2\/media\/19196"}],"wp:attachment":[{"href":"https:\/\/stage.poppersparadise.eu\/da\/wp-json\/wp\/v2\/media?parent=19197"}],"wp:term":[{"taxonomy":"product_brand","embeddable":true,"href":"https:\/\/stage.poppersparadise.eu\/da\/wp-json\/wp\/v2\/product_brand?post=19197"},{"taxonomy":"product_cat","embeddable":true,"href":"https:\/\/stage.poppersparadise.eu\/da\/wp-json\/wp\/v2\/product_cat?post=19197"},{"taxonomy":"product_tag","embeddable":true,"href":"https:\/\/stage.poppersparadise.eu\/da\/wp-json\/wp\/v2\/product_tag?post=19197"}],"curies":[{"name":"wp","href":"https:\/\/api.w.org\/{rel}","templated":true}]}}