{"id":20708,"date":"2025-08-20T16:44:40","date_gmt":"2025-08-20T14:44:40","guid":{"rendered":"https:\/\/stage.poppersparadise.eu\/?post_type=product&#038;p=20708"},"modified":"2025-09-12T04:16:03","modified_gmt":"2025-09-12T02:16:03","slug":"copy-twisted-beast-fist-fuck-propyl-24ml-poppers","status":"publish","type":"product","link":"https:\/\/stage.poppersparadise.eu\/da\/product\/copy-twisted-beast-fist-fuck-propyl-24ml-poppers\/","title":{"rendered":"Twisted Beast Fist Fuck Propyl 10ml"},"content":{"rendered":"<h2 class=\"wp-block-heading\">Twisted Beast Fist Fuck Propyl 10ml poppers - power og afslapning i en flaske<\/h2>\n\n\n\n<p>Twisted Beast Fist Fuck Propyl 10ml poppers er en kraftig duftspreder, specielt udviklet med en isopropylblanding af h\u00f8j kvalitet. Denne bl\u00e5 variant giver en intens duftoplevelse og er perfekt til dem, der s\u00f8ger afslapning og s\u00e6rlige \u00f8jeblikke. Uanset om du er en erfaren bruger eller vil pr\u00f8ve noget nyt, skuffer dette produkt ikke.<\/p>\n\n\n\n<h3 class=\"wp-block-heading\">Vigtige egenskaber ved Twisted Beast Fist Fuck Propyl<\/h3>\n\n\n\n<ul class=\"wp-block-list\">\n<li><strong>Kraftfuld formel<\/strong>: Indeholder en isopropylblanding af h\u00f8j kvalitet, der giver en intens duftoplevelse.<\/li>\n\n\n\n<li><strong>Popul\u00e6re serier<\/strong>: En del af den ikoniske Fist Fuck-linje fra Twisted Beast.<\/li>\n\n\n\n<li><strong>Emballage af h\u00f8j kvalitet<\/strong>: Aftappet i en 10 ml glasflaske.<\/li>\n\n\n\n<li><strong>Engelsk kvalitet<\/strong>: Fremstillet af Twisted Beast UK, et m\u00e6rke, der er kendt for sin p\u00e5lidelighed.<\/li>\n<\/ul>\n\n\n\n<h3 class=\"wp-block-heading\">Hvordan bruger man Twisted Beast Fist Fuck Propyl?<\/h3>\n\n\n\n<p>Brug kun Twisted Beast Fist Fuck Propyl som duftspredningsmiddel eller reng\u00f8ringsmiddel. Det er ikke egnet til menneskef\u00f8de og b\u00f8r ikke ind\u00e5ndes. Opbevar produktet p\u00e5 et k\u00f8ligt, m\u00f8rkt sted for at bevare dets kvalitet, og luk flasken t\u00e6t efter brug.<\/p>\n\n\n\n<h3 class=\"wp-block-heading\">Hvorfor Twisted Beast Fist Fuck Propyl er en favorit<\/h3>\n\n\n\n<p>Den kraftige isopropylblanding og p\u00e5lideligheden af Twisted Beast Fist Fuck-linjen g\u00f8r dette produkt til en favorit blandt dem, der elsker intense duftspredere. Den giver en unik duftoplevelse, der er perfekt til s\u00e6rlige \u00f8jeblikke.<\/p>\n\n\n\n<h3 class=\"wp-block-heading\">Advarsler<\/h3>\n\n\n\n<p>Meget brandfarlig v\u00e6ske og damp (H225).<br>For\u00e5rsager hud- og \u00f8jenirritation (H315\/H319).<br>Giftig ved ind\u00e5nding (H331).<br>Ikke et l\u00e6gemiddel. Brug p\u00e5 egen risiko.<\/p>\n\n\n\n<h3 class=\"wp-block-heading\">Brug<\/h3>\n\n\n\n<p>Kun beregnet som duftspreder eller reng\u00f8ringsmiddel.<br>Ikke egnet til menneskef\u00f8de og b\u00f8r ikke ind\u00e5ndes.<\/p>\n\n\n\n<h3 class=\"wp-block-heading\">Opbevaring<\/h3>\n\n\n\n<p>Opbevares p\u00e5 et k\u00f8ligt og t\u00f8rt sted. Opbevares utilg\u00e6ngeligt for b\u00f8rn.<\/p>\n\n\n\n<h3 class=\"wp-block-heading\">Oprindelsesland<\/h3>\n\n\n\n<p>Luxembourg.<\/p>","protected":false},"excerpt":{"rendered":"<p><strong><br \/>KOMPATIBELT TILBEH\u00d8R:<\/strong><\/p>\n<ul>\n<li><a href=\"https:\/\/stage.poppersparadise.eu\/da\/produktkategori\/tilbehor\/sniffer-lille\/\">Sniffers Small<\/a><\/li>\n<li><a href=\"https:\/\/stage.poppersparadise.eu\/da\/product\/xtrm-poppers-houder-zwart-small\/\">XTRM Poppers Holder Lille<\/a><\/li>\n<li><a href=\"https:\/\/stage.poppersparadise.eu\/da\/product\/xtrm-poppers-keeper-small-10ml-2\/\">XTRM Poppers Keeper Small<\/a><\/li>\n<\/ul>","protected":false},"featured_media":20709,"comment_status":"open","ping_status":"closed","template":"","meta":[],"product_brand":[580],"product_cat":[34],"product_tag":[],"class_list":{"0":"post-20708","1":"product","2":"type-product","3":"status-publish","4":"has-post-thumbnail","6":"product_brand-twisted-beast","7":"product_cat-kleine-flesjes-poppers","9":"first","10":"instock","11":"taxable","12":"shipping-taxable","13":"purchasable","14":"product-type-simple"},"_links":{"self":[{"href":"https:\/\/stage.poppersparadise.eu\/da\/wp-json\/wp\/v2\/product\/20708","targetHints":{"allow":["GET"]}}],"collection":[{"href":"https:\/\/stage.poppersparadise.eu\/da\/wp-json\/wp\/v2\/product"}],"about":[{"href":"https:\/\/stage.poppersparadise.eu\/da\/wp-json\/wp\/v2\/types\/product"}],"replies":[{"embeddable":true,"href":"https:\/\/stage.poppersparadise.eu\/da\/wp-json\/wp\/v2\/comments?post=20708"}],"wp:featuredmedia":[{"embeddable":true,"href":"https:\/\/stage.poppersparadise.eu\/da\/wp-json\/wp\/v2\/media\/20709"}],"wp:attachment":[{"href":"https:\/\/stage.poppersparadise.eu\/da\/wp-json\/wp\/v2\/media?parent=20708"}],"wp:term":[{"taxonomy":"product_brand","embeddable":true,"href":"https:\/\/stage.poppersparadise.eu\/da\/wp-json\/wp\/v2\/product_brand?post=20708"},{"taxonomy":"product_cat","embeddable":true,"href":"https:\/\/stage.poppersparadise.eu\/da\/wp-json\/wp\/v2\/product_cat?post=20708"},{"taxonomy":"product_tag","embeddable":true,"href":"https:\/\/stage.poppersparadise.eu\/da\/wp-json\/wp\/v2\/product_tag?post=20708"}],"curies":[{"name":"wp","href":"https:\/\/api.w.org\/{rel}","templated":true}]}}