{"id":20710,"date":"2025-08-20T16:54:56","date_gmt":"2025-08-20T14:54:56","guid":{"rendered":"https:\/\/stage.poppersparadise.eu\/?post_type=product&#038;p=20710"},"modified":"2025-08-28T17:24:35","modified_gmt":"2025-08-28T15:24:35","slug":"copy-twisted-beast-fist-fuck-amyl-24ml-poppers","status":"publish","type":"product","link":"https:\/\/stage.poppersparadise.eu\/da\/product\/copy-twisted-beast-fist-fuck-amyl-24ml-poppers\/","title":{"rendered":"Twisted Beast Fist Fuck Amyl 10ml"},"content":{"rendered":"<h2 class=\"wp-block-heading\">Twisted Beast Fist Fuck Amyl 10ml Poppers - kraft og afslapning i \u00e9t<\/h2>\n\n\n\n<p>Twisted Beast Fist Fuck Amyl 10ml Poppers er en kraftfuld tilf\u00f8jelse til den ikoniske Fist Fuck-serie fra det britiske m\u00e6rke Twisted Beast. Med en ekstra st\u00e6rk amylblanding giver dette produkt en intens duftoplevelse, perfekt til dem, der \u00f8nsker maksimal afslapning. Uanset om du er fan af Fist Fuck-serien eller bare er p\u00e5 udkig efter en kraftig duftspreder, skuffer denne r\u00f8de variant ikke.<\/p>\n\n\n\n<h3 class=\"wp-block-heading\">N\u00f8glefunktioner i Twisted Beast Fist Fuck Amyl<\/h3>\n\n\n\n<ul class=\"wp-block-list\">\n<li><strong>Ekstra st\u00e6rk formel<\/strong>: Indeholder en kraftig amylblanding, der giver en intens duftoplevelse.<\/li>\n\n\n\n<li><strong>Popul\u00e6re serier<\/strong>: En del af den vellidte Twisted Beast Fist Fuck-serie.<\/li>\n\n\n\n<li><strong>Emballage af h\u00f8j kvalitet<\/strong>: Aftappet i en 10 ml glasflaske.<\/li>\n\n\n\n<li><strong>Engelsk kvalitet<\/strong>: Fremstillet af Twisted Beast, et m\u00e6rke, der er kendt for sin p\u00e5lidelighed.<\/li>\n<\/ul>\n\n\n\n<h3 class=\"wp-block-heading\">Hvordan bruger man Twisted Beast Fist Fuck Amyl?<\/h3>\n\n\n\n<p>Brug kun Twisted Beast Fist Fuck Amyl som duftspredningsmiddel eller reng\u00f8ringsmiddel. Det er ikke egnet til menneskef\u00f8de og b\u00f8r ikke ind\u00e5ndes. Opbevar produktet p\u00e5 et k\u00f8ligt, m\u00f8rkt sted for at bevare dets kvalitet, og luk flasken t\u00e6t efter brug.<\/p>\n\n\n\n<h3 class=\"wp-block-heading\">Hvorfor Twisted Beast Fist Fuck Amyl er en favorit<\/h3>\n\n\n\n<p>Den ekstra st\u00e6rke formel og p\u00e5lideligheden af Twisted Beast Fist Fuck-linjen g\u00f8r dette produkt til en favorit blandt elskere af kraftige duftspredere. Den giver en intens duftoplevelse, der er perfekt til s\u00e6rlige \u00f8jeblikke.<\/p>\n\n\n\n<h3 class=\"wp-block-heading\">Advarsler<\/h3>\n\n\n\n<p>Meget brandfarlig v\u00e6ske og damp (H225).<br>For\u00e5rsager hud- og \u00f8jenirritation (H315\/H319).<br>Giftig ved ind\u00e5nding (H331).<br>Ikke et l\u00e6gemiddel. Brug p\u00e5 egen risiko.<\/p>\n\n\n\n<h3 class=\"wp-block-heading\">Brug<\/h3>\n\n\n\n<p>Kun beregnet som duftspreder eller reng\u00f8ringsmiddel.<br>Ikke egnet til menneskef\u00f8de og b\u00f8r ikke ind\u00e5ndes.<\/p>\n\n\n\n<h3 class=\"wp-block-heading\">Opbevaring<\/h3>\n\n\n\n<p>Opbevares p\u00e5 et k\u00f8ligt og t\u00f8rt sted. Opbevares utilg\u00e6ngeligt for b\u00f8rn.<\/p>\n\n\n\n<h3 class=\"wp-block-heading\">Oprindelsesland<\/h3>\n\n\n\n<p>Luxembourg.<\/p>","protected":false},"excerpt":{"rendered":"<p><strong><br \/>KOMPATIBELT TILBEH\u00d8R:<\/strong><\/p>\n<ul>\n<li><a href=\"https:\/\/stage.poppersparadise.eu\/da\/produktkategori\/tilbehor\/sniffer-lille\/\">Sniffers Small<\/a><\/li>\n<li><a href=\"https:\/\/stage.poppersparadise.eu\/da\/product\/xtrm-poppers-houder-zwart-small\/\">XTRM Poppers Holder Lille<\/a><\/li>\n<li><a href=\"https:\/\/stage.poppersparadise.eu\/da\/product\/xtrm-poppers-keeper-small-10ml-2\/\">XTRM Poppers Keeper Small<\/a><\/li>\n<\/ul>","protected":false},"featured_media":20711,"comment_status":"open","ping_status":"closed","template":"","meta":[],"product_brand":[580],"product_cat":[34],"product_tag":[],"class_list":{"0":"post-20710","1":"product","2":"type-product","3":"status-publish","4":"has-post-thumbnail","6":"product_brand-twisted-beast","7":"product_cat-kleine-flesjes-poppers","9":"first","10":"instock","11":"taxable","12":"shipping-taxable","13":"purchasable","14":"product-type-simple"},"_links":{"self":[{"href":"https:\/\/stage.poppersparadise.eu\/da\/wp-json\/wp\/v2\/product\/20710","targetHints":{"allow":["GET"]}}],"collection":[{"href":"https:\/\/stage.poppersparadise.eu\/da\/wp-json\/wp\/v2\/product"}],"about":[{"href":"https:\/\/stage.poppersparadise.eu\/da\/wp-json\/wp\/v2\/types\/product"}],"replies":[{"embeddable":true,"href":"https:\/\/stage.poppersparadise.eu\/da\/wp-json\/wp\/v2\/comments?post=20710"}],"wp:featuredmedia":[{"embeddable":true,"href":"https:\/\/stage.poppersparadise.eu\/da\/wp-json\/wp\/v2\/media\/20711"}],"wp:attachment":[{"href":"https:\/\/stage.poppersparadise.eu\/da\/wp-json\/wp\/v2\/media?parent=20710"}],"wp:term":[{"taxonomy":"product_brand","embeddable":true,"href":"https:\/\/stage.poppersparadise.eu\/da\/wp-json\/wp\/v2\/product_brand?post=20710"},{"taxonomy":"product_cat","embeddable":true,"href":"https:\/\/stage.poppersparadise.eu\/da\/wp-json\/wp\/v2\/product_cat?post=20710"},{"taxonomy":"product_tag","embeddable":true,"href":"https:\/\/stage.poppersparadise.eu\/da\/wp-json\/wp\/v2\/product_tag?post=20710"}],"curies":[{"name":"wp","href":"https:\/\/api.w.org\/{rel}","templated":true}]}}