{"id":21254,"date":"2025-09-10T18:39:22","date_gmt":"2025-09-10T16:39:22","guid":{"rendered":"https:\/\/stage.poppersparadise.eu\/?post_type=product&#038;p=21254"},"modified":"2025-10-03T13:24:47","modified_gmt":"2025-10-03T11:24:47","slug":"hulk-ultra-strong-10ml-poppers","status":"publish","type":"product","link":"https:\/\/stage.poppersparadise.eu\/da\/product\/hulk-ultra-strong-10ml-poppers\/","title":{"rendered":"Hulk Ultra Strong 10ml"},"content":{"rendered":"<h2 class=\"wp-block-heading\">Oplev ultimativ afslapning med Hulk Ultra Strong 10ml Poppers<\/h2>\n\n\n\n<p>Fordyb dig i en verden af uovertruffen afslapning med den eksklusive Hulk Ultra Strong 10ml Fragrance Diffuser. Denne duftspreder er specielt designet til dem, der er p\u00e5 udkig efter en unik duftoplevelse, og tilbyder en blanding af intensitet og langvarige aromaer, der forvandler ethvert rum til en oase af ro.<\/p>\n\n\n\n<h3 class=\"wp-block-heading\">Produktspecifikationer<\/h3>\n\n\n\n<ul class=\"wp-block-list\">\n<li><strong>Navn<\/strong>: Hulk Ultra Strong 10ml<\/li>\n\n\n\n<li><strong>Aktiv ingrediens<\/strong>Pentylnitrit<\/li>\n\n\n\n<li><strong>Indhold<\/strong>: 10 ml<\/li>\n\n\n\n<li><strong>Anvendelse<\/strong>: Ideel til elskere af duftspredere og sociale lejligheder<\/li>\n\n\n\n<li><strong>Aroma<\/strong>: Intens og langtidsholdbar<\/li>\n<\/ul>\n\n\n\n<h3 class=\"wp-block-heading\">Hvorfor v\u00e6lge Hulk Ultra Strong 10ml Poppers?<\/h3>\n\n\n\n<ul class=\"wp-block-list\">\n<li><strong>Unik duftoplevelse<\/strong>: Skab en rolig og afslappende atmosf\u00e6re i ethvert rum.<\/li>\n\n\n\n<li><strong>Langvarig effekt<\/strong>: Gradvis intensivering af aromaer for langvarig duftspredning.<\/li>\n\n\n\n<li><strong>Eksklusiv udgave<\/strong>: En begr\u00e6nset udgave, der er perfekt til kendere.<\/li>\n\n\n\n<li><strong>S\u00e6rlige tilbud<\/strong>: Drag fordel af attraktive rabatter p\u00e5 store ordrer.<\/li>\n<\/ul>\n\n\n\n<h3 class=\"wp-block-heading\">Vigtig information om brug<\/h3>\n\n\n\n<ul class=\"wp-block-list\">\n<li>Dette produkt er kun beregnet til brug som duftspreder eller reng\u00f8ringsmiddel.<\/li>\n\n\n\n<li>Det er ikke egnet til indtagelse eller ind\u00e5nding.<\/li>\n\n\n\n<li>Undg\u00e5 direkte hudkontakt p\u00e5 grund af de \u00e6tsende egenskaber.<\/li>\n\n\n\n<li>Opbevares k\u00f8ligt og m\u00f8rkt, og luk flasken t\u00e6t efter brug.<\/li>\n<\/ul>\n\n\n\n<h3 class=\"wp-block-heading\">Advarsler<\/h3>\n\n\n\n<ul class=\"wp-block-list\">\n<li>Meget brandfarlig v\u00e6ske og damp (H225)<\/li>\n\n\n\n<li>For\u00e5rsager hud- og \u00f8jenirritation (H315\/H319)<\/li>\n\n\n\n<li>Giftig ved ind\u00e5nding (H331)<\/li>\n\n\n\n<li>Ikke et l\u00e6gemiddel eller medicinsk produkt<\/li>\n\n\n\n<li>Brug kun som anvist<\/li>\n<\/ul>\n\n\n\n<h3 class=\"wp-block-heading\">Opbevaring<\/h3>\n\n\n\n<ul class=\"wp-block-list\">\n<li>Opbevares k\u00f8ligt og t\u00f8rt.<\/li>\n\n\n\n<li>Opbevares utilg\u00e6ngeligt for b\u00f8rn.<\/li>\n<\/ul>\n\n\n\n<h3 class=\"wp-block-heading\">Oprindelsesland<\/h3>\n\n\n\n<ul class=\"wp-block-list\">\n<li>Luxembourg<\/li>\n<\/ul>\n\n\n\n<p>G\u00e5 ikke glip af chancen for at opleve den eksklusive Hulk Ultra Strong 10ml Poppers Fragrance Diffuser. Udnyt vores s\u00e6rlige m\u00e6ngderabatter, og del denne unikke duftoplevelse med venner, eller nyd den selv igen og igen. Bestil i dag, og oplev den ultimative afslapning!<\/p>\n\n\n\n<p><\/p>","protected":false},"excerpt":{"rendered":"<p><strong><br \/>KOMPATIBELT TILBEH\u00d8R:<\/strong><\/p>\n<ul>\n<li><a href=\"https:\/\/stage.poppersparadise.eu\/da\/produktkategori\/tilbehor\/sniffer-lille\/\">Sniffers Small<\/a><\/li>\n<li><a href=\"https:\/\/stage.poppersparadise.eu\/da\/product\/xtrm-poppers-houder-zwart-small\/\">XTRM Poppers Holder Lille<\/a><\/li>\n<li><a href=\"https:\/\/stage.poppersparadise.eu\/da\/product\/xtrm-poppers-keeper-small-10ml-2\/\">XTRM Poppers Keeper Small<\/a><\/li>\n<\/ul>","protected":false},"featured_media":21256,"comment_status":"open","ping_status":"closed","template":"","meta":[],"product_brand":[789],"product_cat":[34],"product_tag":[],"class_list":{"0":"post-21254","1":"product","2":"type-product","3":"status-publish","4":"has-post-thumbnail","6":"product_brand-uk","7":"product_cat-kleine-flesjes-poppers","9":"first","10":"instock","11":"taxable","12":"shipping-taxable","13":"purchasable","14":"product-type-simple"},"_links":{"self":[{"href":"https:\/\/stage.poppersparadise.eu\/da\/wp-json\/wp\/v2\/product\/21254","targetHints":{"allow":["GET"]}}],"collection":[{"href":"https:\/\/stage.poppersparadise.eu\/da\/wp-json\/wp\/v2\/product"}],"about":[{"href":"https:\/\/stage.poppersparadise.eu\/da\/wp-json\/wp\/v2\/types\/product"}],"replies":[{"embeddable":true,"href":"https:\/\/stage.poppersparadise.eu\/da\/wp-json\/wp\/v2\/comments?post=21254"}],"wp:featuredmedia":[{"embeddable":true,"href":"https:\/\/stage.poppersparadise.eu\/da\/wp-json\/wp\/v2\/media\/21256"}],"wp:attachment":[{"href":"https:\/\/stage.poppersparadise.eu\/da\/wp-json\/wp\/v2\/media?parent=21254"}],"wp:term":[{"taxonomy":"product_brand","embeddable":true,"href":"https:\/\/stage.poppersparadise.eu\/da\/wp-json\/wp\/v2\/product_brand?post=21254"},{"taxonomy":"product_cat","embeddable":true,"href":"https:\/\/stage.poppersparadise.eu\/da\/wp-json\/wp\/v2\/product_cat?post=21254"},{"taxonomy":"product_tag","embeddable":true,"href":"https:\/\/stage.poppersparadise.eu\/da\/wp-json\/wp\/v2\/product_tag?post=21254"}],"curies":[{"name":"wp","href":"https:\/\/api.w.org\/{rel}","templated":true}]}}