{"id":834,"date":"2024-10-08T16:52:04","date_gmt":"2024-10-08T14:52:04","guid":{"rendered":"https:\/\/stage.poppersparadise.eu\/product\/bleachers-extra-strong-24ml\/"},"modified":"2025-08-31T13:33:17","modified_gmt":"2025-08-31T11:33:17","slug":"bleachers-ekstra-staerke-poppers-24ml","status":"publish","type":"product","link":"https:\/\/stage.poppersparadise.eu\/da\/product\/bleachers-ekstra-staerke-poppers-24ml\/","title":{"rendered":"Bleachers Extra Strong 24ml"},"content":{"rendered":"<h2 class=\"wp-block-heading\">Oplev styrken ved Bleachers Extra Strong Poppers<\/h2>\n\n\n\n<p>Bleachers Extra Strong Poppers er et valg af h\u00f8j kvalitet til elskere af intense aromaer. Med en kraftig formel baseret p\u00e5 pentylnitrit giver disse poppere en langvarig og sofistikeret duftoplevelse.<\/p>\n\n\n\n<h3 class=\"wp-block-heading\">Hvorfor v\u00e6lge Bleachers Extra Strong?<\/h3>\n\n\n\n<ul class=\"wp-block-list\">\n<li><strong>Ekstra st\u00e6rk formel<\/strong>: For kraftig og langvarig duftspredning.<\/li>\n\n\n\n<li><strong>Komposition af h\u00f8j kvalitet<\/strong>: Fremstillet af pentylnitrit, en popul\u00e6r ingrediens til intense smagsoplevelser.<\/li>\n\n\n\n<li><strong>Fleksibelt indhold<\/strong>: F\u00e5s i 15- til 24-ml-flasker, s\u00e5 det passer til dine behov.<\/li>\n\n\n\n<li><strong>Velegnet til alle<\/strong>: Ideel til b\u00e5de nye brugere og kendere.<\/li>\n\n\n\n<li><strong>Attraktiv m\u00e6ngderabat<\/strong>: Spar mere ved k\u00f8b af flere flasker.<\/li>\n<\/ul>\n\n\n\n<h3 class=\"wp-block-heading\">Vigtig brugerinformation<\/h3>\n\n\n\n<ul class=\"wp-block-list\">\n<li>Dette produkt er kun beregnet til brug som duftspreder eller reng\u00f8ringsmiddel.<\/li>\n\n\n\n<li>Det er ikke egnet til indtagelse eller ind\u00e5nding.<\/li>\n\n\n\n<li>Undg\u00e5 direkte hud- eller \u00f8jenkontakt p\u00e5 grund af dets \u00e6tsende egenskaber.<\/li>\n\n\n\n<li>Opbevares k\u00f8ligt og m\u00f8rkt, og luk flasken t\u00e6t efter brug.<\/li>\n<\/ul>\n\n\n\n<h3 class=\"wp-block-heading\">Advarsler<\/h3>\n\n\n\n<ul class=\"wp-block-list\">\n<li>Meget brandfarlig v\u00e6ske og damp (H225).<\/li>\n\n\n\n<li>For\u00e5rsager hud- og \u00f8jenirritation (H315\/H319).<\/li>\n\n\n\n<li>Giftig ved ind\u00e5nding (H331).<\/li>\n\n\n\n<li>Ikke et l\u00e6gemiddel eller medicinsk produkt.<\/li>\n\n\n\n<li>Brug kun som anvist.<\/li>\n<\/ul>\n\n\n\n<h3 class=\"wp-block-heading\">Opbevaring<\/h3>\n\n\n\n<ul class=\"wp-block-list\">\n<li>Opbevares k\u00f8ligt og t\u00f8rt.<\/li>\n\n\n\n<li>Opbevares utilg\u00e6ngeligt for b\u00f8rn.<\/li>\n<\/ul>\n\n\n\n<p><strong>Oprindelsesland<\/strong>: Luxembourg<\/p>\n\n\n\n<h3 class=\"wp-block-heading\">Bestil Bleachers Extra Strong Poppers i dag<\/h3>\n\n\n\n<p>Med Bleachers Extra Strong Poppers f\u00e5r du en duftspreder af h\u00f8j kvalitet, som kombinerer kvalitet og funktionalitet. Bestil i dag, og find ud af, hvorfor dette produkt er en favorit blandt duftspredere!<\/p>\n\n\n\n<p><\/p>","protected":false},"excerpt":{"rendered":"<p><strong><br \/>KOMPATIBELT TILBEH\u00d8R:<\/strong><\/p>\n<ul>\n<li><a href=\"https:\/\/stage.poppersparadise.eu\/da\/produktkategori\/tilbehor\/sniffer-lille\/\">Sniffers Small<\/a><\/li>\n<li><a href=\"https:\/\/stage.poppersparadise.eu\/da\/product\/xtrm-poppers-holder-oval-2\/\">XTRM Poppers Holder Oval<\/a><\/li>\n<li><a href=\"https:\/\/stage.poppersparadise.eu\/da\/product\/xtrm-poppers-keeper-large-24ml-2\/\">XTRM Poppers Keeper Large<\/a><\/li>\n<\/ul>","protected":false},"featured_media":288,"comment_status":"open","ping_status":"closed","template":"","meta":[],"product_brand":[],"product_cat":[35],"product_tag":[],"class_list":{"0":"post-834","1":"product","2":"type-product","3":"status-publish","4":"has-post-thumbnail","6":"product_cat-grote-flesjes-poppers","8":"first","9":"instock","10":"taxable","11":"shipping-taxable","12":"purchasable","13":"product-type-simple"},"_links":{"self":[{"href":"https:\/\/stage.poppersparadise.eu\/da\/wp-json\/wp\/v2\/product\/834","targetHints":{"allow":["GET"]}}],"collection":[{"href":"https:\/\/stage.poppersparadise.eu\/da\/wp-json\/wp\/v2\/product"}],"about":[{"href":"https:\/\/stage.poppersparadise.eu\/da\/wp-json\/wp\/v2\/types\/product"}],"replies":[{"embeddable":true,"href":"https:\/\/stage.poppersparadise.eu\/da\/wp-json\/wp\/v2\/comments?post=834"}],"wp:featuredmedia":[{"embeddable":true,"href":"https:\/\/stage.poppersparadise.eu\/da\/wp-json\/wp\/v2\/media\/288"}],"wp:attachment":[{"href":"https:\/\/stage.poppersparadise.eu\/da\/wp-json\/wp\/v2\/media?parent=834"}],"wp:term":[{"taxonomy":"product_brand","embeddable":true,"href":"https:\/\/stage.poppersparadise.eu\/da\/wp-json\/wp\/v2\/product_brand?post=834"},{"taxonomy":"product_cat","embeddable":true,"href":"https:\/\/stage.poppersparadise.eu\/da\/wp-json\/wp\/v2\/product_cat?post=834"},{"taxonomy":"product_tag","embeddable":true,"href":"https:\/\/stage.poppersparadise.eu\/da\/wp-json\/wp\/v2\/product_tag?post=834"}],"curies":[{"name":"wp","href":"https:\/\/api.w.org\/{rel}","templated":true}]}}