{"id":899,"date":"2024-10-08T16:52:23","date_gmt":"2024-10-08T14:52:23","guid":{"rendered":"https:\/\/stage.poppersparadise.eu\/product\/juice-zero-black-label-24ml\/"},"modified":"2025-09-12T04:16:03","modified_gmt":"2025-09-12T02:16:03","slug":"juice-zero-black-label-poppers-24-ml","status":"publish","type":"product","link":"https:\/\/stage.poppersparadise.eu\/da\/product\/juice-zero-black-label-poppers-24-ml\/","title":{"rendered":"Juice Zero Black Label 24ml"},"content":{"rendered":"<h2 class=\"wp-block-heading\">Oplev den st\u00e6rke kraft i Juice Zero Black Label Poppers<\/h2>\n\n\n\n<p>Oplev en intens duftoplevelse med Juice Zero Black Label Poppers. Denne duftspreder er specielt designet til elskere af st\u00e6rke aromaer og tilbyder en unik blanding af isoamyl- og isopropylnitrit. Takket v\u00e6re den kraftfulde formel og den medf\u00f8lgende Mega Pellet holder duften sig frisk i l\u00e6ngere tid, s\u00e5 du kan nyde den h\u00f8je kvalitet fuldt ud.<\/p>\n\n\n\n<h3 class=\"wp-block-heading\">N\u00f8glefunktioner i Juice Zero Black Label Poppers<\/h3>\n\n\n\n<ul class=\"wp-block-list\">\n<li><strong>Kraftfuld formel<\/strong>: Unik blanding af isoamyl- og isopropylnitrit for intens duftspredning.<\/li>\n\n\n\n<li><strong>Mega Pellet-teknologi<\/strong>: Giver langvarig friskhed og holdbarhed.<\/li>\n\n\n\n<li><strong>Indhold<\/strong>: 24 ml i en stilfuld, firkantet glasflaske.<\/li>\n\n\n\n<li><strong>Effekter<\/strong>: Giver en intens duftoplevelse, der bidrager til en behagelig og afslappende atmosf\u00e6re.<\/li>\n\n\n\n<li><strong>Brug<\/strong>: Der skal kun en lille m\u00e6ngde til for at opn\u00e5 maksimal effekt, ideelt til s\u00e6rlige \u00f8jeblikke.<\/li>\n<\/ul>\n\n\n\n<h3 class=\"wp-block-heading\">Vigtig brugerinformation<\/h3>\n\n\n\n<ul class=\"wp-block-list\">\n<li>Dette produkt er kun beregnet til brug som duftspreder eller reng\u00f8ringsmiddel.<\/li>\n\n\n\n<li>Det er ikke egnet til indtagelse eller ind\u00e5nding.<\/li>\n\n\n\n<li>Undg\u00e5 direkte hudkontakt p\u00e5 grund af de \u00e6tsende egenskaber.<\/li>\n\n\n\n<li>Opbevares k\u00f8ligt og m\u00f8rkt, og luk flasken t\u00e6t efter brug.<\/li>\n<\/ul>\n\n\n\n<h3 class=\"wp-block-heading\">Advarsler<\/h3>\n\n\n\n<ul class=\"wp-block-list\">\n<li>Meget brandfarlig v\u00e6ske og damp (H225).<\/li>\n\n\n\n<li>For\u00e5rsager hud- og \u00f8jenirritation (H315\/H319).<\/li>\n\n\n\n<li>Giftig ved ind\u00e5nding (H331).<\/li>\n\n\n\n<li>Ikke et l\u00e6gemiddel eller medicinsk produkt.<\/li>\n\n\n\n<li>Brug kun som anvist.<\/li>\n<\/ul>\n\n\n\n<h3 class=\"wp-block-heading\">Opbevaring<\/h3>\n\n\n\n<ul class=\"wp-block-list\">\n<li>Opbevares k\u00f8ligt og t\u00f8rt.<\/li>\n\n\n\n<li>Opbevares utilg\u00e6ngeligt for b\u00f8rn.<\/li>\n<\/ul>\n\n\n\n<h3 class=\"wp-block-heading\">Hvorfor v\u00e6lge Juice Zero Black Label Poppers?<\/h3>\n\n\n\n<p>Juice Zero Black Label Poppers kombinerer kraftig duftspredning med innovativ teknologi og p\u00e5lidelighed. Perfekt til entusiaster, der \u00f8nsker en duftoplevelse af h\u00f8j kvalitet.<\/p>\n\n\n\n<p>Bestil din flaske Juice Zero Black Label Poppers i dag, og oplev den intensitet og kvalitet, som dette produkt har at byde p\u00e5!<\/p>","protected":false},"excerpt":{"rendered":"<p><strong><br \/>KOMPATIBELT TILBEH\u00d8R:<\/strong><\/p>\n<ul>\n<li><a href=\"https:\/\/stage.poppersparadise.eu\/da\/produktkategori\/tilbehor\/sniffere-store\/\">Sniffers Large<\/a><\/li>\n<li><a href=\"https:\/\/stage.poppersparadise.eu\/da\/product\/xtrm-poppers-holder-stor\/\">XTRM Poppers Holder stor<\/a><\/li>\n<li><a href=\"https:\/\/stage.poppersparadise.eu\/da\/product\/xtrm-poppers-keeper-large-24ml-2\/\">XTRM Poppers Keeper Large<\/a><\/li>\n<\/ul>","protected":false},"featured_media":12407,"comment_status":"open","ping_status":"closed","template":"","meta":[],"product_brand":[744],"product_cat":[35],"product_tag":[],"class_list":{"0":"post-899","1":"product","2":"type-product","3":"status-publish","4":"has-post-thumbnail","6":"product_brand-juice","7":"product_cat-grote-flesjes-poppers","9":"first","10":"instock","11":"taxable","12":"shipping-taxable","13":"purchasable","14":"product-type-simple"},"_links":{"self":[{"href":"https:\/\/stage.poppersparadise.eu\/da\/wp-json\/wp\/v2\/product\/899","targetHints":{"allow":["GET"]}}],"collection":[{"href":"https:\/\/stage.poppersparadise.eu\/da\/wp-json\/wp\/v2\/product"}],"about":[{"href":"https:\/\/stage.poppersparadise.eu\/da\/wp-json\/wp\/v2\/types\/product"}],"replies":[{"embeddable":true,"href":"https:\/\/stage.poppersparadise.eu\/da\/wp-json\/wp\/v2\/comments?post=899"}],"wp:featuredmedia":[{"embeddable":true,"href":"https:\/\/stage.poppersparadise.eu\/da\/wp-json\/wp\/v2\/media\/12407"}],"wp:attachment":[{"href":"https:\/\/stage.poppersparadise.eu\/da\/wp-json\/wp\/v2\/media?parent=899"}],"wp:term":[{"taxonomy":"product_brand","embeddable":true,"href":"https:\/\/stage.poppersparadise.eu\/da\/wp-json\/wp\/v2\/product_brand?post=899"},{"taxonomy":"product_cat","embeddable":true,"href":"https:\/\/stage.poppersparadise.eu\/da\/wp-json\/wp\/v2\/product_cat?post=899"},{"taxonomy":"product_tag","embeddable":true,"href":"https:\/\/stage.poppersparadise.eu\/da\/wp-json\/wp\/v2\/product_tag?post=899"}],"curies":[{"name":"wp","href":"https:\/\/api.w.org\/{rel}","templated":true}]}}