{"id":941,"date":"2024-10-08T16:52:35","date_gmt":"2024-10-08T14:52:35","guid":{"rendered":"https:\/\/stage.poppersparadise.eu\/product\/original-super-black-label10ml\/"},"modified":"2025-08-19T15:38:49","modified_gmt":"2025-08-19T13:38:49","slug":"originale-super-black-label-poppers-10-ml","status":"publish","type":"product","link":"https:\/\/stage.poppersparadise.eu\/da\/product\/originale-super-black-label-poppers-10-ml\/","title":{"rendered":"\u26a1Original Super Black Label\u26a110ml"},"content":{"rendered":"<h2 class=\"wp-block-heading\">Oplev Original Super Black Label Poppers<\/h2>\n\n\n\n<p>L\u00f8ft din duftoplevelse med Original Super Black Label Poppers, der er specielt designet til dem, der leder efter en intens og unik oplevelse. Med en kraftig isoamylnitritbaseret formel giver disse poppers en langvarig og forfriskende duftspredning, der er ideel til at skabe en behagelig og afslappende atmosf\u00e6re.<\/p>\n\n\n\n<h3 class=\"wp-block-heading\">Hvorfor v\u00e6lge Original Super Black Label Poppers?<\/h3>\n\n\n\n<ul class=\"wp-block-list\">\n<li><strong>Unik duftoplevelse<\/strong>: Skab en atmosf\u00e6re af afslapning og komfort.<\/li>\n\n\n\n<li><strong>Stimulerende aromaer<\/strong>: Forfriskende dufte, der beriger ethvert rum.<\/li>\n\n\n\n<li><strong>Langvarig effekt<\/strong>: Nyd langvarig duftspredning.<\/li>\n\n\n\n<li><strong>Eksklusivt tilbud<\/strong>: Udnyt de attraktive m\u00e6ngderabatter ved k\u00f8b af flere flasker.<\/li>\n<\/ul>\n\n\n\n<h3 class=\"wp-block-heading\">Produktspecifikationer<\/h3>\n\n\n\n<ul class=\"wp-block-list\">\n<li><strong>Navn<\/strong>: Original Super Black Label<\/li>\n\n\n\n<li><strong>Indhold<\/strong>: 10 ml \/ 30 ml<\/li>\n\n\n\n<li><strong>Aktiv ingrediens<\/strong>: Isoamylnitrit<\/li>\n<\/ul>\n\n\n\n<h3 class=\"wp-block-heading\">Anvendelse<\/h3>\n\n\n\n<p>Original Super Black Label Poppers er ideelle til at skabe en behagelig og afslappende atmosf\u00e6re i ethvert rum. Produktet er kun beregnet til brug som duftspreder eller reng\u00f8ringsopl\u00f8sning.<\/p>\n\n\n\n<h3 class=\"wp-block-heading\">Vigtig information om brug<\/h3>\n\n\n\n<ul class=\"wp-block-list\">\n<li>Dette produkt er kun beregnet til brug som duftspreder eller reng\u00f8ringsmiddel.<\/li>\n\n\n\n<li>Det er ikke egnet til indtagelse eller ind\u00e5nding.<\/li>\n\n\n\n<li>Undg\u00e5 direkte hudkontakt p\u00e5 grund af de \u00e6tsende egenskaber.<\/li>\n\n\n\n<li>Opbevares k\u00f8ligt og m\u00f8rkt, og luk flasken t\u00e6t efter brug.<\/li>\n<\/ul>\n\n\n\n<h3 class=\"wp-block-heading\">Advarsler<\/h3>\n\n\n\n<ul class=\"wp-block-list\">\n<li>Meget brandfarlig v\u00e6ske og damp (H225)<\/li>\n\n\n\n<li>For\u00e5rsager hud- og \u00f8jenirritation (H315\/H319)<\/li>\n\n\n\n<li>Giftig ved ind\u00e5nding (H331)<\/li>\n\n\n\n<li>Ikke et l\u00e6gemiddel eller medicinsk produkt<\/li>\n\n\n\n<li>Brug kun som anvist<\/li>\n<\/ul>\n\n\n\n<h3 class=\"wp-block-heading\">Opbevaring<\/h3>\n\n\n\n<ul class=\"wp-block-list\">\n<li>Opbevares k\u00f8ligt og t\u00f8rt.<\/li>\n\n\n\n<li>Opbevares utilg\u00e6ngeligt for b\u00f8rn.<\/li>\n<\/ul>\n\n\n\n<h3 class=\"wp-block-heading\">Oprindelsesland<\/h3>\n\n\n\n<ul class=\"wp-block-list\">\n<li>Luxembourg<\/li>\n<\/ul>\n\n\n\n<p>Original Super Black Label Poppers er udelukkende beregnet til brug som duftspreder eller reng\u00f8ringsopl\u00f8sning og opfylder de h\u00f8jeste kvalitetsstandarder. Udnyt vores m\u00e6ngderabatter, og bestil i dag!<\/p>","protected":false},"excerpt":{"rendered":"<p><strong><br \/>KOMPATIBELT TILBEH\u00d8R:<\/strong><\/p>\n<ul>\n<li><a href=\"https:\/\/stage.poppersparadise.eu\/da\/produktkategori\/tilbehor\/sniffer-lille\/\">Sniffers Small<\/a><\/li>\n<li><a href=\"https:\/\/stage.poppersparadise.eu\/da\/product\/xtrm-poppers-houder-zwart-small\/\">XTRM Poppers Holder Lille<\/a><\/li>\n<li><a href=\"https:\/\/stage.poppersparadise.eu\/da\/product\/xtrm-poppers-keeper-small-10ml-2\/\">XTRM Poppers Keeper Small<\/a><\/li>\n<\/ul>","protected":false},"featured_media":648,"comment_status":"open","ping_status":"closed","template":"","meta":[],"product_brand":[748],"product_cat":[34],"product_tag":[],"class_list":{"0":"post-941","1":"product","2":"type-product","3":"status-publish","4":"has-post-thumbnail","6":"product_brand-original","7":"product_cat-kleine-flesjes-poppers","9":"first","10":"instock","11":"taxable","12":"shipping-taxable","13":"purchasable","14":"product-type-simple"},"_links":{"self":[{"href":"https:\/\/stage.poppersparadise.eu\/da\/wp-json\/wp\/v2\/product\/941","targetHints":{"allow":["GET"]}}],"collection":[{"href":"https:\/\/stage.poppersparadise.eu\/da\/wp-json\/wp\/v2\/product"}],"about":[{"href":"https:\/\/stage.poppersparadise.eu\/da\/wp-json\/wp\/v2\/types\/product"}],"replies":[{"embeddable":true,"href":"https:\/\/stage.poppersparadise.eu\/da\/wp-json\/wp\/v2\/comments?post=941"}],"wp:featuredmedia":[{"embeddable":true,"href":"https:\/\/stage.poppersparadise.eu\/da\/wp-json\/wp\/v2\/media\/648"}],"wp:attachment":[{"href":"https:\/\/stage.poppersparadise.eu\/da\/wp-json\/wp\/v2\/media?parent=941"}],"wp:term":[{"taxonomy":"product_brand","embeddable":true,"href":"https:\/\/stage.poppersparadise.eu\/da\/wp-json\/wp\/v2\/product_brand?post=941"},{"taxonomy":"product_cat","embeddable":true,"href":"https:\/\/stage.poppersparadise.eu\/da\/wp-json\/wp\/v2\/product_cat?post=941"},{"taxonomy":"product_tag","embeddable":true,"href":"https:\/\/stage.poppersparadise.eu\/da\/wp-json\/wp\/v2\/product_tag?post=941"}],"curies":[{"name":"wp","href":"https:\/\/api.w.org\/{rel}","templated":true}]}}