{"id":944,"date":"2024-10-08T14:52:36","date_gmt":"2024-10-08T14:52:36","guid":{"rendered":"https:\/\/stage.poppersparadise.eu\/product\/original-zero30ml\/"},"modified":"2025-08-21T10:52:42","modified_gmt":"2025-08-21T08:52:42","slug":"originale-zero-poppers-30-ml","status":"publish","type":"product","link":"https:\/\/stage.poppersparadise.eu\/da\/product\/originale-zero-poppers-30-ml\/","title":{"rendered":"\u26a1Original Zero\u26a130ml"},"content":{"rendered":"<h2 class=\"wp-block-heading\">Slip en sp\u00e6ndende duftoplevelse l\u00f8s med den kraftfulde Original Zero Poppers<\/h2>\n\n\n\n<p>Oplev unik og intens duftspredning med Original Zero Poppers, der er specielt designet til elskere af aromaer af h\u00f8j kvalitet. Med en blanding af isoamylnitrit og isopropylnitrit giver dette produkt en kraftig og langvarig duftoplevelse, der er perfekt til forskellige anvendelser.<\/p>\n\n\n\n<h3 class=\"wp-block-heading\">Produktspecifikationer<\/h3>\n\n\n\n<ul class=\"wp-block-list\">\n<li><strong>Kraftfuld formel<\/strong>: Komposition af h\u00f8j kvalitet til intens duftspredning<\/li>\n\n\n\n<li><strong>Praktisk indpakning<\/strong>: F\u00e5s i 10 ml og 30 ml glasflasker, ideelle til rejser<\/li>\n\n\n\n<li><strong>Eksklusivt tilbud<\/strong>: F\u00e5 m\u00e6ngderabat, n\u00e5r du k\u00f8ber 3 eller flere flasker<\/li>\n\n\n\n<li><strong>Forbedret friskhed<\/strong>: Hver flaske indeholder en pille, der bevarer aromaens friskhed og kvalitet.<\/li>\n<\/ul>\n\n\n\n<h3 class=\"wp-block-heading\">Vigtig brugerinformation<\/h3>\n\n\n\n<ul class=\"wp-block-list\">\n<li>Dette produkt er kun beregnet til brug som duftspreder eller reng\u00f8ringsmiddel.<\/li>\n\n\n\n<li>Det er ikke egnet til indtagelse eller ind\u00e5nding.<\/li>\n\n\n\n<li>Undg\u00e5 direkte hud- eller \u00f8jenkontakt p\u00e5 grund af dets \u00e6tsende egenskaber.<\/li>\n\n\n\n<li>Opbevares k\u00f8ligt og m\u00f8rkt, og luk flasken t\u00e6t efter brug.<\/li>\n<\/ul>\n\n\n\n<h3 class=\"wp-block-heading\">Advarsler<\/h3>\n\n\n\n<ul class=\"wp-block-list\">\n<li>Meget brandfarlig v\u00e6ske og damp (H225).<\/li>\n\n\n\n<li>For\u00e5rsager hud- og \u00f8jenirritation (H315\/H319).<\/li>\n\n\n\n<li>Giftig ved ind\u00e5nding (H331).<\/li>\n\n\n\n<li>Ikke et l\u00e6gemiddel eller medicinsk produkt.<\/li>\n\n\n\n<li>Brug kun som anvist.<\/li>\n<\/ul>\n\n\n\n<h3 class=\"wp-block-heading\">Opbevaring<\/h3>\n\n\n\n<ul class=\"wp-block-list\">\n<li>Opbevares k\u00f8ligt og t\u00f8rt.<\/li>\n\n\n\n<li>Opbevares utilg\u00e6ngeligt for b\u00f8rn.<\/li>\n<\/ul>\n\n\n\n<p><strong>Oprindelsesland<\/strong>: Luxembourg<\/p>\n\n\n\n<h3 class=\"wp-block-heading\">Bestil Original Zero Poppers i dag<\/h3>\n\n\n\n<p>Med Original Zero Poppers f\u00e5r du en duftspreder af h\u00f8j kvalitet, som kombinerer kvalitet og funktionalitet. Bestil i dag, og find ud af, hvorfor dette produkt er en favorit blandt duftspredere!<\/p>","protected":false},"excerpt":{"rendered":"<p>Amyl<\/p>","protected":false},"featured_media":651,"comment_status":"open","ping_status":"closed","template":"","meta":[],"product_brand":[748],"product_cat":[35],"product_tag":[],"class_list":{"0":"post-944","1":"product","2":"type-product","3":"status-publish","4":"has-post-thumbnail","6":"product_brand-original","7":"product_cat-grote-flesjes-poppers","9":"first","10":"instock","11":"taxable","12":"shipping-taxable","13":"purchasable","14":"product-type-simple"},"_links":{"self":[{"href":"https:\/\/stage.poppersparadise.eu\/da\/wp-json\/wp\/v2\/product\/944","targetHints":{"allow":["GET"]}}],"collection":[{"href":"https:\/\/stage.poppersparadise.eu\/da\/wp-json\/wp\/v2\/product"}],"about":[{"href":"https:\/\/stage.poppersparadise.eu\/da\/wp-json\/wp\/v2\/types\/product"}],"replies":[{"embeddable":true,"href":"https:\/\/stage.poppersparadise.eu\/da\/wp-json\/wp\/v2\/comments?post=944"}],"wp:featuredmedia":[{"embeddable":true,"href":"https:\/\/stage.poppersparadise.eu\/da\/wp-json\/wp\/v2\/media\/651"}],"wp:attachment":[{"href":"https:\/\/stage.poppersparadise.eu\/da\/wp-json\/wp\/v2\/media?parent=944"}],"wp:term":[{"taxonomy":"product_brand","embeddable":true,"href":"https:\/\/stage.poppersparadise.eu\/da\/wp-json\/wp\/v2\/product_brand?post=944"},{"taxonomy":"product_cat","embeddable":true,"href":"https:\/\/stage.poppersparadise.eu\/da\/wp-json\/wp\/v2\/product_cat?post=944"},{"taxonomy":"product_tag","embeddable":true,"href":"https:\/\/stage.poppersparadise.eu\/da\/wp-json\/wp\/v2\/product_tag?post=944"}],"curies":[{"name":"wp","href":"https:\/\/api.w.org\/{rel}","templated":true}]}}