{"id":10631,"date":"2024-10-13T19:06:52","date_gmt":"2024-10-13T19:06:52","guid":{"rendered":"https:\/\/stage.poppersparadise.eu\/product\/xtrm-snffr-solo-large\/"},"modified":"2025-10-06T23:06:21","modified_gmt":"2025-10-06T21:06:21","slug":"xtrm-snffr-solo-gros-2","status":"publish","type":"product","link":"https:\/\/stage.poppersparadise.eu\/de\/produkt\/xtrm-snffr-solo-gros-2\/","title":{"rendered":"XTRM SNFFR Large Solo"},"content":{"rendered":"<p><strong>Der XTRM Sniffer Inhalator ist ein Schn\u00fcffelaufsatz f\u00fcr Lederreiniger<\/strong>. Mit diesem Aufsatz gibt dir das Sniefen einen v\u00f6llig neuen Rausch. So intensiv, so rein, so geil mit dem fettesten Hammer-High, das du je gesehen hast.<\/p>\n<p>Mit diesem XTRM Sniffer Inhalator ist Ihr Lederreiniger sofort einsatzbereit, kein Gefummel mehr mit dem Schraubverschluss. Es wird keine Watte oder Maske mehr ben\u00f6tigt und die Gefahr, das Produkt zu versch\u00fctten, ist viel geringer.<\/p>\n<p><strong>Und das Beste ist: Es gibt keine Nebenwirkungen. Kein unangenehmer Hautkontakt mit dem Aroma, keine Hautreizungen oder -r\u00f6tungen.<\/strong><\/p>\n<ul>\n<li>Passend f\u00fcr alle gro\u00dfen Lederreinigerflaschen<\/li>\n<li>Die Wirkung wird um ein Vielfaches verst\u00e4rkt<\/li>\n<li>Das Inhalationssystem erh\u00e4lt einen grandiosen Kick durch die mehrfache Zirkulation des Aromas<\/li>\n<li>Keine Hautreizung oder rote Nase<\/li>\n<li>Alte Aromen werden durch unsere SNFFR wiederbelebt und sind wieder stark wie fr\u00fcher<\/li>\n<li>Kein unangenehmer Hautkontakt mit dem Aroma, keine Hautreizungen oder -r\u00f6tungen<\/li>\n<li>Spa\u00df zum Greifen nah, kein \u00c4rger mehr mit dem Schraubverschluss<\/li>\n<li>100% made in Austria (nicht in China oder anderen Billigl\u00e4ndern)<\/li>\n<li>Der XTRM Sniffer-Inhalator ist ein Schn\u00fcffelaufsatz f\u00fcr Lederreiniger. Mit diesem Aufsatz gibt dir das Schn\u00fcffeln einen v\u00f6llig neuen Rausch. So intensiv, so rein, so geil mit dem fettesten Hammer-High, das du je gesehen hast.<\/li>\n<li>Mit diesem XTRM Sniffer Inhalator ist Ihr Lederreiniger sofort einsatzbereit, kein Fummeln mehr am Schraubverschluss. Kein Wattebausch und keine Maske mehr n\u00f6tig und die Gefahr, das Produkt zu versch\u00fctten, ist deutlich geringer.<\/li>\n<li>Und das Beste ist: Es gibt keine Nebenwirkungen. Kein unangenehmer Hautkontakt mit dem Aroma, keine Hautreizungen oder -r\u00f6tungen.<\/li>\n<\/ul>\n<p><strong><br \/>Benutzerhandbuch<\/strong>Der XTRM Sniffer Inhalator vertr\u00e4gt keine Sonne, Hitze, K\u00e4lte oder scharfe Reinigungsmittel. Am besten ist es, ihn nach jedem Gebrauch zu waschen und wieder in die Verpackung zu legen.<\/p>\n<p><img decoding=\"async\" src=\"https:\/\/cdn.webshopapp.com\/shops\/261986\/files\/457767906\/large-bottles.jpg\" alt=\"\" width=\"100%\" \/><\/p>","protected":false},"excerpt":{"rendered":"<p>Der XTRM Sniffer-Inhalator ist ein Schn\u00fcffelaufsatz f\u00fcr Lederreiniger. Mit diesem Aufsatz gibt dir das Schn\u00fcffeln einen v\u00f6llig neuen Rausch. So intensiv, so rein, so geil mit dem fettesten Hammer-High, das du je gesehen hast.<\/p>","protected":false},"featured_media":14750,"comment_status":"open","ping_status":"closed","template":"","meta":[],"product_brand":[752],"product_cat":[330,530],"product_tag":[528],"class_list":{"0":"post-10631","1":"product","2":"type-product","3":"status-publish","4":"has-post-thumbnail","6":"product_brand-xtrm","7":"product_cat-accessoires","8":"product_cat-sniffers-large","9":"product_tag-largesnnfr","11":"first","12":"instock","13":"sale","14":"taxable","15":"shipping-taxable","16":"purchasable","17":"product-type-simple"},"_links":{"self":[{"href":"https:\/\/stage.poppersparadise.eu\/de\/wp-json\/wp\/v2\/product\/10631","targetHints":{"allow":["GET"]}}],"collection":[{"href":"https:\/\/stage.poppersparadise.eu\/de\/wp-json\/wp\/v2\/product"}],"about":[{"href":"https:\/\/stage.poppersparadise.eu\/de\/wp-json\/wp\/v2\/types\/product"}],"replies":[{"embeddable":true,"href":"https:\/\/stage.poppersparadise.eu\/de\/wp-json\/wp\/v2\/comments?post=10631"}],"wp:featuredmedia":[{"embeddable":true,"href":"https:\/\/stage.poppersparadise.eu\/de\/wp-json\/wp\/v2\/media\/14750"}],"wp:attachment":[{"href":"https:\/\/stage.poppersparadise.eu\/de\/wp-json\/wp\/v2\/media?parent=10631"}],"wp:term":[{"taxonomy":"product_brand","embeddable":true,"href":"https:\/\/stage.poppersparadise.eu\/de\/wp-json\/wp\/v2\/product_brand?post=10631"},{"taxonomy":"product_cat","embeddable":true,"href":"https:\/\/stage.poppersparadise.eu\/de\/wp-json\/wp\/v2\/product_cat?post=10631"},{"taxonomy":"product_tag","embeddable":true,"href":"https:\/\/stage.poppersparadise.eu\/de\/wp-json\/wp\/v2\/product_tag?post=10631"}],"curies":[{"name":"wp","href":"https:\/\/api.w.org\/{rel}","templated":true}]}}