{"id":10675,"date":"2024-10-13T19:07:15","date_gmt":"2024-10-13T19:07:15","guid":{"rendered":"https:\/\/stage.poppersparadise.eu\/product\/republik-ppprs-sniffer-cap-small\/"},"modified":"2025-09-22T15:59:06","modified_gmt":"2025-09-22T13:59:06","slug":"republik-ppprs-sniffer-cap-klein","status":"publish","type":"product","link":"https:\/\/stage.poppersparadise.eu\/de\/produkt\/republik-ppprs-sniffer-cap-klein\/","title":{"rendered":"Republik Poppers Sniffer Cap Small"},"content":{"rendered":"<h4 class=\"font-bold text-body leading-[24px] pt-[12px] pb-[2px] [&amp;_a]:underline-offset-[6px] [&amp;_.underline]:underline-offset-[6px]\" dir=\"ltr\">Steigern Sie Ihre Erfahrung mit dem Poppers-Adapter von Republik<\/h4>\n<p class=\"text-body font-regular leading-[24px] pt-[9px] pb-[2px]\" dir=\"ltr\">Entdecken Sie ein neues Ma\u00df an Komfort und Vergn\u00fcgen mit dem brandneuen Poppers Adapter von Republik. Dieser innovative Adapter wurde mit Blick auf Ihren Komfort und Ihre Bequemlichkeit entwickelt und ver\u00e4ndert die Art und Weise, wie Sie Ihre Lieblings-Popper verwenden, und bietet ein nahtloses und berauschendes Erlebnis.<\/p>\n<h4 class=\"font-bold text-body leading-[24px] pt-[12px] pb-[2px] [&amp;_a]:underline-offset-[6px] [&amp;_.underline]:underline-offset-[6px]\" dir=\"ltr\">Wichtige Hinweise f\u00fcr den Gebrauch<\/h4>\n<ul class=\"pt-[9px] pb-[2px] pl-[24px] list-disc [&amp;_ul]:pt-[5px] pt-[5px]\">\n<li class=\"text-body font-regular leading-[24px] my-[5px] [&amp;&gt;ol]:!pt-0 [&amp;&gt;ol]:!pb-0 [&amp;&gt;ul]:!pt-0 [&amp;&gt;ul]:!pb-0\" value=\"1\">Halten Sie die Flasche immer aufrecht und sch\u00fctteln Sie sie nicht.<\/li>\n<li class=\"text-body font-regular leading-[24px] my-[5px] [&amp;&gt;ol]:!pt-0 [&amp;&gt;ol]:!pb-0 [&amp;&gt;ul]:!pt-0 [&amp;&gt;ul]:!pb-0\" value=\"2\">Der Adapter verhindert zwar nicht, dass etwas ausl\u00e4uft oder verdunstet, aber er erm\u00f6glicht einen einfachen Zugang zu den Poppern.<\/li>\n<li class=\"text-body font-regular leading-[24px] my-[5px] [&amp;&gt;ol]:!pt-0 [&amp;&gt;ol]:!pb-0 [&amp;&gt;ul]:!pt-0 [&amp;&gt;ul]:!pb-0\" value=\"4\">Achten Sie bei der Verwendung darauf, dass die kleine Luft\u00f6ffnung an der Basis der Kappe nicht blockiert wird.<\/li>\n<li class=\"text-body font-regular leading-[24px] my-[5px] [&amp;&gt;ol]:!pt-0 [&amp;&gt;ol]:!pb-0 [&amp;&gt;ul]:!pt-0 [&amp;&gt;ul]:!pb-0\" value=\"5\">Bringen Sie nach dem Gebrauch die Originalkappe wieder an und reinigen Sie den Adapter mit warmem Wasser, um seine Lebensdauer zu verl\u00e4ngern.<\/li>\n<\/ul>\n<h4 class=\"font-bold text-body leading-[24px] pt-[12px] pb-[2px] [&amp;_a]:underline-offset-[6px] [&amp;_.underline]:underline-offset-[6px]\" dir=\"ltr\">Vielseitige Kompatibilit\u00e4t<\/h4>\n<p class=\"text-body font-regular leading-[24px] pt-[9px] pb-[2px]\" dir=\"ltr\">Der Poppers-Adapter von Republik ist mit einer Vielzahl von Flaschen kompatibel:<\/p>\n<ul class=\"pt-[9px] pb-[2px] pl-[24px] list-disc [&amp;_ul]:pt-[5px] pt-[5px]\">\n<li class=\"text-body font-regular leading-[24px] my-[5px] [&amp;&gt;ol]:!pt-0 [&amp;&gt;ol]:!pb-0 [&amp;&gt;ul]:!pt-0 [&amp;&gt;ul]:!pb-0\" value=\"1\">Alle kleinen Knallfr\u00f6sche<\/li>\n<li class=\"text-body font-regular leading-[24px] my-[5px] [&amp;&gt;ol]:!pt-0 [&amp;&gt;ol]:!pb-0 [&amp;&gt;ul]:!pt-0 [&amp;&gt;ul]:!pb-0\" value=\"2\">Mittelgro\u00dfe Popper (au\u00dfer der Magnum-Linie)<\/li>\n<li class=\"text-body font-regular leading-[24px] my-[5px] [&amp;&gt;ol]:!pt-0 [&amp;&gt;ol]:!pb-0 [&amp;&gt;ul]:!pt-0 [&amp;&gt;ul]:!pb-0\" value=\"3\">Gro\u00dfe ovale Knallk\u00f6rper wie Rush Ultra Strong, BareBuddy und Xtrash<\/li>\n<li class=\"text-body font-regular leading-[24px] my-[5px] [&amp;&gt;ol]:!pt-0 [&amp;&gt;ol]:!pb-0 [&amp;&gt;ul]:!pt-0 [&amp;&gt;ul]:!pb-0\" value=\"4\">Lange Flaschen wie Highrise Ultra Strong<\/li>\n<li class=\"text-body font-regular leading-[24px] my-[5px] [&amp;&gt;ol]:!pt-0 [&amp;&gt;ol]:!pb-0 [&amp;&gt;ul]:!pt-0 [&amp;&gt;ul]:!pb-0\" value=\"5\">Aluminiumflaschen wie Iron Fist<\/li>\n<li class=\"text-body font-regular leading-[24px] my-[5px] [&amp;&gt;ol]:!pt-0 [&amp;&gt;ol]:!pb-0 [&amp;&gt;ul]:!pt-0 [&amp;&gt;ul]:!pb-0\" value=\"6\">XL-Rundflaschen wie Radikal Rush und Amsterdam Revolution<\/li>\n<\/ul>\n<h4 class=\"font-bold text-body leading-[24px] pt-[12px] pb-[2px] [&amp;_a]:underline-offset-[6px] [&amp;_.underline]:underline-offset-[6px]\" dir=\"ltr\">Transformieren Sie Ihr Erlebnis<\/h4>\n<p class=\"text-body font-regular leading-[24px] pt-[9px] pb-[2px]\" dir=\"ltr\">Verabschieden Sie sich von klobigen Verschlusskappen und unordentlichem Kleckern. Mit dem Poppers-Adapter von Republik genie\u00dfen Sie ein raffiniertes und leistungsstarkes Erlebnis. Erh\u00f6hen Sie Ihre Routine und machen Sie jeden Moment mit diesem unverzichtbaren Zubeh\u00f6r wertvoll.<\/p>","protected":false},"excerpt":{"rendered":"<p>Entdecken Sie ein neues Ma\u00df an Komfort und Spa\u00df mit dem brandneuen P*ppers Adapter von Republik. Dieser innovative Adapter wurde mit Blick auf Ihren Komfort und Ihre Bequemlichkeit entwickelt und ver\u00e4ndert die Art und Weise, wie Sie Ihre Lieblings-P*ppers verwenden, und bietet ein nahtloses und aufregendes Erlebnis.<\/p>","protected":false},"featured_media":10674,"comment_status":"open","ping_status":"closed","template":"","meta":[],"product_brand":[],"product_cat":[330,529],"product_tag":[527],"class_list":{"0":"post-10675","1":"product","2":"type-product","3":"status-publish","4":"has-post-thumbnail","6":"product_cat-accessoires","7":"product_cat-sniffers-small","8":"product_tag-smallsnffr","10":"first","11":"instock","12":"taxable","13":"shipping-taxable","14":"purchasable","15":"product-type-simple"},"_links":{"self":[{"href":"https:\/\/stage.poppersparadise.eu\/de\/wp-json\/wp\/v2\/product\/10675","targetHints":{"allow":["GET"]}}],"collection":[{"href":"https:\/\/stage.poppersparadise.eu\/de\/wp-json\/wp\/v2\/product"}],"about":[{"href":"https:\/\/stage.poppersparadise.eu\/de\/wp-json\/wp\/v2\/types\/product"}],"replies":[{"embeddable":true,"href":"https:\/\/stage.poppersparadise.eu\/de\/wp-json\/wp\/v2\/comments?post=10675"}],"wp:featuredmedia":[{"embeddable":true,"href":"https:\/\/stage.poppersparadise.eu\/de\/wp-json\/wp\/v2\/media\/10674"}],"wp:attachment":[{"href":"https:\/\/stage.poppersparadise.eu\/de\/wp-json\/wp\/v2\/media?parent=10675"}],"wp:term":[{"taxonomy":"product_brand","embeddable":true,"href":"https:\/\/stage.poppersparadise.eu\/de\/wp-json\/wp\/v2\/product_brand?post=10675"},{"taxonomy":"product_cat","embeddable":true,"href":"https:\/\/stage.poppersparadise.eu\/de\/wp-json\/wp\/v2\/product_cat?post=10675"},{"taxonomy":"product_tag","embeddable":true,"href":"https:\/\/stage.poppersparadise.eu\/de\/wp-json\/wp\/v2\/product_tag?post=10675"}],"curies":[{"name":"wp","href":"https:\/\/api.w.org\/{rel}","templated":true}]}}