{"id":12047,"date":"2024-11-01T12:02:03","date_gmt":"2024-11-01T11:02:03","guid":{"rendered":"https:\/\/stage.poppersparadise.eu\/product\/deep-2-suck-deep-throat-spray\/"},"modified":"2025-09-25T20:56:11","modified_gmt":"2025-09-25T18:56:11","slug":"deep-2-suck-deep-throat-spray","status":"publish","type":"product","link":"https:\/\/stage.poppersparadise.eu\/de\/produkt\/deep-2-suck-deep-throat-spray\/","title":{"rendered":"XTRM Deep 2 Suck Deep Throat Spray"},"content":{"rendered":"<h2 class=\"font-bold text-h3 leading-[36px] pt-[21px] pb-[2px] [&amp;_a]:underline-offset-[6px] [&amp;_.underline]:underline-offset-[6px]\" dir=\"ltr\">Entdecken Sie tieferes Vergn\u00fcgen mit Deep2Suck<\/h2>\n<p class=\"text-body font-regular leading-[24px] pt-[9px] pb-[2px]\" dir=\"ltr\">Erh\u00f6hen Sie Ihr intimes Erlebnis mit DEEP2SUCK Suck it Harder, einem revolution\u00e4ren Deep Throat Spray, das perfekt f\u00fcr die Verbesserung des Oralsex ist. Dieses Spray wird von Darstellern aus der Erotikbranche und allen, die ihre Befriedigung auf ein professionelles Niveau heben wollen, verwendet und wurde entwickelt, um das Vergn\u00fcgen f\u00fcr beide Partner zu steigern.<\/p>\n<p class=\"text-body font-regular leading-[24px] pt-[9px] pb-[2px]\" dir=\"ltr\"><strong>Mann oder Frau, Pornostar oder Domina<\/strong>Sie alle tun es und lieben es! Die, die weniger intensiv und tiefer sind!<\/p>\n<p>Viele Pornostars (M\u00e4nner oder Frauen) kennen bereits unser Geheimrezept von Deep2Suck, das Vergn\u00fcgen, den Penis oral zu ber\u00fchren, sehr tief? Deep Throat?<\/p>\n<p>Legen Sie sich auf den R\u00fccken, Ihr Partner vor Ihnen und nehmen Sie nun den Penis.... Zentimeter f\u00fcr Zentimeter in sich auf.<\/p>\n<ul class=\"pt-[9px] pb-[2px] pl-[24px] list-disc [&amp;_ul]:pt-[5px] pt-[5px]\">\n<li class=\"text-body font-regular leading-[24px] my-[5px] [&amp;&gt;ol]:!pt-0 [&amp;&gt;ol]:!pb-0 [&amp;&gt;ul]:!pt-0 [&amp;&gt;ul]:!pb-0\" value=\"1\"><b><strong class=\"font-bold\">Verbessert die m\u00fcndliche Erfahrung:<\/strong><\/b> Sorgt f\u00fcr tieferes, intensiveres Vergn\u00fcgen ohne Unbehagen.<\/li>\n<li class=\"text-body font-regular leading-[24px] my-[5px] [&amp;&gt;ol]:!pt-0 [&amp;&gt;ol]:!pb-0 [&amp;&gt;ul]:!pt-0 [&amp;&gt;ul]:!pb-0\" value=\"2\"><b><strong class=\"font-bold\">Schnell wirkende Formel:<\/strong><\/b> Sp\u00fcren Sie die Wirkung in nur 5-15 Minuten.<\/li>\n<li class=\"text-body font-regular leading-[24px] my-[5px] [&amp;&gt;ol]:!pt-0 [&amp;&gt;ol]:!pb-0 [&amp;&gt;ul]:!pt-0 [&amp;&gt;ul]:!pb-0\" value=\"3\"><b><strong class=\"font-bold\">Einfache Anwendung:<\/strong><\/b> Einfach 2-3 Mal in den Rachen spr\u00fchen.<\/li>\n<li class=\"text-body font-regular leading-[24px] my-[5px] [&amp;&gt;ol]:!pt-0 [&amp;&gt;ol]:!pb-0 [&amp;&gt;ul]:!pt-0 [&amp;&gt;ul]:!pb-0\" value=\"4\"><b><strong class=\"font-bold\">Unauff\u00e4llig verpackt:<\/strong><\/b> Wahrung der Privatsph\u00e4re durch dezentes, unauff\u00e4lliges Design.<\/li>\n<li class=\"text-body font-regular leading-[24px] my-[5px] [&amp;&gt;ol]:!pt-0 [&amp;&gt;ol]:!pb-0 [&amp;&gt;ul]:!pt-0 [&amp;&gt;ul]:!pb-0\" value=\"5\"><b><strong class=\"font-bold\">Das Vertrauen der Fachleute:<\/strong><\/b> Ideal f\u00fcr alle, die eine Erfahrung in professioneller Qualit\u00e4t w\u00fcnschen.<\/li>\n<\/ul>\n<p><strong>Spezifikationen:<\/strong><\/p>\n<ul>\n<li>30 ml als Spr\u00fchflasche Oralvspray f\u00fcr Deepthroating<\/li>\n<li>Deep Throat - Beliebt in der Pornoindustrie<\/li>\n<li>Einfach 2-3 Mal einspr\u00fchen und 15-30 Minuten einwirken lassen.<\/li>\n<li>Nur f\u00fcr Personen \u00fcber 18 Jahren<\/li>\n<li>Nicht in die Augen oder auf die Haut spr\u00fchen<\/li>\n<li>Das erste Kitzeln im Hals ist normal<\/li>\n<li>Der Pfefferminzgeschmack sorgt au\u00dferdem f\u00fcr frischen Atem<\/li>\n<\/ul>\n<p>Die einzige Frage, die bleibt, ist:<\/p>\n<p><em>Verschlucken oder Ausspucken.<\/em> <em>Was Sie daraus machen, ist Ihre Sache, aber viele M\u00e4nner und Frauen lieben...<\/em><\/p>\n<p>Entdecken Sie die Vorteile unserer einzigartigen Formel und verwandeln Sie Ihre intimen Momente in au\u00dfergew\u00f6hnliche Erlebnisse. Genie\u00dfen Sie sicher und respektvoll, in dem Wissen, dass Sie ein Produkt verwenden, das speziell daf\u00fcr gemacht ist, Ihr Vergn\u00fcgen zu bereichern.<\/p>\n<p class=\"text-body font-regular leading-[24px] pt-[9px] pb-[2px]\" dir=\"ltr\">Entdecken Sie die Vorteile unserer einzigartigen Formel und verwandeln Sie Ihre intimen Momente in au\u00dfergew\u00f6hnliche Erlebnisse. Genie\u00dfen Sie sicher und respektvoll in dem Wissen, dass Sie ein Produkt verwenden, das speziell entwickelt wurde, um Ihr Vergn\u00fcgen zu bereichern.<\/p>\n<p><strong>Inhaltsstoffe<\/strong>: Aqua, Glycerine, Laureth-9, PEG-6 Caprylic\/ Capric Glycerides, Menthyl Lactate, Lactic acid, Mentha Piperita, Benzyl Alcohol, Benzoic acid, Sorbic acid, Limes, Linalool.<\/p>","protected":false},"excerpt":{"rendered":"<p>Erleben Sie tieferes und intensiveres Vergn\u00fcgen mit DEEP2SUCK, dem bew\u00e4hrten Deep Throat Spray f\u00fcr eine verbesserte orale Erfahrung.<\/p>","protected":false},"featured_media":12046,"comment_status":"open","ping_status":"closed","template":"","meta":[],"product_brand":[],"product_cat":[479,672],"product_tag":[],"class_list":{"0":"post-12047","1":"product","2":"type-product","3":"status-publish","4":"has-post-thumbnail","6":"product_cat-drogist","7":"product_cat-verdovende-sprays","9":"first","10":"instock","11":"taxable","12":"shipping-taxable","13":"purchasable","14":"product-type-simple"},"_links":{"self":[{"href":"https:\/\/stage.poppersparadise.eu\/de\/wp-json\/wp\/v2\/product\/12047","targetHints":{"allow":["GET"]}}],"collection":[{"href":"https:\/\/stage.poppersparadise.eu\/de\/wp-json\/wp\/v2\/product"}],"about":[{"href":"https:\/\/stage.poppersparadise.eu\/de\/wp-json\/wp\/v2\/types\/product"}],"replies":[{"embeddable":true,"href":"https:\/\/stage.poppersparadise.eu\/de\/wp-json\/wp\/v2\/comments?post=12047"}],"wp:featuredmedia":[{"embeddable":true,"href":"https:\/\/stage.poppersparadise.eu\/de\/wp-json\/wp\/v2\/media\/12046"}],"wp:attachment":[{"href":"https:\/\/stage.poppersparadise.eu\/de\/wp-json\/wp\/v2\/media?parent=12047"}],"wp:term":[{"taxonomy":"product_brand","embeddable":true,"href":"https:\/\/stage.poppersparadise.eu\/de\/wp-json\/wp\/v2\/product_brand?post=12047"},{"taxonomy":"product_cat","embeddable":true,"href":"https:\/\/stage.poppersparadise.eu\/de\/wp-json\/wp\/v2\/product_cat?post=12047"},{"taxonomy":"product_tag","embeddable":true,"href":"https:\/\/stage.poppersparadise.eu\/de\/wp-json\/wp\/v2\/product_tag?post=12047"}],"curies":[{"name":"wp","href":"https:\/\/api.w.org\/{rel}","templated":true}]}}