{"id":12968,"date":"2024-11-25T12:19:43","date_gmt":"2024-11-25T11:19:43","guid":{"rendered":"https:\/\/stage.poppersparadise.eu\/?post_type=product&#038;p=12968"},"modified":"2025-09-20T12:00:10","modified_gmt":"2025-09-20T10:00:10","slug":"faust-extra-pure-poppers-24ml","status":"publish","type":"product","link":"https:\/\/stage.poppersparadise.eu\/de\/produkt\/faust-extra-pure-poppers-24ml\/","title":{"rendered":"Fist Extra Pure 24ml"},"content":{"rendered":"<h2 class=\"wp-block-heading\">Entdecken Sie die Kraft von Fist Extra Pure Poppers 24ml<\/h2>\n\n\n\n<p>Erleben Sie ein intensives Dufterlebnis mit Fist Extra Pure Poppers 24ml. Dieser leistungsstarke Duftzerst\u00e4uber mit einer Formel aus 90% reinem Propylnitrit bietet ein einzigartiges und lebendiges Dufterlebnis. Perfekt f\u00fcr alle, die ein besonderes Ambiente und eine lang anhaltende Duftdiffusion suchen.<\/p>\n\n\n\n<h3 class=\"wp-block-heading\">Vorteile von Fist Extra Pure Poppers<\/h3>\n\n\n\n<ul class=\"wp-block-list\">\n<li><strong>Intensives Dufterlebnis<\/strong>Dank der leistungsstarken Formel mit 90% reinem Propylnitrit genie\u00dfen Sie eine unvergleichliche Duftintensit\u00e4t.<\/li>\n\n\n\n<li><strong>Erhaltung der Qualit\u00e4t<\/strong>Verpackt in einer Glasflasche, um Qualit\u00e4t und Potenz zu gew\u00e4hrleisten.<\/li>\n\n\n\n<li><strong>Vielseitiger Einsatz<\/strong>: Ideal, um bei besonderen Anl\u00e4ssen eine aufregende Atmosph\u00e4re zu schaffen.<\/li>\n<\/ul>\n\n\n\n<h3 class=\"wp-block-heading\">Sichere Nutzung<\/h3>\n\n\n\n<ul class=\"wp-block-list\">\n<li>An einem k\u00fchlen, dunklen Ort, fern von Licht und W\u00e4rmequellen aufbewahren.<\/li>\n\n\n\n<li>Leicht entz\u00fcndlich; mit Vorsicht behandeln.<\/li>\n\n\n\n<li>Schlie\u00dfen Sie die Kappe nach jedem Gebrauch, um Verdunstung zu vermeiden.<\/li>\n<\/ul>\n\n\n\n<h3 class=\"wp-block-heading\">Wichtig zu wissen<\/h3>\n\n\n\n<p>Dieses Produkt ist nur f\u00fcr die Verwendung als Duftzerst\u00e4uber oder Reinigungsmittel bestimmt. Es ist nicht f\u00fcr den menschlichen Verzehr oder zum Einatmen geeignet. Lagern Sie das Produkt an einem k\u00fchlen, dunklen Ort und verschlie\u00dfen Sie die Flasche nach Gebrauch fest.<\/p>\n\n\n\n<h3 class=\"wp-block-heading\">Warnungen<\/h3>\n\n\n\n<ul class=\"wp-block-list\">\n<li>Fl\u00fcssigkeit und Dampf leicht entz\u00fcndbar (H225).<\/li>\n\n\n\n<li>Verursacht Haut- und Augenreizungen (H315\/H319).<\/li>\n\n\n\n<li>Giftig beim Einatmen (H331).<\/li>\n\n\n\n<li>Keine Medikamente.<\/li>\n\n\n\n<li>Nur nach Vorschrift verwenden.<\/li>\n<\/ul>\n\n\n\n<h3 class=\"wp-block-heading\">Lagerung<\/h3>\n\n\n\n<p>An einem k\u00fchlen und trockenen Ort aufbewahren. Au\u00dferhalb der Reichweite von Kindern aufbewahren.<\/p>\n\n\n\n<h3 class=\"wp-block-heading\">Herkunftsland<\/h3>\n\n\n\n<p>Frankreich<\/p>","protected":false},"excerpt":{"rendered":"<p><strong><br \/>KOMPATIBLES ZUBEH\u00d6R:<\/strong><\/p>\n<ul>\n<li><a href=\"https:\/\/stage.poppersparadise.eu\/de\/produktkategorie\/zubehor\/schnuffler-gros\/\">Schn\u00fcffler Gro\u00df<\/a><\/li>\n<li><a href=\"https:\/\/stage.poppersparadise.eu\/de\/produkt\/xtrm-poppers-halter-gros-2\/\">XTRM Poppers Halterung Gro\u00df<\/a><\/li>\n<li><a href=\"https:\/\/stage.poppersparadise.eu\/de\/produkt\/xtrm-poppers-keeper-gros-24ml\/\">XTRM Poppers Keeper gro\u00df<\/a><\/li>\n<\/ul>","protected":false},"featured_media":12969,"comment_status":"open","ping_status":"closed","template":"","meta":[],"product_brand":[741],"product_cat":[35],"product_tag":[],"class_list":{"0":"post-12968","1":"product","2":"type-product","3":"status-publish","4":"has-post-thumbnail","6":"product_brand-fist","7":"product_cat-grote-flesjes-poppers","9":"first","10":"instock","11":"taxable","12":"shipping-taxable","13":"purchasable","14":"product-type-simple"},"_links":{"self":[{"href":"https:\/\/stage.poppersparadise.eu\/de\/wp-json\/wp\/v2\/product\/12968","targetHints":{"allow":["GET"]}}],"collection":[{"href":"https:\/\/stage.poppersparadise.eu\/de\/wp-json\/wp\/v2\/product"}],"about":[{"href":"https:\/\/stage.poppersparadise.eu\/de\/wp-json\/wp\/v2\/types\/product"}],"replies":[{"embeddable":true,"href":"https:\/\/stage.poppersparadise.eu\/de\/wp-json\/wp\/v2\/comments?post=12968"}],"wp:featuredmedia":[{"embeddable":true,"href":"https:\/\/stage.poppersparadise.eu\/de\/wp-json\/wp\/v2\/media\/12969"}],"wp:attachment":[{"href":"https:\/\/stage.poppersparadise.eu\/de\/wp-json\/wp\/v2\/media?parent=12968"}],"wp:term":[{"taxonomy":"product_brand","embeddable":true,"href":"https:\/\/stage.poppersparadise.eu\/de\/wp-json\/wp\/v2\/product_brand?post=12968"},{"taxonomy":"product_cat","embeddable":true,"href":"https:\/\/stage.poppersparadise.eu\/de\/wp-json\/wp\/v2\/product_cat?post=12968"},{"taxonomy":"product_tag","embeddable":true,"href":"https:\/\/stage.poppersparadise.eu\/de\/wp-json\/wp\/v2\/product_tag?post=12968"}],"curies":[{"name":"wp","href":"https:\/\/api.w.org\/{rel}","templated":true}]}}