{"id":12972,"date":"2024-11-25T12:33:30","date_gmt":"2024-11-25T11:33:30","guid":{"rendered":"https:\/\/stage.poppersparadise.eu\/?post_type=product&#038;p=12972"},"modified":"2025-10-01T05:28:19","modified_gmt":"2025-10-01T03:28:19","slug":"rush-brut-premium-poppers-10ml","status":"publish","type":"product","link":"https:\/\/stage.poppersparadise.eu\/de\/produkt\/rush-brut-premium-poppers-10ml\/","title":{"rendered":"Rush Brut Premium 10ml"},"content":{"rendered":"<h2 class=\"wp-block-heading\">Entdecken Sie die Rush Brut Premium Poppers 10ml<\/h2>\n\n\n\n<p>Entfesseln Sie die belebenden Aromen von Rush Brut Premium Poppers 10ml - ein Tor zu unvergleichlicher Entspannung und verbesserten sozialen Erfahrungen. Mit einer perfekten Gr\u00f6\u00dfe von 10ml \u00f6ffnet diese Flasche die T\u00fcr zu einer Welt der Ruhe und des Komforts, egal ob Sie sich nach einem hektischen Tag entspannen oder die Stimmung f\u00fcr eine ausgelassene Nacht einstellen wollen.<\/p>\n\n\n\n<h3 class=\"wp-block-heading\">Produktspezifikationen<\/h3>\n\n\n\n<ul class=\"wp-block-list\">\n<li><strong>Aktiver Inhaltsstoff<\/strong>Stabilisiertes Pentyl<\/li>\n\n\n\n<li><strong>Inhalt<\/strong>: 10ml<\/li>\n<\/ul>\n\n\n\n<h3 class=\"wp-block-heading\">Vorteile und Merkmale<\/h3>\n\n\n\n<ul class=\"wp-block-list\">\n<li><strong>Schnell wirkend<\/strong>: Mit lang anhaltender Duftverbreitung.<\/li>\n\n\n\n<li><strong>Erfrischende Aromen<\/strong>: Eine Vielzahl von belebenden D\u00fcften.<\/li>\n\n\n\n<li><strong>Beruhigende Umgebung<\/strong>: F\u00f6rdert die Entspannung und baut Stress ab.<\/li>\n\n\n\n<li><strong>Soziale Interaktionen<\/strong>: Erh\u00f6ht den Komfort und die Atmosph\u00e4re bei gesellschaftlichen Anl\u00e4ssen.<\/li>\n<\/ul>\n\n\n\n<h3 class=\"wp-block-heading\">Warum w\u00e4hlen Sie Rush Brut Premium Poppers 10ml?<\/h3>\n\n\n\n<p>Diese Popper wurden f\u00fcr Popper-Liebhaber und Fans des Nachtlebens entwickelt und bieten mehr als nur ein kurzes Vergn\u00fcgen - sie verbinden Innovation mit Tradition, inspiriert durch den legend\u00e4ren PWD Rush Popper. Ganz gleich, ob Sie auf der Suche nach pers\u00f6nlicher Entspannung oder einem einzigartigen Geschenk f\u00fcr andere Liebhaber sind, diese Popper bieten eine Erfahrung, die man teilen kann.<\/p>\n\n\n\n<p>Profitieren Sie von unseren attraktiven Staffelrabatten f\u00fcr Gro\u00dfeink\u00e4ufe und teilen Sie ein unvergessliches Erlebnis mit Freunden und Familie.<\/p>\n\n\n\n<h3 class=\"wp-block-heading\">Wichtig zu wissen<\/h3>\n\n\n\n<p>Dieses Produkt ist nur f\u00fcr die Verwendung als Duftzerst\u00e4uber oder Reinigungsmittel bestimmt. Es ist nicht f\u00fcr den menschlichen Verzehr oder zum Einatmen geeignet. Lagern Sie das Produkt an einem k\u00fchlen, dunklen Ort und verschlie\u00dfen Sie die Flasche nach Gebrauch fest.<\/p>\n\n\n\n<h3 class=\"wp-block-heading\">Warnungen<\/h3>\n\n\n\n<ul class=\"wp-block-list\">\n<li>Fl\u00fcssigkeit und Dampf leicht entz\u00fcndbar (H225).<\/li>\n\n\n\n<li>Verursacht Haut- und Augenreizungen (H315\/H319).<\/li>\n\n\n\n<li>Giftig beim Einatmen (H331).<\/li>\n\n\n\n<li>Keine Medikamente.<\/li>\n\n\n\n<li>Nur nach Vorschrift verwenden.<\/li>\n<\/ul>\n\n\n\n<h3 class=\"wp-block-heading\">Lagerung<\/h3>\n\n\n\n<p>An einem k\u00fchlen und trockenen Ort aufbewahren. Au\u00dferhalb der Reichweite von Kindern aufbewahren.<\/p>\n\n\n\n<h3 class=\"wp-block-heading\">Herkunftsland<\/h3>\n\n\n\n<p>Frankreich<\/p>","protected":false},"excerpt":{"rendered":"<p><strong><br \/>KOMPATIBLES ZUBEH\u00d6R:<\/strong><\/p>\n<ul>\n<li><a href=\"https:\/\/stage.poppersparadise.eu\/de\/produktkategorie\/zubehor\/schnuffler-klein\/\">Schn\u00fcffler Klein<\/a><\/li>\n<li><a href=\"https:\/\/stage.poppersparadise.eu\/de\/produkt\/xtrm-poppers-houder-zwart-small\/\">XTRM Poppers Halterung Klein<\/a><\/li>\n<li><a href=\"https:\/\/stage.poppersparadise.eu\/de\/produkt\/xtrm-poppers-keeper-klein-10ml\/\">XTRM Poppers Keeper Klein<\/a><\/li>\n<\/ul>","protected":false},"featured_media":12973,"comment_status":"open","ping_status":"closed","template":"","meta":[],"product_brand":[751],"product_cat":[34],"product_tag":[],"class_list":{"0":"post-12972","1":"product","2":"type-product","3":"status-publish","4":"has-post-thumbnail","6":"product_brand-rush","7":"product_cat-kleine-flesjes-poppers","9":"first","10":"instock","11":"taxable","12":"shipping-taxable","13":"purchasable","14":"product-type-simple"},"_links":{"self":[{"href":"https:\/\/stage.poppersparadise.eu\/de\/wp-json\/wp\/v2\/product\/12972","targetHints":{"allow":["GET"]}}],"collection":[{"href":"https:\/\/stage.poppersparadise.eu\/de\/wp-json\/wp\/v2\/product"}],"about":[{"href":"https:\/\/stage.poppersparadise.eu\/de\/wp-json\/wp\/v2\/types\/product"}],"replies":[{"embeddable":true,"href":"https:\/\/stage.poppersparadise.eu\/de\/wp-json\/wp\/v2\/comments?post=12972"}],"wp:featuredmedia":[{"embeddable":true,"href":"https:\/\/stage.poppersparadise.eu\/de\/wp-json\/wp\/v2\/media\/12973"}],"wp:attachment":[{"href":"https:\/\/stage.poppersparadise.eu\/de\/wp-json\/wp\/v2\/media?parent=12972"}],"wp:term":[{"taxonomy":"product_brand","embeddable":true,"href":"https:\/\/stage.poppersparadise.eu\/de\/wp-json\/wp\/v2\/product_brand?post=12972"},{"taxonomy":"product_cat","embeddable":true,"href":"https:\/\/stage.poppersparadise.eu\/de\/wp-json\/wp\/v2\/product_cat?post=12972"},{"taxonomy":"product_tag","embeddable":true,"href":"https:\/\/stage.poppersparadise.eu\/de\/wp-json\/wp\/v2\/product_tag?post=12972"}],"curies":[{"name":"wp","href":"https:\/\/api.w.org\/{rel}","templated":true}]}}