{"id":13011,"date":"2024-12-02T12:04:28","date_gmt":"2024-12-02T11:04:28","guid":{"rendered":"https:\/\/stage.poppersparadise.eu\/?post_type=product&#038;p=13011"},"modified":"2025-10-07T13:50:35","modified_gmt":"2025-10-07T11:50:35","slug":"sport-fucker-poppers-10ml","status":"publish","type":"product","link":"https:\/\/stage.poppersparadise.eu\/de\/produkt\/sport-fucker-poppers-10ml\/","title":{"rendered":"Sport Fucker 10ml"},"content":{"rendered":"<h2 class=\"wp-block-heading\">Entdecken Sie den Sport Fucker Poppers 10ml<\/h2>\n\n\n\n<p>Sport Fucker, bekannt f\u00fcr seine hochwertigen Produkte, stellt jetzt einen exklusiven Duftdiffusor vor, der Ihre Momente auf ein neues Niveau hebt. Mit einem raffinierten Aroma auf Basis von Pentylnitrit bietet dieser Duftdiffusor ein einzigartiges und intensives Dufterlebnis. Verpackt in einer praktischen 10ml-Glasflasche, ist dieses Produkt die perfekte Wahl f\u00fcr besondere Anl\u00e4sse.<\/p>\n\n\n\n<h3 class=\"wp-block-heading\">Produktspezifikationen<\/h3>\n\n\n\n<ul class=\"wp-block-list\">\n<li><strong>Marke<\/strong>Sport Fucker<\/li>\n\n\n\n<li><strong>Aktiver Inhaltsstoff<\/strong>Pentylnitrit<\/li>\n\n\n\n<li><strong>Inhalt<\/strong>: 10ml<\/li>\n<\/ul>\n\n\n\n<h3 class=\"wp-block-heading\">Was ist das Besondere an den Sport Fucker-Duftdiffusoren?<\/h3>\n\n\n\n<ul class=\"wp-block-list\">\n<li><strong>Verbessertes Ambiente<\/strong>: Ideal, um die Stimmung bei gesellschaftlichen Anl\u00e4ssen zu heben.<\/li>\n\n\n\n<li><strong>Bequeme Nutzung<\/strong>Geeignet sowohl f\u00fcr Anf\u00e4nger als auch f\u00fcr Vielnutzer.<\/li>\n<\/ul>\n\n\n\n<h3 class=\"wp-block-heading\">Warum Pentylnitrit?<\/h3>\n\n\n\n<p>Pentylnitrit ist in den Niederlanden wegen seines milden und angenehmen Geruchs sehr beliebt. Es bietet eine \u00e4hnliche Intensit\u00e4t wie andere Nitrite, aber mit einem geringeren Risiko von unerw\u00fcnschten Wirkungen. Dies macht es zu einer sicheren und zug\u00e4nglichen Option f\u00fcr jedermann.<\/p>\n\n\n\n<h3 class=\"wp-block-heading\">Profitieren Sie von Mengenrabatten<\/h3>\n\n\n\n<p>Je mehr Flaschen Sie kaufen, desto h\u00f6her ist der Rabatt!<\/p>\n\n\n\n<h3 class=\"wp-block-heading\">Wichtig zu wissen<\/h3>\n\n\n\n<p>Dieses Produkt ist nur f\u00fcr die Verwendung als Duftzerst\u00e4uber oder Reinigungsmittel bestimmt. Es ist nicht f\u00fcr den menschlichen Verzehr oder zum Einatmen geeignet. Lagern Sie das Produkt an einem k\u00fchlen, dunklen Ort und verschlie\u00dfen Sie die Flasche nach Gebrauch fest.<\/p>\n\n\n\n<h3 class=\"wp-block-heading\">Warnungen<\/h3>\n\n\n\n<ul class=\"wp-block-list\">\n<li>Fl\u00fcssigkeit und Dampf leicht entz\u00fcndbar (H225).<\/li>\n\n\n\n<li>Verursacht Haut- und Augenreizungen (H315\/H319).<\/li>\n\n\n\n<li>Giftig beim Einatmen (H331).<\/li>\n\n\n\n<li>Keine Medikamente.<\/li>\n\n\n\n<li>Nur nach Vorschrift verwenden.<\/li>\n<\/ul>\n\n\n\n<h3 class=\"wp-block-heading\">Lagerung<\/h3>\n\n\n\n<p>An einem k\u00fchlen und trockenen Ort aufbewahren. Au\u00dferhalb der Reichweite von Kindern aufbewahren.<\/p>\n\n\n\n<h3 class=\"wp-block-heading\">Herkunftsland<\/h3>\n\n\n\n<p>Frankreich<\/p>\n\n\n\n<p><\/p>","protected":false},"excerpt":{"rendered":"<p><strong><br \/>KOMPATIBLES ZUBEH\u00d6R:<\/strong><\/p>\n<ul>\n<li><a href=\"https:\/\/stage.poppersparadise.eu\/de\/produktkategorie\/zubehor\/schnuffler-klein\/\">Schn\u00fcffler Klein<\/a><\/li>\n<li><a href=\"https:\/\/stage.poppersparadise.eu\/de\/produkt\/xtrm-poppers-houder-zwart-small\/\">XTRM Poppers Halterung Klein<\/a><\/li>\n<li><a href=\"https:\/\/stage.poppersparadise.eu\/de\/produkt\/xtrm-poppers-keeper-klein-10ml\/\">XTRM Poppers Keeper Klein<\/a><\/li>\n<\/ul>","protected":false},"featured_media":13012,"comment_status":"open","ping_status":"closed","template":"","meta":[],"product_brand":[],"product_cat":[482,34],"product_tag":[],"class_list":{"0":"post-13011","1":"product","2":"type-product","3":"status-publish","4":"has-post-thumbnail","6":"product_cat-aanbiedingen","7":"product_cat-kleine-flesjes-poppers","9":"first","10":"instock","11":"sale","12":"taxable","13":"shipping-taxable","14":"purchasable","15":"product-type-simple"},"_links":{"self":[{"href":"https:\/\/stage.poppersparadise.eu\/de\/wp-json\/wp\/v2\/product\/13011","targetHints":{"allow":["GET"]}}],"collection":[{"href":"https:\/\/stage.poppersparadise.eu\/de\/wp-json\/wp\/v2\/product"}],"about":[{"href":"https:\/\/stage.poppersparadise.eu\/de\/wp-json\/wp\/v2\/types\/product"}],"replies":[{"embeddable":true,"href":"https:\/\/stage.poppersparadise.eu\/de\/wp-json\/wp\/v2\/comments?post=13011"}],"wp:featuredmedia":[{"embeddable":true,"href":"https:\/\/stage.poppersparadise.eu\/de\/wp-json\/wp\/v2\/media\/13012"}],"wp:attachment":[{"href":"https:\/\/stage.poppersparadise.eu\/de\/wp-json\/wp\/v2\/media?parent=13011"}],"wp:term":[{"taxonomy":"product_brand","embeddable":true,"href":"https:\/\/stage.poppersparadise.eu\/de\/wp-json\/wp\/v2\/product_brand?post=13011"},{"taxonomy":"product_cat","embeddable":true,"href":"https:\/\/stage.poppersparadise.eu\/de\/wp-json\/wp\/v2\/product_cat?post=13011"},{"taxonomy":"product_tag","embeddable":true,"href":"https:\/\/stage.poppersparadise.eu\/de\/wp-json\/wp\/v2\/product_tag?post=13011"}],"curies":[{"name":"wp","href":"https:\/\/api.w.org\/{rel}","templated":true}]}}