{"id":14636,"date":"2025-02-25T22:18:54","date_gmt":"2025-02-25T21:18:54","guid":{"rendered":"https:\/\/stage.poppersparadise.eu\/?post_type=product&#038;p=14636"},"modified":"2025-08-16T12:33:58","modified_gmt":"2025-08-16T10:33:58","slug":"xtrm-gold-tiger-poppers-25ml","status":"publish","type":"product","link":"https:\/\/stage.poppersparadise.eu\/de\/produkt\/xtrm-gold-tiger-poppers-25ml\/","title":{"rendered":"XTRM Gold Tiger 25ml"},"content":{"rendered":"<h2 class=\"wp-block-heading\">Entdecken Sie die neue Amyl XTRM Gold Tiger Poppers 25ml<\/h2>\n\n\n\n<p>Der XTRM Gold Tiger Poppers 25ml ist ein revolution\u00e4res Produkt, das den Standard f\u00fcr Duftdiffusoren setzt. Mit einer neuen Isopentyl-Formel bietet es ein einzigartiges und starkes Gef\u00fchl, speziell f\u00fcr diejenigen, die nur das Beste erwarten.<\/p>\n\n\n\n<h3 class=\"wp-block-heading\">Spezifikationen:<\/h3>\n\n\n\n<ul class=\"wp-block-list\">\n<li><strong>Neue Isopentyl-Formel<\/strong>: F\u00fcr ein einzigartiges und starkes Dufterlebnis.<\/li>\n\n\n\n<li><strong>Langer Betrieb<\/strong>: Maximale Intensit\u00e4t, die l\u00e4nger anh\u00e4lt.<\/li>\n\n\n\n<li><strong>Hohe Qualit\u00e4t<\/strong>: Entwickelt von den Experten von XTRM, einer Marke, die f\u00fcr Innovation und Zuverl\u00e4ssigkeit steht.<\/li>\n<\/ul>\n\n\n\n<p>Der XTRM Gold Tiger Poppers 25ml ist das Ergebnis der neuesten Entwicklungen im Bereich der Duftzerst\u00e4uber. Diese revolution\u00e4re Formel bietet eine lange, intensive Erfahrung ohne Kompromisse. Speziell f\u00fcr wahre Liebhaber geschaffen, die nur das Beste erwarten.<\/p>\n\n\n\n<h3 class=\"wp-block-heading\">Wichtig zu wissen:<\/h3>\n\n\n\n<p>Dieses Produkt ist nur f\u00fcr die Verwendung als Duftzerst\u00e4uber oder Reinigungsmittel bestimmt. Es ist nicht f\u00fcr den menschlichen Verzehr oder zum Einatmen geeignet. Lagern Sie das Produkt an einem k\u00fchlen, dunklen Ort und verschlie\u00dfen Sie die Flasche nach Gebrauch fest.<\/p>\n\n\n\n<h3 class=\"wp-block-heading\">Warnungen:<\/h3>\n\n\n\n<ul class=\"wp-block-list\">\n<li>Fl\u00fcssigkeit und Dampf leicht entz\u00fcndbar (H225).<\/li>\n\n\n\n<li>Verursacht Haut- und Augenreizungen (H315\/H319).<\/li>\n\n\n\n<li>Giftig beim Einatmen (H331).<\/li>\n\n\n\n<li>Keine Medikamente.<\/li>\n\n\n\n<li>Nur nach Vorschrift verwenden.<\/li>\n<\/ul>\n\n\n\n<h3 class=\"wp-block-heading\">Lagerung:<\/h3>\n\n\n\n<p>An einem k\u00fchlen und trockenen Ort aufbewahren. Au\u00dferhalb der Reichweite von Kindern aufbewahren.<\/p>\n\n\n\n<h3 class=\"wp-block-heading\">Herkunftsland:<\/h3>\n\n\n\n<p>\u00d6sterreich<\/p>\n\n\n\n<p><\/p>","protected":false},"excerpt":{"rendered":"<p><strong><br \/>KOMPATIBLES ZUBEH\u00d6R:<\/strong><\/p>\n<ul>\n<li><a href=\"https:\/\/stage.poppersparadise.eu\/de\/produktkategorie\/zubehor\/schnuffler-gros\/\">Schn\u00fcffler Gro\u00df<\/a><\/li>\n<li><a href=\"https:\/\/stage.poppersparadise.eu\/de\/produkt\/xtrm-poppers-halter-gros-2\/\">XTRM Poppers Halterung Gro\u00df<\/a><\/li>\n<li><a href=\"https:\/\/stage.poppersparadise.eu\/de\/produkt\/xtrm-poppers-keeper-gros-24ml\/\">XTRM Poppers Keeper gro\u00df<\/a><\/li>\n<\/ul>","protected":false},"featured_media":14696,"comment_status":"open","ping_status":"closed","template":"","meta":[],"product_brand":[752],"product_cat":[35],"product_tag":[],"class_list":{"0":"post-14636","1":"product","2":"type-product","3":"status-publish","4":"has-post-thumbnail","6":"product_brand-xtrm","7":"product_cat-grote-flesjes-poppers","9":"first","10":"instock","11":"taxable","12":"shipping-taxable","13":"purchasable","14":"product-type-simple"},"_links":{"self":[{"href":"https:\/\/stage.poppersparadise.eu\/de\/wp-json\/wp\/v2\/product\/14636","targetHints":{"allow":["GET"]}}],"collection":[{"href":"https:\/\/stage.poppersparadise.eu\/de\/wp-json\/wp\/v2\/product"}],"about":[{"href":"https:\/\/stage.poppersparadise.eu\/de\/wp-json\/wp\/v2\/types\/product"}],"replies":[{"embeddable":true,"href":"https:\/\/stage.poppersparadise.eu\/de\/wp-json\/wp\/v2\/comments?post=14636"}],"wp:featuredmedia":[{"embeddable":true,"href":"https:\/\/stage.poppersparadise.eu\/de\/wp-json\/wp\/v2\/media\/14696"}],"wp:attachment":[{"href":"https:\/\/stage.poppersparadise.eu\/de\/wp-json\/wp\/v2\/media?parent=14636"}],"wp:term":[{"taxonomy":"product_brand","embeddable":true,"href":"https:\/\/stage.poppersparadise.eu\/de\/wp-json\/wp\/v2\/product_brand?post=14636"},{"taxonomy":"product_cat","embeddable":true,"href":"https:\/\/stage.poppersparadise.eu\/de\/wp-json\/wp\/v2\/product_cat?post=14636"},{"taxonomy":"product_tag","embeddable":true,"href":"https:\/\/stage.poppersparadise.eu\/de\/wp-json\/wp\/v2\/product_tag?post=14636"}],"curies":[{"name":"wp","href":"https:\/\/api.w.org\/{rel}","templated":true}]}}