{"id":14776,"date":"2025-02-28T15:49:54","date_gmt":"2025-02-28T14:49:54","guid":{"rendered":"https:\/\/stage.poppersparadise.eu\/?post_type=product&#038;p=14776"},"modified":"2025-08-16T12:14:18","modified_gmt":"2025-08-16T10:14:18","slug":"dreifach-knallbonbons-3x25ml","status":"publish","type":"product","link":"https:\/\/stage.poppersparadise.eu\/de\/produkt\/dreifach-knallbonbons-3x25ml\/","title":{"rendered":"Triple Rise Up 25ml + Gratis XTRM SNFFR"},"content":{"rendered":"<h2 class=\"wp-block-heading\">Entdecken Sie unser Triple Rise Up Poppers 25ml + Gratis XTRM SNFFR<\/h2>\n\n\n\n<p>Sie wissen nicht, welches Rise Up am besten zu Ihnen passt? Das ist Ihre Chance, sie alle zu testen! Mit diesem exklusiven Set erhalten Sie drei 25-ml-Fl\u00e4schchen sowie einen XTRM SNFFR im Wert von 9,95 \u20ac. Perfekt f\u00fcr Liebhaber, die mehr entdecken und ein intensives Dufterlebnis genie\u00dfen m\u00f6chten.<\/p>\n\n\n\n<h3 class=\"wp-block-heading\">Warum sollten Sie sich f\u00fcr unsere Poppers entscheiden?<\/h3>\n\n\n\n<ul class=\"wp-block-list\">\n<li><strong>Kostenloses Geschenk<\/strong>Sichern Sie sich bei Ihrer Bestellung eine XTRM SNFFR im Wert von 9,95 \u20ac.<\/li>\n\n\n\n<li><strong>Extra reine Formeln<\/strong>: F\u00fcr ein intensives und einzigartiges Dufterlebnis.<\/li>\n\n\n\n<li><strong>Kraftvolle Inhaltsstoffe<\/strong>: Auf der Grundlage von Amyl und Pentyl f\u00fcr verschiedene Wirkungen.<\/li>\n\n\n\n<li><strong>Personalrabatt<\/strong>: Sparen Sie mehr, wenn Sie mehrere Sets kaufen.<\/li>\n\n\n\n<li><strong>Gro\u00dfz\u00fcgiger Inhalt<\/strong>3 x 25ml Glasfl\u00e4schchen.<\/li>\n<\/ul>\n\n\n\n<h3 class=\"wp-block-heading\">Wie funktioniert das?<\/h3>\n\n\n\n<p>W\u00e4hlen Sie einfach Ihr Triple Rise Up Poppers 25ml Set und legen Sie es in Ihren Warenkorb. Perfekt zum Teilen oder zum Genie\u00dfen f\u00fcr sich selbst in besonderen Momenten.<\/p>\n\n\n\n<h3 class=\"wp-block-heading\">Wichtig zu wissen<\/h3>\n\n\n\n<p>Verwenden Sie diese Produkte nur als Duftzerst\u00e4uber oder Reinigungsl\u00f6ser. Sie sind nicht f\u00fcr den menschlichen Verzehr geeignet und sollten nicht eingeatmet werden. Bewahren Sie die Flaschen an einem k\u00fchlen, dunklen Ort auf und verschlie\u00dfen Sie sie nach Gebrauch fest.<\/p>\n\n\n\n<h3 class=\"wp-block-heading\">Warnungen<\/h3>\n\n\n\n<ul class=\"wp-block-list\">\n<li>Fl\u00fcssigkeit und Dampf leicht entz\u00fcndbar (H225).<\/li>\n\n\n\n<li>Verursacht Haut- und Augenreizungen (H315\/H319).<\/li>\n\n\n\n<li>Giftig beim Einatmen (H331).<\/li>\n\n\n\n<li>Nur nach Vorschrift verwenden.<\/li>\n<\/ul>\n\n\n\n<h3 class=\"wp-block-heading\">Lagerung<\/h3>\n\n\n\n<p>An einem k\u00fchlen und trockenen Ort aufbewahren. Au\u00dferhalb der Reichweite von Kindern aufbewahren.<\/p>\n\n\n\n<h3 class=\"wp-block-heading\">Herkunftsland<\/h3>\n\n\n\n<p>EU.<\/p>\n\n\n\n<p><\/p>","protected":false},"excerpt":{"rendered":"<p>Profitieren Sie jetzt von dieser zeitlich begrenzten Aktion<\/p>","protected":false},"featured_media":14778,"comment_status":"open","ping_status":"closed","template":"","meta":[],"product_brand":[750],"product_cat":[33],"product_tag":[],"class_list":{"0":"post-14776","1":"product","2":"type-product","3":"status-publish","4":"has-post-thumbnail","6":"product_brand-rise-up","7":"product_cat-party-packs","9":"first","10":"instock","11":"sale","12":"taxable","13":"shipping-taxable","14":"purchasable","15":"product-type-simple"},"_links":{"self":[{"href":"https:\/\/stage.poppersparadise.eu\/de\/wp-json\/wp\/v2\/product\/14776","targetHints":{"allow":["GET"]}}],"collection":[{"href":"https:\/\/stage.poppersparadise.eu\/de\/wp-json\/wp\/v2\/product"}],"about":[{"href":"https:\/\/stage.poppersparadise.eu\/de\/wp-json\/wp\/v2\/types\/product"}],"replies":[{"embeddable":true,"href":"https:\/\/stage.poppersparadise.eu\/de\/wp-json\/wp\/v2\/comments?post=14776"}],"wp:featuredmedia":[{"embeddable":true,"href":"https:\/\/stage.poppersparadise.eu\/de\/wp-json\/wp\/v2\/media\/14778"}],"wp:attachment":[{"href":"https:\/\/stage.poppersparadise.eu\/de\/wp-json\/wp\/v2\/media?parent=14776"}],"wp:term":[{"taxonomy":"product_brand","embeddable":true,"href":"https:\/\/stage.poppersparadise.eu\/de\/wp-json\/wp\/v2\/product_brand?post=14776"},{"taxonomy":"product_cat","embeddable":true,"href":"https:\/\/stage.poppersparadise.eu\/de\/wp-json\/wp\/v2\/product_cat?post=14776"},{"taxonomy":"product_tag","embeddable":true,"href":"https:\/\/stage.poppersparadise.eu\/de\/wp-json\/wp\/v2\/product_tag?post=14776"}],"curies":[{"name":"wp","href":"https:\/\/api.w.org\/{rel}","templated":true}]}}