{"id":15507,"date":"2025-03-26T09:49:44","date_gmt":"2025-03-26T08:49:44","guid":{"rendered":"https:\/\/stage.poppersparadise.eu\/product\/black-label-poeder-glijmiddel-op-waterbasis-275-gr\/"},"modified":"2025-08-15T11:41:14","modified_gmt":"2025-08-15T09:41:14","slug":"fist-it-black-label-pulverschmiermittel-auf-wasserbasis-275-gr","status":"publish","type":"product","link":"https:\/\/stage.poppersparadise.eu\/de\/produkt\/fist-it-black-label-pulverschmiermittel-auf-wasserbasis-275-gr\/","title":{"rendered":"Fist-It Black Label Powder Schmiermittel auf Wasserbasis - 275 gr"},"content":{"rendered":"<h2 class=\"font-bold text-h3 leading-[40px] pt-[21px] pb-[2px] [&amp;_a]:underline-offset-[6px] [&amp;_.underline]:underline-offset-[6px]\" dir=\"ltr\">Fist It Black Label Powder Lube Schmiermittel - 275 gr<\/h2>\n<p class=\"text-body font-regular leading-[24px] pt-[9px] pb-[2px]\" dir=\"ltr\">Lernen Sie Ihren neuen Favoriten f\u00fcr ultimatives Vergn\u00fcgen und Komfort kennen. Das Fist-It Black Label Powder Water-Based Lubricant - 275 gr bietet ein v\u00f6llig individuelles Erlebnis. F\u00fcgen Sie einfach Wasser hinzu, um ein seidenweiches Gleitmittel zu erhalten, das perfekt auf Ihre Bed\u00fcrfnisse abgestimmt ist. Ideal f\u00fcr das Solo-Vergn\u00fcgen oder aufregende Momente mit dem Partner!<\/p>\n<h3 class=\"font-bold text-h4 leading-[30px] pt-[15px] pb-[2px] [&amp;_a]:underline-offset-[6px] [&amp;_.underline]:underline-offset-[6px]\" dir=\"ltr\">Wesentliche Merkmale<\/h3>\n<ul class=\"pt-[9px] pb-[2px] pl-[24px] list-inside list-disc pt-[5px]\">\n<li class=\"text-body font-regular leading-[24px] my-[5px] [&amp;&gt;ol]:!pt-0 [&amp;&gt;ol]:!pb-0 [&amp;&gt;ul]:!pt-0 [&amp;&gt;ul]:!pb-0\" value=\"1\"><b><strong class=\"font-bold\">Selbstmischender Schmierstoff<\/strong><\/b>: Kombinieren Sie das Pulver mit Wasser, um eine weiche Textur zu erhalten, die Sie kontrollieren k\u00f6nnen.<\/li>\n<li class=\"text-body font-regular leading-[24px] my-[5px] [&amp;&gt;ol]:!pt-0 [&amp;&gt;ol]:!pb-0 [&amp;&gt;ul]:!pt-0 [&amp;&gt;ul]:!pb-0\" value=\"2\"><b><strong class=\"font-bold\">Geschmacklos und geruchlos<\/strong><\/b>Keine Ablenkungen, damit die Leidenschaft im Mittelpunkt steht.<\/li>\n<li class=\"text-body font-regular leading-[24px] my-[5px] [&amp;&gt;ol]:!pt-0 [&amp;&gt;ol]:!pb-0 [&amp;&gt;ul]:!pt-0 [&amp;&gt;ul]:!pb-0\" value=\"3\"><b><strong class=\"font-bold\">Vielseitig und komfortabel<\/strong><\/b>: Geeignet f\u00fcr verschiedene intime Spiele und Momente.<\/li>\n<li class=\"text-body font-regular leading-[24px] my-[5px] [&amp;&gt;ol]:!pt-0 [&amp;&gt;ol]:!pb-0 [&amp;&gt;ul]:!pt-0 [&amp;&gt;ul]:!pb-0\" value=\"4\"><b><strong class=\"font-bold\">Leicht absp\u00fclbar<\/strong><\/b>: Macht das Aufr\u00e4umen schnell und einfach.<\/li>\n<li class=\"text-body font-regular leading-[24px] my-[5px] [&amp;&gt;ol]:!pt-0 [&amp;&gt;ol]:!pb-0 [&amp;&gt;ul]:!pt-0 [&amp;&gt;ul]:!pb-0\" value=\"5\"><b><strong class=\"font-bold\">Perfekt f\u00fcr Reisen<\/strong><\/b>Bequem zu tragen und zu mischen, wo immer Sie sind.<\/li>\n<li class=\"text-body font-regular leading-[24px] my-[5px] [&amp;&gt;ol]:!pt-0 [&amp;&gt;ol]:!pb-0 [&amp;&gt;ul]:!pt-0 [&amp;&gt;ul]:!pb-0\" value=\"6\"><b><strong class=\"font-bold\">Inhaltsstoffe<\/strong><\/b>: NATRIUMPOLYACRYLAT<\/li>\n<\/ul>\n<p class=\"text-body font-regular leading-[24px] pt-[9px] pb-[2px]\" dir=\"ltr\">Lassen Sie Ihrer Kreativit\u00e4t freien Lauf und genie\u00dfen Sie eine pers\u00f6nlich abgestimmte Textur, die jeden intimen Moment unvergesslich macht. Die <b><strong class=\"font-bold\">Fist It Black Label Pulverschmiermittel<\/strong><\/b> ist da, um Sie zu unterst\u00fctzen, egal wie Sie spielen.<\/p>","protected":false},"excerpt":{"rendered":"<p>Fist Es macht deine Fisting- oder Faustfick-Sessions einfacher, besser und intensiver. Unsere Kollektion bietet verschiedene Gleitmittel, darunter Analrelaxantien, extra dicke, nat\u00fcrliche und bet\u00e4ubende Varianten. Jedes Gleitmittel wurde entwickelt, um Ihr Erlebnis zu verbessern und Ihr Vergn\u00fcgen zu steigern.<\/p>","protected":false},"featured_media":15506,"comment_status":"open","ping_status":"closed","template":"","meta":[],"product_brand":[],"product_cat":[479,671],"product_tag":[],"class_list":{"0":"post-15507","1":"product","2":"type-product","3":"status-publish","4":"has-post-thumbnail","6":"product_cat-drogist","7":"product_cat-glijmiddelen","9":"first","10":"instock","11":"taxable","12":"shipping-taxable","13":"purchasable","14":"product-type-simple"},"_links":{"self":[{"href":"https:\/\/stage.poppersparadise.eu\/de\/wp-json\/wp\/v2\/product\/15507","targetHints":{"allow":["GET"]}}],"collection":[{"href":"https:\/\/stage.poppersparadise.eu\/de\/wp-json\/wp\/v2\/product"}],"about":[{"href":"https:\/\/stage.poppersparadise.eu\/de\/wp-json\/wp\/v2\/types\/product"}],"replies":[{"embeddable":true,"href":"https:\/\/stage.poppersparadise.eu\/de\/wp-json\/wp\/v2\/comments?post=15507"}],"wp:featuredmedia":[{"embeddable":true,"href":"https:\/\/stage.poppersparadise.eu\/de\/wp-json\/wp\/v2\/media\/15506"}],"wp:attachment":[{"href":"https:\/\/stage.poppersparadise.eu\/de\/wp-json\/wp\/v2\/media?parent=15507"}],"wp:term":[{"taxonomy":"product_brand","embeddable":true,"href":"https:\/\/stage.poppersparadise.eu\/de\/wp-json\/wp\/v2\/product_brand?post=15507"},{"taxonomy":"product_cat","embeddable":true,"href":"https:\/\/stage.poppersparadise.eu\/de\/wp-json\/wp\/v2\/product_cat?post=15507"},{"taxonomy":"product_tag","embeddable":true,"href":"https:\/\/stage.poppersparadise.eu\/de\/wp-json\/wp\/v2\/product_tag?post=15507"}],"curies":[{"name":"wp","href":"https:\/\/api.w.org\/{rel}","templated":true}]}}