{"id":15522,"date":"2025-03-26T09:50:32","date_gmt":"2025-03-26T08:50:32","guid":{"rendered":"https:\/\/stage.poppersparadise.eu\/product\/black-label-verdovend-glijmiddel-op-waterbasis-500-ml\/"},"modified":"2025-08-26T10:15:43","modified_gmt":"2025-08-26T08:15:43","slug":"fist-it-black-label-narkotisches-gleitmittel-auf-wasserbasis-500-ml","status":"publish","type":"product","link":"https:\/\/stage.poppersparadise.eu\/de\/produkt\/fist-it-black-label-narkotisches-gleitmittel-auf-wasserbasis-500-ml\/","title":{"rendered":"Fist-It Black Label Narcotic Gleitmittel auf Wasserbasis - 500 ml"},"content":{"rendered":"<h2 class=\"font-bold text-h3 leading-[40px] pt-[21px] pb-[2px] [&amp;_a]:underline-offset-[6px] [&amp;_.underline]:underline-offset-[6px]\" dir=\"ltr\">Fist It Black Label Bet\u00e4ubungs-Gleitmittel - 500 ml<\/h2>\n<p class=\"text-body font-regular leading-[24px] pt-[9px] pb-[2px]\" dir=\"ltr\">Erweitern Sie Ihre Grenzen mit dem <b><strong class=\"font-bold\">Fist It Black Label Bet\u00e4ubungs-Gleitmittel - 500 ml<\/strong><\/b>. Dieses hochwertige Gleitmittel wurde speziell entwickelt, um Ihre intimen Abenteuer auf ein neues Niveau zu heben. Die einzigartige Formel auf Wasserbasis f\u00fchlt sich herrlich cremig an und bietet sowohl Komfort als auch intensives Vergn\u00fcgen. Perfekt f\u00fcr alle, die ein sicheres, luxuri\u00f6ses Erlebnis suchen.<\/p>\n<h3 class=\"font-bold text-h4 leading-[30px] pt-[15px] pb-[2px] [&amp;_a]:underline-offset-[6px] [&amp;_.underline]:underline-offset-[6px]\" dir=\"ltr\">Spezifikationen:<\/h3>\n<ul class=\"pt-[9px] pb-[2px] pl-[24px] list-inside list-disc pt-[5px]\">\n<li class=\"text-body font-regular leading-[24px] my-[5px] [&amp;&gt;ol]:!pt-0 [&amp;&gt;ol]:!pb-0 [&amp;&gt;ul]:!pt-0 [&amp;&gt;ul]:!pb-0\" value=\"1\"><b><strong class=\"font-bold\">Auf Wasserbasis:<\/strong><\/b> Sicher in der Anwendung und leicht abwaschbar.<\/li>\n<li class=\"text-body font-regular leading-[24px] my-[5px] [&amp;&gt;ol]:!pt-0 [&amp;&gt;ol]:!pb-0 [&amp;&gt;ul]:!pt-0 [&amp;&gt;ul]:!pb-0\" value=\"2\"><b><strong class=\"font-bold\">Geeignet f\u00fcr M\u00e4nner und Frauen:<\/strong><\/b> Perfekt f\u00fcr den Einzelgebrauch oder mit einem Partner.<\/li>\n<li class=\"text-body font-regular leading-[24px] my-[5px] [&amp;&gt;ol]:!pt-0 [&amp;&gt;ol]:!pb-0 [&amp;&gt;ul]:!pt-0 [&amp;&gt;ul]:!pb-0\" value=\"3\"><b><strong class=\"font-bold\">Latex-Kondom kompatibel:<\/strong><\/b> Sicher f\u00fcr die Verwendung mit Kondomen.<\/li>\n<li class=\"text-body font-regular leading-[24px] my-[5px] [&amp;&gt;ol]:!pt-0 [&amp;&gt;ol]:!pb-0 [&amp;&gt;ul]:!pt-0 [&amp;&gt;ul]:!pb-0\" value=\"4\"><b><strong class=\"font-bold\">500-ml-Packung:<\/strong><\/b> Gro\u00dfes Format f\u00fcr lang anhaltenden Spa\u00df.<\/li>\n<li class=\"text-body font-regular leading-[24px] my-[5px] [&amp;&gt;ol]:!pt-0 [&amp;&gt;ol]:!pb-0 [&amp;&gt;ul]:!pt-0 [&amp;&gt;ul]:!pb-0\" value=\"5\"><b><strong class=\"font-bold\">Nat\u00fcrliches Gef\u00fchl:<\/strong><\/b> Imitiert die volle, glatte Textur von Sperma f\u00fcr ein realistisches Gef\u00fchl.<\/li>\n<li class=\"text-body font-regular leading-[24px] my-[5px] [&amp;&gt;ol]:!pt-0 [&amp;&gt;ol]:!pb-0 [&amp;&gt;ul]:!pt-0 [&amp;&gt;ul]:!pb-0\" value=\"6\"><b><strong class=\"font-bold\">Cremige Konsistenz:<\/strong><\/b> Sorgt f\u00fcr m\u00fcheloses Gleiten und maximalen Komfort.<\/li>\n<\/ul>\n<h3 class=\"font-bold text-h4 leading-[30px] pt-[15px] pb-[2px] [&amp;_a]:underline-offset-[6px] [&amp;_.underline]:underline-offset-[6px]\" dir=\"ltr\">Zutaten:<\/h3>\n<p class=\"text-body font-regular leading-[24px] pt-[9px] pb-[2px]\" dir=\"ltr\">Aqua, Glycerin, Styrol\/Acrylat-Copolymer, Phenoxyethanol, Propylenglykol, Acrylate\/C10-30 Alkyl Acrylate Crosspolymer, Xanthan Gum, Menthol, Natriumhydroxid, Ethylhexylglycerin.<\/p>\n<p class=\"text-body font-regular leading-[24px] pt-[9px] pb-[2px]\" dir=\"ltr\">Mit dem <b><strong class=\"font-bold\">Fist It Black Label Bet\u00e4ubungs-Gleitmittel<\/strong><\/b> ist Ihnen ein berauschendes, dekadentes Erlebnis garantiert - v\u00f6llig sicher und professionell formuliert. Perfekt f\u00fcr einen Abend der spielerischen und sinnlichen Erkundung.<\/p>","protected":false},"excerpt":{"rendered":"<p>Fist Es macht deine Fisting- oder Faustfick-Sessions einfacher, besser und intensiver. Unsere Kollektion bietet verschiedene Gleitmittel, darunter Analrelaxantien, extra dicke, nat\u00fcrliche und bet\u00e4ubende Varianten. Jedes Gleitmittel wurde entwickelt, um Ihr Erlebnis zu verbessern und Ihr Vergn\u00fcgen zu steigern.<\/p>","protected":false},"featured_media":16636,"comment_status":"open","ping_status":"closed","template":"","meta":[],"product_brand":[],"product_cat":[479,671],"product_tag":[],"class_list":{"0":"post-15522","1":"product","2":"type-product","3":"status-publish","4":"has-post-thumbnail","6":"product_cat-drogist","7":"product_cat-glijmiddelen","9":"first","10":"instock","11":"taxable","12":"shipping-taxable","13":"purchasable","14":"product-type-simple"},"_links":{"self":[{"href":"https:\/\/stage.poppersparadise.eu\/de\/wp-json\/wp\/v2\/product\/15522","targetHints":{"allow":["GET"]}}],"collection":[{"href":"https:\/\/stage.poppersparadise.eu\/de\/wp-json\/wp\/v2\/product"}],"about":[{"href":"https:\/\/stage.poppersparadise.eu\/de\/wp-json\/wp\/v2\/types\/product"}],"replies":[{"embeddable":true,"href":"https:\/\/stage.poppersparadise.eu\/de\/wp-json\/wp\/v2\/comments?post=15522"}],"wp:featuredmedia":[{"embeddable":true,"href":"https:\/\/stage.poppersparadise.eu\/de\/wp-json\/wp\/v2\/media\/16636"}],"wp:attachment":[{"href":"https:\/\/stage.poppersparadise.eu\/de\/wp-json\/wp\/v2\/media?parent=15522"}],"wp:term":[{"taxonomy":"product_brand","embeddable":true,"href":"https:\/\/stage.poppersparadise.eu\/de\/wp-json\/wp\/v2\/product_brand?post=15522"},{"taxonomy":"product_cat","embeddable":true,"href":"https:\/\/stage.poppersparadise.eu\/de\/wp-json\/wp\/v2\/product_cat?post=15522"},{"taxonomy":"product_tag","embeddable":true,"href":"https:\/\/stage.poppersparadise.eu\/de\/wp-json\/wp\/v2\/product_tag?post=15522"}],"curies":[{"name":"wp","href":"https:\/\/api.w.org\/{rel}","templated":true}]}}