{"id":15562,"date":"2025-03-26T09:52:23","date_gmt":"2025-03-26T08:52:23","guid":{"rendered":"https:\/\/stage.poppersparadise.eu\/product\/extra-dik-glijmiddel-1000-ml\/"},"modified":"2025-08-15T11:43:39","modified_gmt":"2025-08-15T09:43:39","slug":"fist-it-extra-dickflussiges-gleitmittel-1000-ml","status":"publish","type":"product","link":"https:\/\/stage.poppersparadise.eu\/de\/produkt\/fist-it-extra-dickflussiges-gleitmittel-1000-ml\/","title":{"rendered":"Fist-It Extra dickfl\u00fcssiges Gleitmittel - 1000 ml"},"content":{"rendered":"<h2 class=\"font-bold text-h3 leading-[40px] pt-[21px] pb-[2px] [&amp;_a]:underline-offset-[6px] [&amp;_.underline]:underline-offset-[6px]\" dir=\"ltr\">Fist-It Extra dickfl\u00fcssiges Gleitmittel - 1000 ml<\/h2>\n<p class=\"text-body font-regular leading-[24px] pt-[9px] pb-[2px]\" dir=\"ltr\">Fist-It Extra Thick Lube wurde speziell f\u00fcr Fisting-Enthusiasten entwickelt und bietet optimalen Komfort bei intensiven Sessions. Dieses Gleitmittel auf Wasserbasis l\u00e4sst sich auch in den schwierigsten Momenten leicht auftragen. Mit einem gro\u00dfz\u00fcgigen Fassungsverm\u00f6gen von 300ml, 500ml oder 1000ml ist es sowohl f\u00fcr gelegentliche als auch f\u00fcr h\u00e4ufige Nutzer ideal. Das Produkt ist dermatologisch getestet, fettfrei und v\u00f6llig sicher mit Latexkondomen und allen Arten von Sextoys. Au\u00dferdem ist es geruchs-, farb- und geschmacksneutral, was es diskret und vielseitig einsetzbar macht.<\/p>\n<h3 class=\"font-bold text-h4 leading-[30px] pt-[15px] pb-[2px] [&amp;_a]:underline-offset-[6px] [&amp;_.underline]:underline-offset-[6px]\" dir=\"ltr\">Spezifikationen:<\/h3>\n<ul class=\"pt-[9px] pb-[2px] pl-[24px] list-inside list-disc pt-[5px]\">\n<li class=\"text-body font-regular leading-[24px] my-[5px] [&amp;&gt;ol]:!pt-0 [&amp;&gt;ol]:!pb-0 [&amp;&gt;ul]:!pt-0 [&amp;&gt;ul]:!pb-0\" value=\"1\">Verf\u00fcgbare Mengen: 300 ml, 500 ml, 1000 ml<\/li>\n<li class=\"text-body font-regular leading-[24px] my-[5px] [&amp;&gt;ol]:!pt-0 [&amp;&gt;ol]:!pb-0 [&amp;&gt;ul]:!pt-0 [&amp;&gt;ul]:!pb-0\" value=\"2\">Auf Wasserbasis f\u00fcr einfache Anwendung<\/li>\n<li class=\"text-body font-regular leading-[24px] my-[5px] [&amp;&gt;ol]:!pt-0 [&amp;&gt;ol]:!pb-0 [&amp;&gt;ul]:!pt-0 [&amp;&gt;ul]:!pb-0\" value=\"3\">Sicher mit Latexkondomen und Sextoys<\/li>\n<li class=\"text-body font-regular leading-[24px] my-[5px] [&amp;&gt;ol]:!pt-0 [&amp;&gt;ol]:!pb-0 [&amp;&gt;ul]:!pt-0 [&amp;&gt;ul]:!pb-0\" value=\"4\">Dermatologisch getestet und fettfrei<\/li>\n<li class=\"text-body font-regular leading-[24px] my-[5px] [&amp;&gt;ol]:!pt-0 [&amp;&gt;ol]:!pb-0 [&amp;&gt;ul]:!pt-0 [&amp;&gt;ul]:!pb-0\" value=\"5\">Geruchlos, farblos und geschmacksneutral<\/li>\n<li class=\"text-body font-regular leading-[24px] my-[5px] [&amp;&gt;ol]:!pt-0 [&amp;&gt;ol]:!pb-0 [&amp;&gt;ul]:!pt-0 [&amp;&gt;ul]:!pb-0\" value=\"6\">Zutaten: Wasser, Glycerin, Hydroxyethylcellulose, Natriumbenzoat, Kaliumsorbat, Natriumhydroxid, Zitronens\u00e4ure<\/li>\n<\/ul>\n\n\n<p><\/p>","protected":false},"excerpt":{"rendered":"<p>Fist Es macht deine Fisting- oder Faustfick-Sessions einfacher, besser und intensiver. Unsere Kollektion bietet verschiedene Gleitmittel, darunter Analrelaxantien, extra dicke, nat\u00fcrliche und bet\u00e4ubende Varianten. Jedes Gleitmittel wurde entwickelt, um Ihr Erlebnis zu verbessern und Ihr Vergn\u00fcgen zu steigern.<\/p>","protected":false},"featured_media":15561,"comment_status":"open","ping_status":"closed","template":"","meta":[],"product_brand":[],"product_cat":[479,671],"product_tag":[],"class_list":{"0":"post-15562","1":"product","2":"type-product","3":"status-publish","4":"has-post-thumbnail","6":"product_cat-drogist","7":"product_cat-glijmiddelen","9":"first","10":"instock","11":"taxable","12":"shipping-taxable","13":"purchasable","14":"product-type-simple"},"_links":{"self":[{"href":"https:\/\/stage.poppersparadise.eu\/de\/wp-json\/wp\/v2\/product\/15562","targetHints":{"allow":["GET"]}}],"collection":[{"href":"https:\/\/stage.poppersparadise.eu\/de\/wp-json\/wp\/v2\/product"}],"about":[{"href":"https:\/\/stage.poppersparadise.eu\/de\/wp-json\/wp\/v2\/types\/product"}],"replies":[{"embeddable":true,"href":"https:\/\/stage.poppersparadise.eu\/de\/wp-json\/wp\/v2\/comments?post=15562"}],"wp:featuredmedia":[{"embeddable":true,"href":"https:\/\/stage.poppersparadise.eu\/de\/wp-json\/wp\/v2\/media\/15561"}],"wp:attachment":[{"href":"https:\/\/stage.poppersparadise.eu\/de\/wp-json\/wp\/v2\/media?parent=15562"}],"wp:term":[{"taxonomy":"product_brand","embeddable":true,"href":"https:\/\/stage.poppersparadise.eu\/de\/wp-json\/wp\/v2\/product_brand?post=15562"},{"taxonomy":"product_cat","embeddable":true,"href":"https:\/\/stage.poppersparadise.eu\/de\/wp-json\/wp\/v2\/product_cat?post=15562"},{"taxonomy":"product_tag","embeddable":true,"href":"https:\/\/stage.poppersparadise.eu\/de\/wp-json\/wp\/v2\/product_tag?post=15562"}],"curies":[{"name":"wp","href":"https:\/\/api.w.org\/{rel}","templated":true}]}}