{"id":16013,"date":"2025-04-11T09:40:10","date_gmt":"2025-04-11T07:40:10","guid":{"rendered":"https:\/\/stage.poppersparadise.eu\/?post_type=product&#038;p=16013"},"modified":"2025-09-18T15:03:01","modified_gmt":"2025-09-18T13:03:01","slug":"cosmic-power-party-pack","status":"publish","type":"product","link":"https:\/\/stage.poppersparadise.eu\/de\/produkt\/cosmic-power-party-pack\/","title":{"rendered":"Cosmic Power Party Pack 5 x 24ml + Gratis XTRM SNFFR"},"content":{"rendered":"<h2 class=\"wp-block-heading\">Gestalten Sie Ihr eigenes Cosmic Power Party Pack 5 x 24ml Poppers - Ihre Party, Ihre Wahl!<\/h2>\n\n\n\n<p>Vervollst\u00e4ndigen Sie Ihre Party mit dem&nbsp;<strong>Cosmic Power Party-Pack 5 x 24ml Knallbonbons<\/strong>! W\u00e4hlen Sie Ihre eigenen f\u00fcnf Flaschen aus unserer gro\u00dfen Auswahl an Cosmic Power-Sorten und verleihen Sie Ihrem Erlebnis eine pers\u00f6nliche Note. Mit diesem Paket genie\u00dfen Sie nicht nur Ihre Lieblingssorten, sondern erhalten auch ein <strong>gratis XTRM SNFFR im Wert von 9,95 \u20ac plus 15% Extra-Rabatt pro Flasche<\/strong>. Perfekt f\u00fcr Partys oder zum Ausprobieren verschiedener Varianten!<\/p>\n\n\n\n<h3 class=\"wp-block-heading\">W\u00e4hlen Sie aus Ihren Lieblingssorten:<\/h3>\n\n\n\n<ul class=\"wp-block-list\">\n<li><strong>Super Rush Cosmic Power 24ml<\/strong><\/li>\n\n\n\n<li><strong>Amsterdam Xxx Cosmic Power 24ml<\/strong><\/li>\n\n\n\n<li><strong>Meta Cosmic Power 24ml<\/strong><\/li>\n\n\n\n<li><strong>Rush Cosmic Power 24ml<\/strong><\/li>\n<\/ul>\n\n\n\n<h3 class=\"wp-block-heading\">Die wichtigsten Merkmale des Cosmic Power Party Pack<\/h3>\n\n\n\n<ul class=\"wp-block-list\">\n<li><strong>Pers\u00f6nliche Auswahl<\/strong>Stellen Sie sich Ihr eigenes Paket mit f\u00fcnf 24ml-Flaschen aus unserer umfangreichen Liste zusammen.<\/li>\n\n\n\n<li><strong>Kostenloses Extra<\/strong>: Legen Sie Ihrer Bestellung eine XTRM SNFFR (im Wert von 9,95 \u20ac) bei.<\/li>\n\n\n\n<li><strong>Einzigartiger Rabatt<\/strong>Sie erhalten 15% zus\u00e4tzlichen Rabatt pro Flasche, wenn Sie dieses Paket kaufen.<\/li>\n\n\n\n<li><strong>Vielseitiger Einsatz<\/strong>: Ideal f\u00fcr Partys oder um verschiedene Varianten zu erkunden.<\/li>\n<\/ul>\n\n\n\n<h3 class=\"wp-block-heading\">So verwenden Sie das Cosmic Power Party Pack.<\/h3>\n\n\n\n<p>Verwenden Sie die Poppers aus dem Party-Pack Cosmic Power nur als Duftverteiler oder Reinigungsmittel. Sie sind nicht f\u00fcr den menschlichen Verzehr geeignet und sollten nicht eingeatmet werden. Lagern Sie die Flaschen an einem k\u00fchlen, dunklen Ort, um die Qualit\u00e4t zu erhalten, und verschlie\u00dfen Sie sie nach dem Gebrauch fest.<\/p>\n\n\n\n<h3 class=\"wp-block-heading\">Warum das Cosmic Power Party Pack ein Favorit ist<\/h3>\n\n\n\n<p>Das Cosmic Power Party Pack bietet ultimative Flexibilit\u00e4t und ein gutes Preis-Leistungs-Verh\u00e4ltnis. Indem Sie Ihre Lieblingsvarianten selbst ausw\u00e4hlen und von einem kostenlosen XTRM SNFFR und einem zus\u00e4tzlichen Rabatt profitieren, ist dieses Paket perfekt f\u00fcr Enthusiasten, die nach Abwechslung und Vorteilen suchen.<\/p>\n\n\n\n<h3 class=\"wp-block-heading\">Warnungen<\/h3>\n\n\n\n<ul class=\"wp-block-list\">\n<li>Fl\u00fcssigkeit und Dampf leicht entz\u00fcndbar (H225).<\/li>\n\n\n\n<li>Verursacht Haut- und Augenreizungen (H315\/H319).<\/li>\n\n\n\n<li>Giftig beim Einatmen (H331).<\/li>\n\n\n\n<li>Kein Arzneimittel. Die Verwendung erfolgt auf eigene Gefahr.<\/li>\n<\/ul>\n\n\n\n<h3 class=\"wp-block-heading\">Verwenden Sie<\/h3>\n\n\n\n<p>Nur als Duftzerst\u00e4uber oder Reinigungsmittel gedacht.<br>Nicht f\u00fcr den menschlichen Verzehr geeignet und sollte nicht eingeatmet werden.<\/p>\n\n\n\n<h3 class=\"wp-block-heading\">Lagerung<\/h3>\n\n\n\n<p>An einem k\u00fchlen und trockenen Ort aufbewahren. Au\u00dferhalb der Reichweite von Kindern aufbewahren.<\/p>\n\n\n\n<h3 class=\"wp-block-heading\">Herkunftsland<\/h3>\n\n\n\n<p>EU.<\/p>\n\n\n\n<p>Stellen Sie mit dem Cosmic Power Party Pack 5 x 24ml Poppers Ihr ultimatives Party-Pack zusammen. Entdecken Sie noch heute Ihre Favoriten und machen Sie jede Party unvergesslich! \ud83c\udf89<\/p>\n\n\n\n<p><\/p>","protected":false},"excerpt":{"rendered":"<p><strong><br \/>KOMPATIBLES ZUBEH\u00d6R:<\/strong><\/p>\n<ul>\n<li><a href=\"https:\/\/stage.poppersparadise.eu\/de\/produktkategorie\/zubehor\/schnuffler-gros\/\">Schn\u00fcffler Gro\u00df<\/a><\/li>\n<li><a href=\"https:\/\/stage.poppersparadise.eu\/de\/produkt\/xtrm-poppers-halter-gros-2\/\">XTRM Poppers Halterung Gro\u00df<\/a><\/li>\n<li><a href=\"https:\/\/stage.poppersparadise.eu\/de\/produkt\/xtrm-poppers-keeper-gros-24ml\/\">XTRM Poppers Keeper gro\u00df<\/a><\/li>\n<\/ul>","protected":false},"featured_media":16014,"comment_status":"open","ping_status":"closed","template":"","meta":[],"product_brand":[740],"product_cat":[33],"product_tag":[],"class_list":{"0":"post-16013","1":"product","2":"type-product","3":"status-publish","4":"has-post-thumbnail","6":"product_brand-cosmic-power","7":"product_cat-party-packs","9":"first","10":"instock","11":"sale","12":"taxable","13":"shipping-taxable","14":"purchasable","15":"product-type-simple"},"_links":{"self":[{"href":"https:\/\/stage.poppersparadise.eu\/de\/wp-json\/wp\/v2\/product\/16013","targetHints":{"allow":["GET"]}}],"collection":[{"href":"https:\/\/stage.poppersparadise.eu\/de\/wp-json\/wp\/v2\/product"}],"about":[{"href":"https:\/\/stage.poppersparadise.eu\/de\/wp-json\/wp\/v2\/types\/product"}],"replies":[{"embeddable":true,"href":"https:\/\/stage.poppersparadise.eu\/de\/wp-json\/wp\/v2\/comments?post=16013"}],"wp:featuredmedia":[{"embeddable":true,"href":"https:\/\/stage.poppersparadise.eu\/de\/wp-json\/wp\/v2\/media\/16014"}],"wp:attachment":[{"href":"https:\/\/stage.poppersparadise.eu\/de\/wp-json\/wp\/v2\/media?parent=16013"}],"wp:term":[{"taxonomy":"product_brand","embeddable":true,"href":"https:\/\/stage.poppersparadise.eu\/de\/wp-json\/wp\/v2\/product_brand?post=16013"},{"taxonomy":"product_cat","embeddable":true,"href":"https:\/\/stage.poppersparadise.eu\/de\/wp-json\/wp\/v2\/product_cat?post=16013"},{"taxonomy":"product_tag","embeddable":true,"href":"https:\/\/stage.poppersparadise.eu\/de\/wp-json\/wp\/v2\/product_tag?post=16013"}],"curies":[{"name":"wp","href":"https:\/\/api.w.org\/{rel}","templated":true}]}}