{"id":17051,"date":"2025-05-15T17:19:27","date_gmt":"2025-05-15T15:19:27","guid":{"rendered":"https:\/\/stage.poppersparadise.eu\/?post_type=product&#038;p=17051"},"modified":"2025-09-30T09:29:09","modified_gmt":"2025-09-30T07:29:09","slug":"everest-climax-30ml-poppers","status":"publish","type":"product","link":"https:\/\/stage.poppersparadise.eu\/de\/produkt\/everest-climax-30ml-poppers\/","title":{"rendered":"Everest Climax 30ml"},"content":{"rendered":"<h2 class=\"wp-block-heading\">Everest Climax 30ml-Knallk\u00f6rper - leistungsstark, intensiv und langlebig<\/h2>\n\n\n\n<p>Die Everest Climax 30ml Popper sind f\u00fcr diejenigen gedacht, die ein starkes Dufterlebnis in einer gro\u00dfz\u00fcgigen Gr\u00f6\u00dfe suchen. Mit einer innovativen Formel aus Everest Aromas und einer Formulierung auf Butanolbasis bietet dieses Produkt ein intensives und lang anhaltendes Dufterlebnis. Die gro\u00dfe 30-ml-Glasflasche eignet sich perfekt f\u00fcr einen l\u00e4ngeren Gebrauch und sorgt daf\u00fcr, dass Sie es immer wieder genie\u00dfen k\u00f6nnen.<\/p>\n\n\n\n<h3 class=\"wp-block-heading\">Hauptmerkmale des Everest Climax 30ml<\/h3>\n\n\n\n<ul class=\"wp-block-list\">\n<li><strong>Leistungsstarke Formel<\/strong>: Zusammensetzung auf Butanolbasis mit hochwertigen Nitriten.<\/li>\n\n\n\n<li><strong>Gro\u00dfz\u00fcgige Gr\u00f6\u00dfe<\/strong>: Gro\u00dfe 30-ml-Glasflasche, ideal f\u00fcr den Langzeitgebrauch.<\/li>\n\n\n\n<li><strong>Luftdichte Verpackung<\/strong>: Entwickelt, um den Inhalt frisch und effektiv zu halten.<\/li>\n\n\n\n<li><strong>Hohe Qualit\u00e4t<\/strong>: Everest Aromas ist bekannt f\u00fcr seine zuverl\u00e4ssigen und hochwertigen Produkte.<\/li>\n\n\n\n<li><strong>Vielseitiger Einsatz<\/strong>Perfekt f\u00fcr gesellschaftliche Anl\u00e4sse oder zur pers\u00f6nlichen Entspannung.<\/li>\n<\/ul>\n\n\n\n<h3 class=\"wp-block-heading\">Warum Everest Poppers ein Favorit ist<\/h3>\n\n\n\n<p>Everest ist eine f\u00fchrende Marke in der Welt der Poppers, die f\u00fcr ihre wirksamen Formeln, ihre gleichbleibende Qualit\u00e4t und ihr cleveres Verpackungsdesign bekannt ist. Die luftdicht verschlossenen Flaschen sorgen daf\u00fcr, dass der Inhalt frisch und wirksam bleibt, und bieten dem Nutzer immer wieder ein erstklassiges Erlebnis.<\/p>\n\n\n\n<h3 class=\"wp-block-heading\">Wie verwenden Sie Everest Climax 30ml?<\/h3>\n\n\n\n<p>Verwenden Sie Everest Climax 30ml nur als Duftzerst\u00e4uber oder Reinigungsmittel. Es ist nicht f\u00fcr den menschlichen Verzehr geeignet und sollte nicht eingeatmet werden. Lagern Sie das Produkt an einem k\u00fchlen, trockenen Ort und verschlie\u00dfen Sie die Flasche nach Gebrauch fest.<\/p>\n\n\n\n<h3 class=\"wp-block-heading\">Warnungen<\/h3>\n\n\n\n<p>Fl\u00fcssigkeit und Dampf leicht entz\u00fcndbar (H225).<br>Verursacht Haut- und Augenreizungen (H315\/H319).<br>Giftig beim Einatmen (H331).<br>Kein Arzneimittel. Die Verwendung erfolgt auf eigene Gefahr.<\/p>\n\n\n\n<h3 class=\"wp-block-heading\">Verwenden Sie<\/h3>\n\n\n\n<p>Nur als Duftzerst\u00e4uber oder Reinigungsmittel gedacht.<br>Nicht f\u00fcr den menschlichen Verzehr geeignet und sollte nicht eingeatmet werden.<\/p>\n\n\n\n<h3 class=\"wp-block-heading\">Lagerung<\/h3>\n\n\n\n<p>An einem k\u00fchlen und trockenen Ort aufbewahren. Au\u00dferhalb der Reichweite von Kindern aufbewahren.<\/p>\n\n\n\n<h3 class=\"wp-block-heading\">Herkunftsland<\/h3>\n\n\n\n<p>Frankreich.<\/p>","protected":false},"excerpt":{"rendered":"<p><strong><br \/>KOMPATIBLES ZUBEH\u00d6R:<\/strong><\/p>\n<ul>\n<li><a href=\"https:\/\/stage.poppersparadise.eu\/de\/produktkategorie\/zubehor\/schnuffler-klein\/\">Schn\u00fcffler Klein<\/a><\/li>\n<li><a href=\"https:\/\/stage.poppersparadise.eu\/de\/produkt\/xtrm-poppers-houder-zwart-small\/\">XTRM Poppers Halterung Klein<\/a><\/li>\n<li><a href=\"https:\/\/stage.poppersparadise.eu\/de\/produkt\/xtrm-poppers-keeper-klein-10ml\/\">XTRM Poppers Keeper Klein<\/a><\/li>\n<\/ul>","protected":false},"featured_media":17054,"comment_status":"open","ping_status":"closed","template":"","meta":[],"product_brand":[585],"product_cat":[35],"product_tag":[],"class_list":{"0":"post-17051","1":"product","2":"type-product","3":"status-publish","4":"has-post-thumbnail","6":"product_brand-everest","7":"product_cat-grote-flesjes-poppers","9":"first","10":"instock","11":"taxable","12":"shipping-taxable","13":"purchasable","14":"product-type-simple"},"_links":{"self":[{"href":"https:\/\/stage.poppersparadise.eu\/de\/wp-json\/wp\/v2\/product\/17051","targetHints":{"allow":["GET"]}}],"collection":[{"href":"https:\/\/stage.poppersparadise.eu\/de\/wp-json\/wp\/v2\/product"}],"about":[{"href":"https:\/\/stage.poppersparadise.eu\/de\/wp-json\/wp\/v2\/types\/product"}],"replies":[{"embeddable":true,"href":"https:\/\/stage.poppersparadise.eu\/de\/wp-json\/wp\/v2\/comments?post=17051"}],"wp:featuredmedia":[{"embeddable":true,"href":"https:\/\/stage.poppersparadise.eu\/de\/wp-json\/wp\/v2\/media\/17054"}],"wp:attachment":[{"href":"https:\/\/stage.poppersparadise.eu\/de\/wp-json\/wp\/v2\/media?parent=17051"}],"wp:term":[{"taxonomy":"product_brand","embeddable":true,"href":"https:\/\/stage.poppersparadise.eu\/de\/wp-json\/wp\/v2\/product_brand?post=17051"},{"taxonomy":"product_cat","embeddable":true,"href":"https:\/\/stage.poppersparadise.eu\/de\/wp-json\/wp\/v2\/product_cat?post=17051"},{"taxonomy":"product_tag","embeddable":true,"href":"https:\/\/stage.poppersparadise.eu\/de\/wp-json\/wp\/v2\/product_tag?post=17051"}],"curies":[{"name":"wp","href":"https:\/\/api.w.org\/{rel}","templated":true}]}}