{"id":17295,"date":"2025-05-21T19:06:39","date_gmt":"2025-05-21T17:06:39","guid":{"rendered":"https:\/\/stage.poppersparadise.eu\/?post_type=product&#038;p=17295"},"modified":"2025-08-12T10:21:36","modified_gmt":"2025-08-12T08:21:36","slug":"eile-schwarz-feuer-24ml-poppers","status":"publish","type":"product","link":"https:\/\/stage.poppersparadise.eu\/de\/produkt\/eile-schwarz-feuer-24ml-poppers\/","title":{"rendered":"Rush Black Fire 24ml"},"content":{"rendered":"<h2 class=\"wp-block-heading\">Rush Black Fire 24ml poppers - Leistung und Intensit\u00e4t in einem<\/h2>\n\n\n\n<p>Rush Black Fire 24ml poppers ist eine kultige Wahl f\u00fcr alle, die ein starkes und intensives Dufterlebnis suchen. Mit einem vertrauten Propyl-Aroma und einer Pentylnitrit-Basis bietet dieses Produkt ein einzigartiges Dufterlebnis, perfekt f\u00fcr erfahrene Nutzer, die das gewisse Extra wollen.<\/p>\n\n\n\n<h3 class=\"wp-block-heading\">Hauptmerkmale von Rush Black Fire<\/h3>\n\n\n\n<ul class=\"wp-block-list\">\n<li><strong>Formel der alten Ausgabe<\/strong>: Ikonischer Propyl-Duft, der sofort wirkt.<\/li>\n\n\n\n<li><strong>Extra stark<\/strong>: Speziell entwickelt f\u00fcr eine starke Duftverbreitung.<\/li>\n\n\n\n<li><strong>Pentylnitrit-Base<\/strong>: F\u00fcr ein anspruchsvolles Dufterlebnis.<\/li>\n\n\n\n<li><strong>Kompakte Gr\u00f6\u00dfe<\/strong>Abgef\u00fcllt in einer praktischen 24-ml-Flasche.<\/li>\n\n\n\n<li><strong>Volumenvorteil<\/strong>: Sparen Sie mehr bei gr\u00f6\u00dferen Bestellungen.<\/li>\n<\/ul>\n\n\n\n<h3 class=\"wp-block-heading\">Wie verwendet man Rush Black Fire?<\/h3>\n\n\n\n<p>Verwenden Sie Rush Black Fire nur als Duftzerst\u00e4uber oder Reinigungsmittel. Es ist nicht f\u00fcr den menschlichen Verzehr geeignet und sollte nicht eingeatmet werden. Lagern Sie das Produkt an einem k\u00fchlen, trockenen Ort und verschlie\u00dfen Sie die Flasche nach Gebrauch fest.<\/p>\n\n\n\n<h3 class=\"wp-block-heading\">Warum Rush Black Fire ein Favorit ist<\/h3>\n\n\n\n<p>Die leistungsstarke Formel, der gro\u00dfz\u00fcgige Inhalt und die zuverl\u00e4ssige Qualit\u00e4t machen dieses Produkt zu einem Favoriten unter den Liebhabern von Duftdiffusoren. Es bietet ein intensives Dufterlebnis, perfekt f\u00fcr besondere Momente.<\/p>\n\n\n\n<h3 class=\"wp-block-heading\">Warnungen<\/h3>\n\n\n\n<p>Fl\u00fcssigkeit und Dampf leicht entz\u00fcndbar (H225).<br>Verursacht Haut- und Augenreizungen (H315\/H319).<br>Giftig beim Einatmen (H331).<br>Kein Arzneimittel. Die Verwendung erfolgt auf eigene Gefahr.<\/p>\n\n\n\n<h3 class=\"wp-block-heading\">Verwenden Sie<\/h3>\n\n\n\n<p>Nur als Duftzerst\u00e4uber oder Reinigungsmittel gedacht.<br>Nicht f\u00fcr den menschlichen Verzehr geeignet und sollte nicht eingeatmet werden.<\/p>\n\n\n\n<h3 class=\"wp-block-heading\">Lagerung<\/h3>\n\n\n\n<p>An einem k\u00fchlen und trockenen Ort aufbewahren. Au\u00dferhalb der Reichweite von Kindern aufbewahren.<\/p>\n\n\n\n<h3 class=\"wp-block-heading\">Herkunftsland<\/h3>\n\n\n\n<p>Frankreich.<\/p>","protected":false},"excerpt":{"rendered":"<p><strong><br \/>KOMPATIBLES ZUBEH\u00d6R:<\/strong><\/p>\n<ul>\n<li><a href=\"https:\/\/stage.poppersparadise.eu\/de\/produktkategorie\/zubehor\/schnuffler-gros\/\">Schn\u00fcffler Gro\u00df<\/a><\/li>\n<li><a href=\"https:\/\/stage.poppersparadise.eu\/de\/produkt\/xtrm-poppers-halter-gros-2\/\">XTRM Poppers Halterung Gro\u00df<\/a><\/li>\n<li><a href=\"https:\/\/stage.poppersparadise.eu\/de\/produkt\/xtrm-poppers-keeper-gros-24ml\/\">XTRM Poppers Keeper gro\u00df<\/a><\/li>\n<\/ul>","protected":false},"featured_media":17296,"comment_status":"open","ping_status":"closed","template":"","meta":[],"product_brand":[751],"product_cat":[35],"product_tag":[],"class_list":{"0":"post-17295","1":"product","2":"type-product","3":"status-publish","4":"has-post-thumbnail","6":"product_brand-rush","7":"product_cat-grote-flesjes-poppers","9":"first","10":"instock","11":"taxable","12":"shipping-taxable","13":"purchasable","14":"product-type-simple"},"_links":{"self":[{"href":"https:\/\/stage.poppersparadise.eu\/de\/wp-json\/wp\/v2\/product\/17295","targetHints":{"allow":["GET"]}}],"collection":[{"href":"https:\/\/stage.poppersparadise.eu\/de\/wp-json\/wp\/v2\/product"}],"about":[{"href":"https:\/\/stage.poppersparadise.eu\/de\/wp-json\/wp\/v2\/types\/product"}],"replies":[{"embeddable":true,"href":"https:\/\/stage.poppersparadise.eu\/de\/wp-json\/wp\/v2\/comments?post=17295"}],"wp:featuredmedia":[{"embeddable":true,"href":"https:\/\/stage.poppersparadise.eu\/de\/wp-json\/wp\/v2\/media\/17296"}],"wp:attachment":[{"href":"https:\/\/stage.poppersparadise.eu\/de\/wp-json\/wp\/v2\/media?parent=17295"}],"wp:term":[{"taxonomy":"product_brand","embeddable":true,"href":"https:\/\/stage.poppersparadise.eu\/de\/wp-json\/wp\/v2\/product_brand?post=17295"},{"taxonomy":"product_cat","embeddable":true,"href":"https:\/\/stage.poppersparadise.eu\/de\/wp-json\/wp\/v2\/product_cat?post=17295"},{"taxonomy":"product_tag","embeddable":true,"href":"https:\/\/stage.poppersparadise.eu\/de\/wp-json\/wp\/v2\/product_tag?post=17295"}],"curies":[{"name":"wp","href":"https:\/\/api.w.org\/{rel}","templated":true}]}}