{"id":17340,"date":"2025-05-22T21:16:22","date_gmt":"2025-05-22T19:16:22","guid":{"rendered":"https:\/\/stage.poppersparadise.eu\/?post_type=product&#038;p=17340"},"modified":"2025-10-03T19:12:04","modified_gmt":"2025-10-03T17:12:04","slug":"schwarzer-kaviar-wirbel-power-sniffer","status":"publish","type":"product","link":"https:\/\/stage.poppersparadise.eu\/de\/produkt\/schwarzer-kaviar-wirbel-power-sniffer\/","title":{"rendered":"Schwarzer Kaviar Vortex Power Sniffer - Klein"},"content":{"rendered":"<h2 class=\"wp-block-heading\"><strong>Der leistungsf\u00e4higste und eleganteste Sniffer auf dem Markt<\/strong><\/h2>\n\n\n\n<p>Das ist der Black Caviar Vortex Power Sniffer - Small, die innovative L\u00f6sung f\u00fcr m\u00fcheloses und sicheres Schn\u00fcffeln. Unser Sniffer kombiniert Luxus mit Leistung und hebt Ihr Erlebnis auf die n\u00e4chste Stufe. Dank seiner 100% auslaufsicheren und luftdichten Konstruktion k\u00f6nnen Sie sich auf die ultimative Reinheit und Effizienz jedes Schnupfens verlassen. Kein Kleckern, kein Aufheben.<\/p>\n\n\n\n<h3 class=\"wp-block-heading\">Sehen Sie es in Aktion<\/h3>\n\n\n\n<figure class=\"wp-block-video\"><video controls src=\"https:\/\/stage.poppersparadise.eu\/wp-content\/uploads\/2025\/05\/Actie.mp4\"><\/video><\/figure>\n\n\n\n<h3 class=\"wp-block-heading\"><br>Die Essenz des Beakr - wo Raffinesse und Handwerkskunst verschmelzen<\/h3>\n\n\n\n<p>Die Produkte von <strong>Beakr<\/strong> wurden mit \u00e4u\u00dferster Sorgfalt in den Vereinigten Staaten entwickelt und hergestellt, wobei nur die strengsten Qualit\u00e4tsstandards eingehalten wurden. Beakr ist bekannt f\u00fcr seine Pr\u00e4zision und Zuverl\u00e4ssigkeit - und das werden Sie bei jedem Schnuppern merken. Ideal f\u00fcr alle, die ein intensives, best\u00e4ndiges Erlebnis der Spitzenklasse suchen.<\/p>\n\n\n\n<h3 class=\"wp-block-heading\">Warum sollten Sie sich f\u00fcr den Black Caviar Vortex Power Sniffer entscheiden?<\/h3>\n\n\n\n<ul class=\"wp-block-list\">\n<li><strong>Nie wieder kleckern:<\/strong> Die patentierte Rippentechnologie sorgt f\u00fcr einen perfekten, luftdichten Verschluss, so dass Sie keinen Tropfen verschwenden.<\/li>\n\n\n\n<li><strong>Super stark:<\/strong> Erleben Sie konstante Leistung dank der Vortex Power Technologie. Die Luft wird optimal komprimiert f\u00fcr ein kraftvolles Schn\u00fcffeln, bis zum letzten Tropfen.<\/li>\n\n\n\n<li><strong>Einzigartiger Klang<\/strong>: Allein das \"Plopp\"-Ger\u00e4usch, das man h\u00f6rt, sobald man ihn in die ge\u00f6ffnete Position dr\u00fcckt, macht Lust, sofort zu schnuppern<\/li>\n\n\n\n<li><strong>Niemals verbrennen:<\/strong> Das Design h\u00e4lt die Fl\u00fcssigkeit weit von der D\u00fcse entfernt. Sch\u00fctzen Sie Ihre Nasenl\u00f6cher vor unangenehmen Verbrennungen.<\/li>\n<\/ul>\n\n\n\n<h3 class=\"wp-block-heading\">Einzigartige Merkmale<\/h3>\n\n\n\n<ul class=\"wp-block-list\">\n<li><strong>Dauerhaftigkeit durch Spritzgie\u00dfen:<\/strong> Viel st\u00e4rker und zuverl\u00e4ssiger als 3D-gedruckter Kunststoff.<\/li>\n\n\n\n<li><strong>Farboptionen:<\/strong> Erh\u00e4ltlich in 5 leuchtenden Farben - Black Caviar, Red Rush, Royal Purple, Pretty in Pink und Greedy Green.<\/li>\n\n\n\n<li><strong>Kompakt und vielseitig:<\/strong> Geeignet f\u00fcr 10ml-Flaschen, Iron Fist-Aluminiumflaschen, ovale 24ml-Flaschen und Tall\/Slim-Flaschen.<\/li>\n<\/ul>\n\n\n\n<h3 class=\"wp-block-heading\">Spezifikationen<\/h3>\n\n\n\n<ul class=\"wp-block-list\">\n<li><strong>Auslaufsicher:<\/strong> 100% garantiert<\/li>\n\n\n\n<li><strong>Schlie\u00dfung:<\/strong> Luftdicht mit patentierter Drehknopftechnologie<\/li>\n\n\n\n<li><strong>Qualit\u00e4t des Materials:<\/strong> Hochwertiger spritzgegossener Kunststoff<\/li>\n\n\n\n<li><strong>Farben:<\/strong> 5 stilvolle Optionen<\/li>\n<\/ul>\n\n\n\n<h3 class=\"wp-block-heading\">Von Ihrem Stil inspirierte Farben<\/h3>\n\n\n\n<ul class=\"wp-block-list\">\n<li><strong><a href=\"https:\/\/stage.poppersparadise.eu\/de\/produkt\/schwarzer-kaviar-power-sniffer\/\">Schwarzer Kaviar<\/a><\/strong>: Klassisch, elegant und zeitlos. Entscheiden Sie sich f\u00fcr Raffinesse mit dieser luxuri\u00f6sen schwarzen Oberfl\u00e4che.<\/li>\n\n\n\n<li><strong><a href=\"https:\/\/stage.poppersparadise.eu\/de\/produkt\/red-rush-power-sniffer\/\">Rot Rush<\/a><\/strong>Feurig und k\u00fchn: Verleihen Sie Ihrem Erlebnis mit diesem kr\u00e4ftigen Rotton einen energiegeladenen Twist.<\/li>\n\n\n\n<li><strong><a href=\"https:\/\/stage.poppersparadise.eu\/de\/produkt\/red-rush-power-sniffer-copy\/\">K\u00f6niglich lila<\/a><\/strong>Majest\u00e4tisch und geheimnisvoll, eine Farbe, die Klasse f\u00fcr den anspruchsvollsten Geschmack ausstrahlt.<\/li>\n\n\n\n<li><strong><a href=\"https:\/\/stage.poppersparadise.eu\/de\/produkt\/hubsch-in-rosa-macht-schnuffler\/\">H\u00fcbsch in Rosa<\/a><\/strong>Leicht, verspielt und charmant. Bringen Sie einen Hauch von Fr\u00f6hlichkeit mit dieser herrlichen rosa Farbe.<\/li>\n\n\n\n<li><strong><a href=\"https:\/\/stage.poppersparadise.eu\/de\/produkt\/gieriger-gruner-wirbelstromschnuffler\/\">Gieriges Gr\u00fcn<\/a><\/strong>: Frisch, lebendig und auffallend. Perfekt f\u00fcr alle, die mit Stil auffallen wollen.<\/li>\n<\/ul>\n\n\n\n<h3 class=\"wp-block-heading\">Befristetes Einf\u00fchrungsangebot<\/h3>\n\n\n\n<p>Es gibt keinen besseren Zeitpunkt, um Ihre Erfahrungen zu verbessern. Profitieren Sie jetzt von unserem <strong>Einf\u00fchrungsrabatt von 20%<\/strong> Auf den Black Caviar Vortex Power Sniffer. Warten Sie nicht zu lange, dieses Angebot ist zeitlich begrenzt!<\/p>\n\n\n\n<p><strong>Bestellen Sie den Black Caviar Vortex Power Sniffer jetzt und \u00fcberzeugen Sie sich selbst, warum dies der beste Sniffer auf dem Markt ist.<\/strong><\/p>","protected":false},"excerpt":{"rendered":"<p><strong>Verf\u00fcgbar ab 1. Juni <\/strong> Darf ich vorstellen: der Black Caviar Power Sniffer, die innovative L\u00f6sung f\u00fcr m\u00fcheloses und sicheres Schn\u00fcffeln. Unser Sniffer verbindet Luxus mit Leistung und hebt Ihr Erlebnis auf die n\u00e4chste Stufe. Dank seiner 100% auslaufsicheren und luftdichten Konstruktion k\u00f6nnen Sie sich auf die ultimative Reinheit und Effizienz jedes Schnupfens verlassen. Kein Kleckern, kein Aufheben.<\/p>","protected":false},"featured_media":17570,"comment_status":"open","ping_status":"closed","template":"","meta":[],"product_brand":[753],"product_cat":[330,529],"product_tag":[],"class_list":{"0":"post-17340","1":"product","2":"type-product","3":"status-publish","4":"has-post-thumbnail","6":"product_brand-beakr","7":"product_cat-accessoires","8":"product_cat-sniffers-small","10":"first","11":"instock","12":"sale","13":"taxable","14":"shipping-taxable","15":"purchasable","16":"product-type-simple"},"_links":{"self":[{"href":"https:\/\/stage.poppersparadise.eu\/de\/wp-json\/wp\/v2\/product\/17340","targetHints":{"allow":["GET"]}}],"collection":[{"href":"https:\/\/stage.poppersparadise.eu\/de\/wp-json\/wp\/v2\/product"}],"about":[{"href":"https:\/\/stage.poppersparadise.eu\/de\/wp-json\/wp\/v2\/types\/product"}],"replies":[{"embeddable":true,"href":"https:\/\/stage.poppersparadise.eu\/de\/wp-json\/wp\/v2\/comments?post=17340"}],"wp:featuredmedia":[{"embeddable":true,"href":"https:\/\/stage.poppersparadise.eu\/de\/wp-json\/wp\/v2\/media\/17570"}],"wp:attachment":[{"href":"https:\/\/stage.poppersparadise.eu\/de\/wp-json\/wp\/v2\/media?parent=17340"}],"wp:term":[{"taxonomy":"product_brand","embeddable":true,"href":"https:\/\/stage.poppersparadise.eu\/de\/wp-json\/wp\/v2\/product_brand?post=17340"},{"taxonomy":"product_cat","embeddable":true,"href":"https:\/\/stage.poppersparadise.eu\/de\/wp-json\/wp\/v2\/product_cat?post=17340"},{"taxonomy":"product_tag","embeddable":true,"href":"https:\/\/stage.poppersparadise.eu\/de\/wp-json\/wp\/v2\/product_tag?post=17340"}],"curies":[{"name":"wp","href":"https:\/\/api.w.org\/{rel}","templated":true}]}}