{"id":17806,"date":"2025-05-30T14:19:48","date_gmt":"2025-05-30T12:19:48","guid":{"rendered":"https:\/\/stage.poppersparadise.eu\/?post_type=product&#038;p=17806"},"modified":"2025-10-07T09:45:16","modified_gmt":"2025-10-07T07:45:16","slug":"dschungel-saft-schwarzes-etikett-10ml-poppers","status":"publish","type":"product","link":"https:\/\/stage.poppersparadise.eu\/de\/produkt\/dschungel-saft-schwarzes-etikett-10ml-poppers\/","title":{"rendered":"Jungle Juice Black Label 10ml"},"content":{"rendered":"<h2 class=\"wp-block-heading\">Jungle Juice Black Label 10ml poppers - Intensit\u00e4t und Raffinesse<\/h2>\n\n\n\n<p>Jungle Juice Black Label 10ml poppers ist eine erstklassige Wahl f\u00fcr alle, die ein starkes und anspruchsvolles Dufterlebnis suchen. Mit einer hochwertigen Amylnitrit-Formel bietet dieses Produkt ein einzigartiges Dufterlebnis, perfekt f\u00fcr besondere Momente, Partys oder abenteuerliche Geister.<\/p>\n\n\n\n<h3 class=\"wp-block-heading\">Hauptmerkmale von Jungle Juice Black Label<\/h3>\n\n\n\n<ul class=\"wp-block-list\">\n<li><strong>Hochwertige Formel<\/strong>: Enth\u00e4lt Amylnitrit f\u00fcr ein intensives Dufterlebnis.<\/li>\n\n\n\n<li><strong>Kompakte Gr\u00f6\u00dfe<\/strong>Abgef\u00fcllt in einer 10-ml-Flasche, ideal f\u00fcr unterwegs.<\/li>\n\n\n\n<li><strong>Volumenvorteil<\/strong>: Sparen Sie mehr bei gr\u00f6\u00dferen Bestellungen.<\/li>\n<\/ul>\n\n\n\n<h3 class=\"wp-block-heading\">Wie verwenden Sie Jungle Juice Black Label?<\/h3>\n\n\n\n<p>Verwenden Sie Jungle Juice Black Label nur als Duftzerst\u00e4uber oder Reinigungsmittel. Es ist nicht f\u00fcr den menschlichen Verzehr geeignet und sollte nicht eingeatmet werden. Lagern Sie das Produkt an einem k\u00fchlen, trockenen Ort und verschlie\u00dfen Sie die Flasche nach Gebrauch fest.<\/p>\n\n\n\n<h3 class=\"wp-block-heading\">Warum Jungle Juice Black Label ein Favorit ist<\/h3>\n\n\n\n<p>Seine leistungsstarke Formel, die kompakte Verpackung und die zuverl\u00e4ssige Qualit\u00e4t machen dieses Produkt zu einem Favoriten unter den Liebhabern von Duftdiffusoren. Es bietet ein intensives Dufterlebnis, perfekt f\u00fcr besondere Momente.<\/p>\n\n\n\n<h3 class=\"wp-block-heading\">Warnungen<\/h3>\n\n\n\n<p>Fl\u00fcssigkeit und Dampf leicht entz\u00fcndbar (H225).<br>Verursacht Haut- und Augenreizungen (H315\/H319).<br>Giftig beim Einatmen (H331).<br>Kein Arzneimittel. Die Verwendung erfolgt auf eigene Gefahr.<\/p>\n\n\n\n<h3 class=\"wp-block-heading\">Verwenden Sie<\/h3>\n\n\n\n<p>Nur als Duftzerst\u00e4uber oder Reinigungsmittel gedacht.<br>Nicht f\u00fcr den menschlichen Verzehr geeignet und sollte nicht eingeatmet werden.<\/p>\n\n\n\n<h3 class=\"wp-block-heading\">Lagerung<\/h3>\n\n\n\n<p>An einem k\u00fchlen und trockenen Ort aufbewahren. Au\u00dferhalb der Reichweite von Kindern aufbewahren.<\/p>\n\n\n\n<h3 class=\"wp-block-heading\">Herkunftsland<\/h3>\n\n\n\n<p>Frankreich.<\/p>","protected":false},"excerpt":{"rendered":"<p><strong><br \/>KOMPATIBLES ZUBEH\u00d6R:<\/strong><\/p>\n<ul>\n<li><a href=\"https:\/\/stage.poppersparadise.eu\/de\/produktkategorie\/zubehor\/schnuffler-klein\/\">Schn\u00fcffler Klein<\/a><\/li>\n<li><a href=\"https:\/\/stage.poppersparadise.eu\/de\/produkt\/xtrm-poppers-houder-zwart-small\/\">XTRM Poppers Halterung Klein<\/a><\/li>\n<li><a href=\"https:\/\/stage.poppersparadise.eu\/de\/produkt\/xtrm-poppers-keeper-klein-10ml\/\">XTRM Poppers Keeper Klein<\/a><\/li>\n<\/ul>","protected":false},"featured_media":17808,"comment_status":"open","ping_status":"closed","template":"","meta":[],"product_brand":[745],"product_cat":[34],"product_tag":[],"class_list":{"0":"post-17806","1":"product","2":"type-product","3":"status-publish","4":"has-post-thumbnail","6":"product_brand-jungle-juice","7":"product_cat-kleine-flesjes-poppers","9":"first","10":"instock","11":"taxable","12":"shipping-taxable","13":"purchasable","14":"product-type-simple"},"_links":{"self":[{"href":"https:\/\/stage.poppersparadise.eu\/de\/wp-json\/wp\/v2\/product\/17806","targetHints":{"allow":["GET"]}}],"collection":[{"href":"https:\/\/stage.poppersparadise.eu\/de\/wp-json\/wp\/v2\/product"}],"about":[{"href":"https:\/\/stage.poppersparadise.eu\/de\/wp-json\/wp\/v2\/types\/product"}],"replies":[{"embeddable":true,"href":"https:\/\/stage.poppersparadise.eu\/de\/wp-json\/wp\/v2\/comments?post=17806"}],"wp:featuredmedia":[{"embeddable":true,"href":"https:\/\/stage.poppersparadise.eu\/de\/wp-json\/wp\/v2\/media\/17808"}],"wp:attachment":[{"href":"https:\/\/stage.poppersparadise.eu\/de\/wp-json\/wp\/v2\/media?parent=17806"}],"wp:term":[{"taxonomy":"product_brand","embeddable":true,"href":"https:\/\/stage.poppersparadise.eu\/de\/wp-json\/wp\/v2\/product_brand?post=17806"},{"taxonomy":"product_cat","embeddable":true,"href":"https:\/\/stage.poppersparadise.eu\/de\/wp-json\/wp\/v2\/product_cat?post=17806"},{"taxonomy":"product_tag","embeddable":true,"href":"https:\/\/stage.poppersparadise.eu\/de\/wp-json\/wp\/v2\/product_tag?post=17806"}],"curies":[{"name":"wp","href":"https:\/\/api.w.org\/{rel}","templated":true}]}}