{"id":18175,"date":"2025-06-06T22:55:42","date_gmt":"2025-06-06T20:55:42","guid":{"rendered":"https:\/\/stage.poppersparadise.eu\/?post_type=product&#038;p=18175"},"modified":"2025-08-09T11:19:31","modified_gmt":"2025-08-09T09:19:31","slug":"xtrm-turbo-snffr-3","status":"publish","type":"product","link":"https:\/\/stage.poppersparadise.eu\/de\/produkt\/xtrm-turbo-snffr-3\/","title":{"rendered":"XTRM Turbo SNFFR\u00ae Leak Proof Small &amp; Large Set - Violett"},"content":{"rendered":"<h2 class=\"font-semibold pdf-heading-class-replace text-h3 leading-[40px] pt-[21px] pb-[2px] [&amp;_a]:underline-offset-[6px] [&amp;_.underline]:underline-offset-[6px]\" dir=\"ltr\">Sonderangebot f\u00fcr das XTRM TURBO SNFFR\u00ae Leak Proof Small &amp; Large Set<\/h2>\n<p class=\"text-body font-regular leading-[24px] pt-[9px] pb-[2px]\" dir=\"ltr\">Sie suchen ein Schn\u00fcffelset, das Qualit\u00e4t, Stil und Benutzerfreundlichkeit vereint? Das XTRM TURBO SNFFR\u00ae Leak Proof Small &amp; Large Set bietet Ihnen alles, wonach Sie suchen, und noch mehr. Au\u00dferdem wird dieses Set mit einem unwiderstehlichen Angebot geliefert, das Sie sich nicht entgehen lassen sollten.<\/p>\n<h3 class=\"font-semibold pdf-heading-class-replace text-h4 leading-[30px] pt-[15px] pb-[2px] [&amp;_a]:underline-offset-[6px] [&amp;_.underline]:underline-offset-[6px]\" dir=\"ltr\">Hauptmerkmale und Vorteile:<\/h3>\n<ul class=\"pt-[9px] pb-[2px] pl-[24px] list-disc pt-[5px]\">\n<li><b><strong class=\"font-semibold\">Set zu einem tollen Preis<\/strong><\/b> - Allein die Version Small oder Large kostet <strong>normalerweise 43,95 \u20ac pro St\u00fcck. Jetzt zusammen f\u00fcr nur 49,95 \u20ac erh\u00e4ltlich<\/strong>.<\/li>\n<li value=\"1\"><b><strong class=\"font-semibold\">Auslaufsichere Konstruktion<\/strong><\/b> - Nie wieder undicht dank des hochwertigen Dichtungsmechanismus.<\/li>\n<li class=\"text-body font-regular leading-[24px] my-[5px] [&amp;&gt;ol]:!pt-0 [&amp;&gt;ol]:!pb-0 [&amp;&gt;ul]:!pt-0 [&amp;&gt;ul]:!pb-0\" value=\"2\"><b><strong class=\"font-semibold\">Qualit\u00e4t aus \u00d6sterreich<\/strong><\/b> - Mit Pr\u00e4zision entworfen und f\u00fcr den langfristigen Gebrauch gemacht.<\/li>\n<li class=\"text-body font-regular leading-[24px] my-[5px] [&amp;&gt;ol]:!pt-0 [&amp;&gt;ol]:!pb-0 [&amp;&gt;ul]:!pt-0 [&amp;&gt;ul]:!pb-0\" value=\"3\"><b><strong class=\"font-semibold\">Stilvolle Farboptionen<\/strong><\/b> - W\u00e4hlen Sie zwischen Schwarz, Rosa oder Lila, um Ihren Stil perfekt zu treffen.<\/li>\n<\/ul>\n<h3 class=\"font-semibold pdf-heading-class-replace text-h4 leading-[30px] pt-[15px] pb-[2px] [&amp;_a]:underline-offset-[6px] [&amp;_.underline]:underline-offset-[6px]\" dir=\"ltr\">Sonderangebot<\/h3>\n<p class=\"text-body font-regular leading-[24px] pt-[9px] pb-[2px]\" dir=\"ltr\">Holen Sie sich das komplette Set (sowohl Small als auch Large) f\u00fcr nur 49,95 \u20ac. Eine einzigartige Gelegenheit, Qualit\u00e4t und Sparen zu kombinieren.<\/p>\n<h3 class=\"font-semibold pdf-heading-class-replace text-h4 leading-[30px] pt-[15px] pb-[2px] [&amp;_a]:underline-offset-[6px] [&amp;_.underline]:underline-offset-[6px]\" dir=\"ltr\">Verf\u00fcgbare Farboptionen<\/h3>\n<p class=\"text-body font-regular leading-[24px] pt-[9px] pb-[2px]\" dir=\"ltr\">Dieses stilvolle Set ist erh\u00e4ltlich in <b><strong class=\"font-semibold\">schwarz<\/strong><\/b>, <b><strong class=\"font-semibold\">rosa<\/strong><\/b>und <b><strong class=\"font-semibold\">lila<\/strong><\/b>. W\u00e4hlen Sie Ihren Favoriten und machen Sie sofort Eindruck!<\/p>\n<p class=\"text-body font-regular leading-[24px] pt-[9px] pb-[2px]\" dir=\"ltr\">Verpassen Sie nicht die Gelegenheit, Ihre Sammlung mit dem XTRM TURBO SNFFR\u00ae Set zu vervollst\u00e4ndigen. Bestellen Sie jetzt und finden Sie selbst heraus, warum dies das Must-Have f\u00fcr Schn\u00fcffelfreunde ist.<\/p>\n<h3>\"So viele SNFFRs - wir mussten endlich unser Haus in Ordnung bringen\"<br \/>Ab jetzt gibt es klare Gr\u00f6\u00dfen f\u00fcr jede Flasche: Unsere neue Gr\u00f6\u00dfentabelle XTRM SNFFR zeigt Ihnen genau, was passt - kein R\u00e4tselraten, kein Gefummel.\"<br \/><br \/><\/h3>\n\n\n<figure class=\"wp-block-table\"><table class=\"has-fixed-layout\"><thead><tr><th>Gr\u00f6\u00dfe<\/th><th>Beispiel&nbsp;<\/th><th>Beschreibung<\/th><\/tr><\/thead><tbody><tr><td><strong>XXS<\/strong><\/td><td><img decoding=\"async\" src=\"https:\/\/wholesale.xtrm.net\/TAP\/XXS.jpg\" alt=\"XXS-Flasche\"><\/td><td>Totenkopf 24 ml Flaschen<\/td><\/tr><tr><td><strong>XS<\/strong><\/td><td><img decoding=\"async\" src=\"https:\/\/wholesale.xtrm.net\/TAP\/XS.jpg\" alt=\"XS-Flasche\"><\/td><td>Franz\u00f6sisch, Double Scorpio (USA), Everest, OXY - schlanke Aluminiumflaschen (10-15 ml)<\/td><\/tr><tr><td><strong>S<\/strong><\/td><td><img decoding=\"async\" src=\"https:\/\/wholesale.xtrm.net\/TAP\/SMALL.jpg\" alt=\"S-Flasche\"><\/td><td>Rush, Amsterdam, ovale Flaschen XTRM, breite Lockerroom-Flaschen (nicht hoch), PWD 10ml, Funline 10ml<\/td><\/tr><tr><td><strong>M<\/strong><\/td><td><img decoding=\"async\" src=\"https:\/\/wholesale.xtrm.net\/TAP\/M.jpg\" alt=\"M-Flasche\"><\/td><td>Neue gro\u00dfe Lockerroom-Flaschen (30 ml) - vorher \"Small\", jetzt Medium<\/td><\/tr><tr><td><strong>L<\/strong><\/td><td><img decoding=\"async\" src=\"https:\/\/wholesale.xtrm.net\/TAP\/large.jpg\" alt=\"L-Flasche\"><\/td><td>Quadratische Retro-Flaschen (24-25 ml), z. B. Belgo, Funline, Lockerroom, einige US-Flaschen<\/td><\/tr><tr><td><strong>XL<\/strong><\/td><td><img decoding=\"async\" src=\"https:\/\/wholesale.xtrm.net\/TAP\/xl.jpg\" alt=\"XL-Flasche\"><\/td><td>Neue OXY- und Lockerroom-Aluminiumflaschen (gro\u00df, rund)<\/td><\/tr><tr><td><strong>2XL<\/strong><\/td><td><img decoding=\"async\" src=\"https:\/\/wholesale.xtrm.net\/TAP\/2xl.jpg\" alt=\"2XL-Flasche\"><\/td><td>Extra breite 30ml Aluminiumflaschen mit gro\u00dfer \u00d6ffnung<\/td><\/tr><tr><td><strong>3XL<\/strong><\/td><td><img decoding=\"async\" src=\"https:\/\/wholesale.xtrm.net\/TAP\/3xl.jpg\" alt=\"3XL-Flasche\"><\/td><td>Isoamyl-Kunststoffflaschen, Everest 30 ml, Weithalsglasflaschen<\/td><\/tr><tr><td><strong>4XL<\/strong><\/td><td><img decoding=\"async\" src=\"https:\/\/wholesale.xtrm.net\/TAP\/4xl.jpg\" alt=\"4XL-Flasche\"><\/td><td>XTRM Flaschen 60-100 ml, z. B. XTRM BEAST<\/td><\/tr><\/tbody><\/table><\/figure>\n\n\n\n<p><\/p>","protected":false},"excerpt":{"rendered":"<p class=\"text-body font-semibold !p-0 !pt-[4px] !pb-[2px]\">Keine Kopie. Keine Kappe. Kein Vergleich. Das ist das Original - made in Austria.<\/p>\n<p>Die\u00a0<strong>XTRM Turbo SNFFR\u00ae<\/strong>\u00a0ist kein Spielzeug. Es ist das begehrteste Inhalationszubeh\u00f6r im Kreislauf - entworfen, gebaut und verfeinert f\u00fcr kompromissloses Vergn\u00fcgen.\u00a0<strong>Ber\u00fchrungslos. Auslaufsicher. Kontrollierte Verdunstung.<\/strong>\u00a0Ein einfacher Druck auf den Knopf setzt das Aroma frei - kontrolliert, sauber, kraftvoll. Wenn Sie den Knopf loslassen, schlie\u00dft sich das System sofort. Kein Auslaufen, kein Nachtropfen, kein Hautkontakt. Nur reines Aroma - genau zum richtigen Zeitpunkt.<\/p>","protected":false},"featured_media":18176,"comment_status":"open","ping_status":"closed","template":"","meta":[],"product_brand":[752],"product_cat":[482,330,756],"product_tag":[],"class_list":{"0":"post-18175","1":"product","2":"type-product","3":"status-publish","4":"has-post-thumbnail","6":"product_brand-xtrm","7":"product_cat-aanbiedingen","8":"product_cat-accessoires","9":"product_cat-sniffers-small-large-sets","11":"first","12":"instock","13":"sale","14":"taxable","15":"shipping-taxable","16":"purchasable","17":"product-type-simple"},"_links":{"self":[{"href":"https:\/\/stage.poppersparadise.eu\/de\/wp-json\/wp\/v2\/product\/18175","targetHints":{"allow":["GET"]}}],"collection":[{"href":"https:\/\/stage.poppersparadise.eu\/de\/wp-json\/wp\/v2\/product"}],"about":[{"href":"https:\/\/stage.poppersparadise.eu\/de\/wp-json\/wp\/v2\/types\/product"}],"replies":[{"embeddable":true,"href":"https:\/\/stage.poppersparadise.eu\/de\/wp-json\/wp\/v2\/comments?post=18175"}],"wp:featuredmedia":[{"embeddable":true,"href":"https:\/\/stage.poppersparadise.eu\/de\/wp-json\/wp\/v2\/media\/18176"}],"wp:attachment":[{"href":"https:\/\/stage.poppersparadise.eu\/de\/wp-json\/wp\/v2\/media?parent=18175"}],"wp:term":[{"taxonomy":"product_brand","embeddable":true,"href":"https:\/\/stage.poppersparadise.eu\/de\/wp-json\/wp\/v2\/product_brand?post=18175"},{"taxonomy":"product_cat","embeddable":true,"href":"https:\/\/stage.poppersparadise.eu\/de\/wp-json\/wp\/v2\/product_cat?post=18175"},{"taxonomy":"product_tag","embeddable":true,"href":"https:\/\/stage.poppersparadise.eu\/de\/wp-json\/wp\/v2\/product_tag?post=18175"}],"curies":[{"name":"wp","href":"https:\/\/api.w.org\/{rel}","templated":true}]}}