{"id":18643,"date":"2025-06-18T19:10:35","date_gmt":"2025-06-18T17:10:35","guid":{"rendered":"https:\/\/stage.poppersparadise.eu\/?post_type=product&#038;p=18643"},"modified":"2025-09-07T12:50:55","modified_gmt":"2025-09-07T10:50:55","slug":"die-unzerbrechlichen-ultra-starken-amyl-knallkorper-24ml","status":"publish","type":"product","link":"https:\/\/stage.poppersparadise.eu\/de\/produkt\/die-unzerbrechlichen-ultra-starken-amyl-knallkorper-24ml\/","title":{"rendered":"The Unbreakable Ultra Strong Amyl 24ml"},"content":{"rendered":"<h2 class=\"wp-block-heading\">The Unbreakable Ultra Strong Amyl 24ml-Popper - Leistung und Haltbarkeit in einem<\/h2>\n\n\n\n<p>The Unbreakable Ultra Strong Amyl 24ml Knallk\u00f6rper kombinieren eine leistungsstarke Amylformel mit einem innovativen, unzerbrechlichen Flaschendesign. Ideal f\u00fcr intensive Anwendungen, Reiseabenteuer und Partys, ohne sich Sorgen \u00fcber Bruch oder Auslaufen zu machen. Dieser Duftzerst\u00e4uber bietet ein langanhaltendes und robustes Dufterlebnis, perfekt f\u00fcr alle, die auf Qualit\u00e4t und Zuverl\u00e4ssigkeit Wert legen.<\/p>\n\n\n\n<h3 class=\"wp-block-heading\">Hauptmerkmale von The Unbreakable Ultra Strong Amyl<\/h3>\n\n\n\n<ul class=\"wp-block-list\">\n<li><strong>Unzerbrechliche Flasche<\/strong>Kein Glas, keine Sorgen. Perfekt f\u00fcr Reisen oder intensive Nutzung.<\/li>\n\n\n\n<li><strong>Reine Amylformel<\/strong>: Sorgf\u00e4ltig formuliert f\u00fcr ein starkes und lang anhaltendes Dufterlebnis.<\/li>\n\n\n\n<li><strong>Gro\u00dfe Kapazit\u00e4t<\/strong>: 24-ml-Flasche, ideal f\u00fcr den Langzeitgebrauch.<\/li>\n\n\n\n<li><strong>Langlebiges Design<\/strong>: H\u00e4lt den Inhalt l\u00e4nger frisch und verhindert das Auslaufen.<\/li>\n<\/ul>\n\n\n\n<h3 class=\"wp-block-heading\">Wie verwendet man The Unbreakable Ultra Strong Amyl?<\/h3>\n\n\n\n<p>Verwenden Sie The Unbreakable Ultra Strong Amyl nur als Duftzerst\u00e4uber oder Reinigungsmittel. Es ist nicht f\u00fcr den menschlichen Verzehr geeignet und sollte nicht eingeatmet werden. Bewahren Sie das Produkt an einem k\u00fchlen, dunklen Ort auf, um seine Qualit\u00e4t zu erhalten, und verschlie\u00dfen Sie die Flasche nach Gebrauch fest.<\/p>\n\n\n\n<h3 class=\"wp-block-heading\">Warum der unzerbrechliche Ultra Strong Amyl ein Favorit ist<\/h3>\n\n\n\n<p>Der Unbreakable Ultra Strong Amyl ist eine einzigartige Wahl unter den Duftverteilern. Sein robustes und sicheres Design in Kombination mit seiner leistungsstarken Amylformel macht dieses Produkt zu einer zuverl\u00e4ssigen Option f\u00fcr ein intensives und lang anhaltendes Dufterlebnis.<\/p>\n\n\n\n<h3 class=\"wp-block-heading\">Warnungen<\/h3>\n\n\n\n<p>Fl\u00fcssigkeit und Dampf leicht entz\u00fcndbar (H225).<br>Verursacht Haut- und Augenreizungen (H315\/H319).<br>Giftig beim Einatmen (H331).<br>Kein Arzneimittel. Die Verwendung erfolgt auf eigene Gefahr.<\/p>\n\n\n\n<h3 class=\"wp-block-heading\">Verwenden Sie<\/h3>\n\n\n\n<p>Nur als Duftzerst\u00e4uber oder Reinigungsmittel gedacht.<br>Nicht f\u00fcr den menschlichen Verzehr geeignet und sollte nicht eingeatmet werden.<\/p>\n\n\n\n<h3 class=\"wp-block-heading\">Lagerung<\/h3>\n\n\n\n<p>An einem k\u00fchlen und trockenen Ort aufbewahren. Au\u00dferhalb der Reichweite von Kindern aufbewahren.<\/p>\n\n\n\n<h3 class=\"wp-block-heading\">Herkunftsland<\/h3>\n\n\n\n<p>EU.<\/p>","protected":false},"excerpt":{"rendered":"<p><strong><br \/>KOMPATIBLES ZUBEH\u00d6R:<\/strong><\/p>\n<ul>\n<li><a href=\"https:\/\/stage.poppersparadise.eu\/de\/produktkategorie\/zubehor\/schnuffler-gros\/\">Schn\u00fcffler Gro\u00df<\/a><\/li>\n<li><a href=\"https:\/\/stage.poppersparadise.eu\/de\/produkt\/xtrm-poppers-halter-gros-2\/\">XTRM Poppers Halterung Gro\u00df<\/a><\/li>\n<li><a href=\"https:\/\/stage.poppersparadise.eu\/de\/produkt\/xtrm-poppers-keeper-gros-24ml\/\">XTRM Poppers Keeper gro\u00df<\/a><\/li>\n<\/ul>","protected":false},"featured_media":18644,"comment_status":"open","ping_status":"closed","template":"","meta":[],"product_brand":[736],"product_cat":[35],"product_tag":[],"class_list":{"0":"post-18643","1":"product","2":"type-product","3":"status-publish","4":"has-post-thumbnail","6":"product_brand-amyl","7":"product_cat-grote-flesjes-poppers","9":"first","10":"instock","11":"taxable","12":"shipping-taxable","13":"purchasable","14":"product-type-simple"},"_links":{"self":[{"href":"https:\/\/stage.poppersparadise.eu\/de\/wp-json\/wp\/v2\/product\/18643","targetHints":{"allow":["GET"]}}],"collection":[{"href":"https:\/\/stage.poppersparadise.eu\/de\/wp-json\/wp\/v2\/product"}],"about":[{"href":"https:\/\/stage.poppersparadise.eu\/de\/wp-json\/wp\/v2\/types\/product"}],"replies":[{"embeddable":true,"href":"https:\/\/stage.poppersparadise.eu\/de\/wp-json\/wp\/v2\/comments?post=18643"}],"wp:featuredmedia":[{"embeddable":true,"href":"https:\/\/stage.poppersparadise.eu\/de\/wp-json\/wp\/v2\/media\/18644"}],"wp:attachment":[{"href":"https:\/\/stage.poppersparadise.eu\/de\/wp-json\/wp\/v2\/media?parent=18643"}],"wp:term":[{"taxonomy":"product_brand","embeddable":true,"href":"https:\/\/stage.poppersparadise.eu\/de\/wp-json\/wp\/v2\/product_brand?post=18643"},{"taxonomy":"product_cat","embeddable":true,"href":"https:\/\/stage.poppersparadise.eu\/de\/wp-json\/wp\/v2\/product_cat?post=18643"},{"taxonomy":"product_tag","embeddable":true,"href":"https:\/\/stage.poppersparadise.eu\/de\/wp-json\/wp\/v2\/product_tag?post=18643"}],"curies":[{"name":"wp","href":"https:\/\/api.w.org\/{rel}","templated":true}]}}