{"id":19011,"date":"2025-06-27T17:30:07","date_gmt":"2025-06-27T15:30:07","guid":{"rendered":"https:\/\/stage.poppersparadise.eu\/product\/emerald-excitement-squirting-dildo-m\/"},"modified":"2025-09-23T11:25:14","modified_gmt":"2025-09-23T09:25:14","slug":"smaragd-aufregung-squirting-dildo-m","status":"publish","type":"product","link":"https:\/\/stage.poppersparadise.eu\/de\/produkt\/smaragd-aufregung-squirting-dildo-m\/","title":{"rendered":"Smaragd Aufregung Squirting Dildo - M"},"content":{"rendered":"<h2 class=\"font-bold text-h3 leading-[36px] pt-[21px] pb-[2px] [&amp;_a]:underline-offset-[6px] [&amp;_.underline]:underline-offset-[6px]\" dir=\"ltr\">Entdecken Sie den Emerald Excitement Squirting Dildo<\/h2>\n<p class=\"text-body font-regular leading-[24px] pt-[9px] pb-[2px]\" dir=\"ltr\">Stellen Sie sich ein Wesen aus einer zuk\u00fcnftigen Dimension vor, das von der vibrierenden Energie eines fernen, mystischen Planeten durchdrungen ist. Seine Farbe ist gr\u00fcn, aber nicht das gew\u00f6hnliche Gr\u00fcn, das Sie kennen; es strahlt ein bezauberndes Leuchten aus, \u00e4hnlich wie ein Smaragd, der im Mondlicht funkelt. Dieses geheimnisvolle Wesen, das als Emerald Excitement bekannt ist, ist mit einer einzigartigen Mission auf die Erde gekommen: die Sinne von Fantasieliebhabern \u00fcberall zu wecken und zu erregen. Das Design erinnert nicht nur an eine Kreatur aus einer anderen Welt, sondern verk\u00f6rpert auch eine unvergleichliche Form, die die Fantasie anregt.<\/p>\n<p class=\"text-body font-regular leading-[24px] pt-[9px] pb-[2px]\" dir=\"ltr\">Der Emerald Excitement Dildo geht \u00fcber die Welt der konventionellen Sextoys hinaus - er ist ein eindringliches Erlebnis, das Sie in eine Welt der Fantasie und Ekstase entf\u00fchrt, in der Ihr Vergn\u00fcgen im Mittelpunkt steht. Mit \u00e4u\u00dferster Sorgfalt und Liebe zum Detail gefertigt, ist seine Konstruktion darauf ausgelegt, jeden intimen Moment zu verbessern, was ihn zu einer wirklich au\u00dfergew\u00f6hnlichen Erg\u00e4nzung jeder Sammlung macht.<\/p>\n<h3 class=\"font-bold text-h4 leading-[30px] pt-[15px] pb-[2px] [&amp;_a]:underline-offset-[6px] [&amp;_.underline]:underline-offset-[6px]\" dir=\"ltr\">Produktspezifikationen<\/h3>\n<ul class=\"pt-[9px] pb-[2px] pl-[24px] list-disc [&amp;_ul]:pt-[5px] pt-[5px]\">\n<li class=\"text-body font-regular leading-[24px] my-[5px] [&amp;&gt;ol]:!pt-0 [&amp;&gt;ol]:!pb-0 [&amp;&gt;ul]:!pt-0 [&amp;&gt;ul]:!pb-0\" value=\"1\"><b><strong class=\"font-bold\">Gesamtl\u00e4nge<\/strong><\/b>30,3 cm, bietet ausreichend Reichweite f\u00fcr tiefe und befriedigende Empfindungen<\/li>\n<li class=\"text-body font-regular leading-[24px] my-[5px] [&amp;&gt;ol]:!pt-0 [&amp;&gt;ol]:!pb-0 [&amp;&gt;ul]:!pt-0 [&amp;&gt;ul]:!pb-0\" value=\"2\"><b><strong class=\"font-bold\">L\u00e4nge der Einf\u00fcgung<\/strong><\/b>: 24,7 cm, entwickelt f\u00fcr volle Befriedigung und Erkundung<\/li>\n<li class=\"text-body font-regular leading-[24px] my-[5px] [&amp;&gt;ol]:!pt-0 [&amp;&gt;ol]:!pb-0 [&amp;&gt;ul]:!pt-0 [&amp;&gt;ul]:!pb-0\" value=\"3\"><b><strong class=\"font-bold\">Oberer Durchmesser<\/strong><\/b>: 4,8 cm, bietet eine subtile Einf\u00fchrung in seine exquisite Form<\/li>\n<li class=\"text-body font-regular leading-[24px] my-[5px] [&amp;&gt;ol]:!pt-0 [&amp;&gt;ol]:!pb-0 [&amp;&gt;ul]:!pt-0 [&amp;&gt;ul]:!pb-0\" value=\"4\"><b><strong class=\"font-bold\">Mittlerer Durchmesser<\/strong><\/b>8,3 cm, f\u00fcr ein umfassenderes, intensiveres Erlebnis<\/li>\n<li class=\"text-body font-regular leading-[24px] my-[5px] [&amp;&gt;ol]:!pt-0 [&amp;&gt;ol]:!pb-0 [&amp;&gt;ul]:!pt-0 [&amp;&gt;ul]:!pb-0\" value=\"5\"><b><strong class=\"font-bold\">Durchmesser der Basis<\/strong><\/b>12,7 cm, gew\u00e4hrleistet Stabilit\u00e4t und Benutzerfreundlichkeit<\/li>\n<li class=\"text-body font-regular leading-[24px] my-[5px] [&amp;&gt;ol]:!pt-0 [&amp;&gt;ol]:!pb-0 [&amp;&gt;ul]:!pt-0 [&amp;&gt;ul]:!pb-0\" value=\"6\"><b><strong class=\"font-bold\">Gewicht<\/strong><\/b>: 1589 Gramm, perfekt ausbalanciert f\u00fcr einen komfortablen Griff<\/li>\n<li class=\"text-body font-regular leading-[24px] my-[5px] [&amp;&gt;ol]:!pt-0 [&amp;&gt;ol]:!pb-0 [&amp;&gt;ul]:!pt-0 [&amp;&gt;ul]:!pb-0\" value=\"7\"><b><strong class=\"font-bold\">Farben<\/strong><\/b>: Eine einzigartige Mischung aus Gr\u00fcnt\u00f6nen, die faszinieren und faszinieren<\/li>\n<li class=\"text-body font-regular leading-[24px] my-[5px] [&amp;&gt;ol]:!pt-0 [&amp;&gt;ol]:!pb-0 [&amp;&gt;ul]:!pt-0 [&amp;&gt;ul]:!pb-0\" value=\"8\"><b><strong class=\"font-bold\">Material<\/strong><\/b>Premium-Platin-Silikon, f\u00fcr Sicherheit, Haltbarkeit und ein luxuri\u00f6ses Gef\u00fchl<\/li>\n<\/ul>\n<h3 class=\"font-bold text-h4 leading-[30px] pt-[15px] pb-[2px] [&amp;_a]:underline-offset-[6px] [&amp;_.underline]:underline-offset-[6px]\" dir=\"ltr\">Einzigartige Eigenschaften<\/h3>\n<ul class=\"pt-[9px] pb-[2px] pl-[24px] list-disc [&amp;_ul]:pt-[5px] pt-[5px]\">\n<li class=\"text-body font-regular leading-[24px] my-[5px] [&amp;&gt;ol]:!pt-0 [&amp;&gt;ol]:!pb-0 [&amp;&gt;ul]:!pt-0 [&amp;&gt;ul]:!pb-0\" value=\"1\"><b><strong class=\"font-bold\">Squirting-Funktion: <\/strong><\/b>Bereiten Sie sich gemeinsam mit Ihrem au\u00dferirdischen Partner vor<\/li>\n<li class=\"text-body font-regular leading-[24px] my-[5px] [&amp;&gt;ol]:!pt-0 [&amp;&gt;ol]:!pb-0 [&amp;&gt;ul]:!pt-0 [&amp;&gt;ul]:!pb-0\" value=\"1\"><b><strong class=\"font-bold\">Erstklassige Qualit\u00e4t:<\/strong><\/b> Hergestellt aus hochwertigem Platinum-Silikon f\u00fcr ein unglaublich realistisches Gef\u00fchl.<\/li>\n<li class=\"text-body font-regular leading-[24px] my-[5px] [&amp;&gt;ol]:!pt-0 [&amp;&gt;ol]:!pb-0 [&amp;&gt;ul]:!pt-0 [&amp;&gt;ul]:!pb-0\" value=\"2\"><b><strong class=\"font-bold\">Lebendige Farben:<\/strong><\/b> Eine atemberaubende Mischung aus Gr\u00fcnt\u00f6nen<\/li>\n<li class=\"text-body font-regular leading-[24px] my-[5px] [&amp;&gt;ol]:!pt-0 [&amp;&gt;ol]:!pb-0 [&amp;&gt;ul]:!pt-0 [&amp;&gt;ul]:!pb-0\" value=\"3\"><b><strong class=\"font-bold\">Vielseitig einsetzbar:<\/strong><\/b> Perfekt f\u00fcr anale und vaginale Spiele.<\/li>\n<\/ul>","protected":false},"excerpt":{"rendered":"<p>Stellen Sie sich ein Wesen aus einer zuk\u00fcnftigen Dimension vor, das von der vibrierenden Energie eines fernen, mystischen Planeten durchdrungen ist. Die Farbe ist gr\u00fcn, aber nicht das gew\u00f6hnliche Gr\u00fcn, das du kennst; es strahlt einen bezaubernden Glanz aus, \u00e4hnlich wie ein Smaragd, der im Mondlicht funkelt.<\/p>","protected":false},"featured_media":19010,"comment_status":"open","ping_status":"closed","template":"","meta":[],"product_brand":[767],"product_cat":[766,787],"product_tag":[],"class_list":{"0":"post-19011","1":"product","2":"type-product","3":"status-publish","4":"has-post-thumbnail","6":"product_brand-giant-space-intruders","7":"product_cat-dildos","8":"product_cat-monster-fantasy-dildos","10":"first","11":"instock","12":"sale","13":"taxable","14":"shipping-taxable","15":"purchasable","16":"product-type-simple"},"_links":{"self":[{"href":"https:\/\/stage.poppersparadise.eu\/de\/wp-json\/wp\/v2\/product\/19011","targetHints":{"allow":["GET"]}}],"collection":[{"href":"https:\/\/stage.poppersparadise.eu\/de\/wp-json\/wp\/v2\/product"}],"about":[{"href":"https:\/\/stage.poppersparadise.eu\/de\/wp-json\/wp\/v2\/types\/product"}],"replies":[{"embeddable":true,"href":"https:\/\/stage.poppersparadise.eu\/de\/wp-json\/wp\/v2\/comments?post=19011"}],"wp:featuredmedia":[{"embeddable":true,"href":"https:\/\/stage.poppersparadise.eu\/de\/wp-json\/wp\/v2\/media\/19010"}],"wp:attachment":[{"href":"https:\/\/stage.poppersparadise.eu\/de\/wp-json\/wp\/v2\/media?parent=19011"}],"wp:term":[{"taxonomy":"product_brand","embeddable":true,"href":"https:\/\/stage.poppersparadise.eu\/de\/wp-json\/wp\/v2\/product_brand?post=19011"},{"taxonomy":"product_cat","embeddable":true,"href":"https:\/\/stage.poppersparadise.eu\/de\/wp-json\/wp\/v2\/product_cat?post=19011"},{"taxonomy":"product_tag","embeddable":true,"href":"https:\/\/stage.poppersparadise.eu\/de\/wp-json\/wp\/v2\/product_tag?post=19011"}],"curies":[{"name":"wp","href":"https:\/\/api.w.org\/{rel}","templated":true}]}}