{"id":19043,"date":"2025-06-27T17:31:45","date_gmt":"2025-06-27T15:31:45","guid":{"rendered":"https:\/\/stage.poppersparadise.eu\/product\/cosmic-curves-horse-dildo-l\/"},"modified":"2025-09-23T11:25:14","modified_gmt":"2025-09-23T09:25:14","slug":"kosmische-kurven-pferd-dildo-l","status":"publish","type":"product","link":"https:\/\/stage.poppersparadise.eu\/de\/produkt\/kosmische-kurven-pferd-dildo-l\/","title":{"rendered":"Cosmic Curves Pferd Dildo - L"},"content":{"rendered":"<h2 class=\"font-bold text-h3 leading-[36px] pt-[21px] pb-[2px] [&amp;_a]:underline-offset-[6px] [&amp;_.underline]:underline-offset-[6px]\" dir=\"ltr\">Entdecken Sie die kosmische Anziehungskraft eines au\u00dferirdischen Rosses<\/h2>\n<p class=\"text-body font-regular leading-[24px] pt-[9px] pb-[2px]\" dir=\"ltr\">Entfesseln Sie den himmlischen Zauber des <b><strong class=\"font-bold\">Cosmic Curves Alien Pferd<\/strong><\/b> in Ihren intimsten Momenten. Dieses au\u00dfergew\u00f6hnliche Design, das die Faszination und das Wunder eines geheimnisvollen kosmischen Wesens in sich vereint, l\u00e4dt Sie zu einer Reise in Gefilde jenseits der Vorstellungskraft ein. Mit seiner bezaubernden Mischung aus goldenen, sanften roten und t\u00fcrkisfarbenen T\u00f6nen steht jede Farbe f\u00fcr die grenzenlose Sch\u00f6nheit des Universums.<\/p>\n<p class=\"text-body font-regular leading-[24px] pt-[9px] pb-[2px]\" dir=\"ltr\">Diese einzigartige Kreation f\u00fcr wagemutige Abenteurer und Fans der Fantasie ist mehr als nur ein Accessoire - sie ist ein Tor zu unvergleichlichem Vergn\u00fcgen und Neugierde. Egal, ob du dich auf eine Solo-Expedition begibst oder dich spannenden Rollenspielen hingibst, das Cosmic Curves Alien Horse verspricht eine noch nie dagewesene Reise zu den Sternen.<\/p>\n<h3 class=\"font-bold text-h4 leading-[30px] pt-[15px] pb-[2px] [&amp;_a]:underline-offset-[6px] [&amp;_.underline]:underline-offset-[6px]\" dir=\"ltr\">Produktspezifikationen<\/h3>\n<ul class=\"pt-[9px] pb-[2px] pl-[24px] list-disc [&amp;_ul]:pt-[5px] pt-[5px]\">\n<li class=\"text-body font-regular leading-[24px] my-[5px] [&amp;&gt;ol]:!pt-0 [&amp;&gt;ol]:!pb-0 [&amp;&gt;ul]:!pt-0 [&amp;&gt;ul]:!pb-0\" value=\"1\"><b><strong class=\"font-bold\">Gesamtl\u00e4nge<\/strong><\/b>Beachtliche 36,2 cm, perfekt f\u00fcr tiefe Erkundungen.<\/li>\n<li class=\"text-body font-regular leading-[24px] my-[5px] [&amp;&gt;ol]:!pt-0 [&amp;&gt;ol]:!pb-0 [&amp;&gt;ul]:!pt-0 [&amp;&gt;ul]:!pb-0\" value=\"2\"><b><strong class=\"font-bold\">L\u00e4nge der Einf\u00fcgung<\/strong><\/b>30,3 cm pure Bewegung, entwickelt f\u00fcr unvergleichliche Erlebnisse.<\/li>\n<li class=\"text-body font-regular leading-[24px] my-[5px] [&amp;&gt;ol]:!pt-0 [&amp;&gt;ol]:!pb-0 [&amp;&gt;ul]:!pt-0 [&amp;&gt;ul]:!pb-0\" value=\"3\"><b><strong class=\"font-bold\">Oberer Durchmesser<\/strong><\/b>: 8,6 cm, mit einem einladend weichen und gro\u00dfz\u00fcgigen Eingang.<\/li>\n<li class=\"text-body font-regular leading-[24px] my-[5px] [&amp;&gt;ol]:!pt-0 [&amp;&gt;ol]:!pb-0 [&amp;&gt;ul]:!pt-0 [&amp;&gt;ul]:!pb-0\" value=\"4\"><b><strong class=\"font-bold\">Mittlerer Durchmesser<\/strong><\/b>Ein fester Umfang von 9,1 cm sorgt f\u00fcr ein lang anhaltendes Vergn\u00fcgen.<\/li>\n<li class=\"text-body font-regular leading-[24px] my-[5px] [&amp;&gt;ol]:!pt-0 [&amp;&gt;ol]:!pb-0 [&amp;&gt;ul]:!pt-0 [&amp;&gt;ul]:!pb-0\" value=\"5\"><b><strong class=\"font-bold\">Durchmesser der Basis<\/strong><\/b>Ein stabiler 18,2 cm, entworfen f\u00fcr sicheren Halt und Gebrauch.<\/li>\n<li class=\"text-body font-regular leading-[24px] my-[5px] [&amp;&gt;ol]:!pt-0 [&amp;&gt;ol]:!pb-0 [&amp;&gt;ul]:!pt-0 [&amp;&gt;ul]:!pb-0\" value=\"6\"><b><strong class=\"font-bold\">Gewicht<\/strong><\/b>Ein solides Gewicht von 2539 g, das bei jeder Ber\u00fchrung ein festes, lebensechtes Gef\u00fchl vermittelt.<\/li>\n<li class=\"text-body font-regular leading-[24px] my-[5px] [&amp;&gt;ol]:!pt-0 [&amp;&gt;ol]:!pb-0 [&amp;&gt;ul]:!pt-0 [&amp;&gt;ul]:!pb-0\" value=\"7\"><b><strong class=\"font-bold\">Material<\/strong><\/b>Fachm\u00e4nnisch aus hochwertigem Platin-Silikon hergestellt, um Haltbarkeit und realistische Textur zu gew\u00e4hrleisten.<\/li>\n<li class=\"text-body font-regular leading-[24px] my-[5px] [&amp;&gt;ol]:!pt-0 [&amp;&gt;ol]:!pb-0 [&amp;&gt;ul]:!pt-0 [&amp;&gt;ul]:!pb-0\" value=\"8\"><b><strong class=\"font-bold\">Farben<\/strong><\/b>Ein kunstvoller Mix aus Gold, sanftem Rot und T\u00fcrkis, der die majest\u00e4tischen Wunder des Kosmos darstellt.<\/li>\n<\/ul>\n<p class=\"text-body font-regular leading-[24px] pt-[9px] pb-[2px]\" dir=\"ltr\">Lassen Sie sich von der unvergleichlichen Qualit\u00e4t und dem unverwechselbaren Design des Cosmic Curves Alien Horse verzaubern. Begeben Sie sich auf ein transzendentes Abenteuer mit dieser mystischen Kreatur aus den entlegensten Winkeln der Sterne.<\/p>","protected":false},"excerpt":{"rendered":"<p>Entdecken Sie das Cosmic Curves Alien Horse - ein k\u00fchnes und fantastisches Pferd, das f\u00fcr galaktischen Spa\u00df entwickelt wurde.<\/p>","protected":false},"featured_media":19042,"comment_status":"open","ping_status":"closed","template":"","meta":[],"product_brand":[767],"product_cat":[766,787],"product_tag":[],"class_list":{"0":"post-19043","1":"product","2":"type-product","3":"status-publish","4":"has-post-thumbnail","6":"product_brand-giant-space-intruders","7":"product_cat-dildos","8":"product_cat-monster-fantasy-dildos","10":"first","11":"outofstock","12":"sale","13":"taxable","14":"shipping-taxable","15":"purchasable","16":"product-type-simple"},"_links":{"self":[{"href":"https:\/\/stage.poppersparadise.eu\/de\/wp-json\/wp\/v2\/product\/19043","targetHints":{"allow":["GET"]}}],"collection":[{"href":"https:\/\/stage.poppersparadise.eu\/de\/wp-json\/wp\/v2\/product"}],"about":[{"href":"https:\/\/stage.poppersparadise.eu\/de\/wp-json\/wp\/v2\/types\/product"}],"replies":[{"embeddable":true,"href":"https:\/\/stage.poppersparadise.eu\/de\/wp-json\/wp\/v2\/comments?post=19043"}],"wp:featuredmedia":[{"embeddable":true,"href":"https:\/\/stage.poppersparadise.eu\/de\/wp-json\/wp\/v2\/media\/19042"}],"wp:attachment":[{"href":"https:\/\/stage.poppersparadise.eu\/de\/wp-json\/wp\/v2\/media?parent=19043"}],"wp:term":[{"taxonomy":"product_brand","embeddable":true,"href":"https:\/\/stage.poppersparadise.eu\/de\/wp-json\/wp\/v2\/product_brand?post=19043"},{"taxonomy":"product_cat","embeddable":true,"href":"https:\/\/stage.poppersparadise.eu\/de\/wp-json\/wp\/v2\/product_cat?post=19043"},{"taxonomy":"product_tag","embeddable":true,"href":"https:\/\/stage.poppersparadise.eu\/de\/wp-json\/wp\/v2\/product_tag?post=19043"}],"curies":[{"name":"wp","href":"https:\/\/api.w.org\/{rel}","templated":true}]}}