{"id":19098,"date":"2025-06-27T17:34:32","date_gmt":"2025-06-27T15:34:32","guid":{"rendered":"https:\/\/stage.poppersparadise.eu\/product\/asteroid-adventurer-dildo-l\/"},"modified":"2025-09-23T11:25:14","modified_gmt":"2025-09-23T09:25:14","slug":"asteroid-abenteurer-dildo-l","status":"publish","type":"product","link":"https:\/\/stage.poppersparadise.eu\/de\/produkt\/asteroid-abenteurer-dildo-l\/","title":{"rendered":"Asteroid Abenteurer Dildo - L"},"content":{"rendered":"<h2 class=\"font-bold text-h3 leading-[36px] pt-[21px] pb-[2px] [&amp;_a]:underline-offset-[6px] [&amp;_.underline]:underline-offset-[6px]\" dir=\"ltr\">Entdecken Sie kosmisches Vergn\u00fcgen mit dem Asteroid Adventurer Dildo<\/h2>\n<p class=\"text-body font-regular leading-[24px] pt-[9px] pb-[2px]\" dir=\"ltr\">Begeben Sie sich auf eine Reise in neue Dimensionen der Lust mit unserem einzigartig gestalteten Fantasie-Dildo, der von Fabelwesen inspiriert ist und aus hochwertigem Platin-Silikon f\u00fcr ein lebensechtes Gef\u00fchl besteht. Stellen Sie sich eine Kreatur vor, die von einem fernen Asteroiden stammt und unsere Welt mit au\u00dferirdischer Ekstase bereichert, die Ihre irdischen Sehns\u00fcchte erf\u00fcllt. Dies ist nicht nur ein Spielzeug, es ist Ihr Tor zu einem Universum voller unentdeckter Fantasien. Ob Sie sich auf ein Solo-Abenteuer einlassen oder gemeinsame Momente mit einem Partner erforschen, dieser Dildo ist hier, um Ihre tiefsten, r\u00e4tselhaftesten Fantasien zu befriedigen.<\/p>\n<h3 class=\"font-bold text-h4 leading-[30px] pt-[15px] pb-[2px] [&amp;_a]:underline-offset-[6px] [&amp;_.underline]:underline-offset-[6px]\" dir=\"ltr\">Produktspezifikationen<\/h3>\n<ul class=\"pt-[9px] pb-[2px] pl-[24px] list-disc [&amp;_ul]:pt-[5px] pt-[5px]\">\n<li class=\"text-body font-regular leading-[24px] my-[5px] [&amp;&gt;ol]:!pt-0 [&amp;&gt;ol]:!pb-0 [&amp;&gt;ul]:!pt-0 [&amp;&gt;ul]:!pb-0\" value=\"1\"><b><strong class=\"font-bold\">Gesamtl\u00e4nge:<\/strong><\/b> 26,8 cm<\/li>\n<li class=\"text-body font-regular leading-[24px] my-[5px] [&amp;&gt;ol]:!pt-0 [&amp;&gt;ol]:!pb-0 [&amp;&gt;ul]:!pt-0 [&amp;&gt;ul]:!pb-0\" value=\"2\"><b><strong class=\"font-bold\">L\u00e4nge der Einf\u00fcgung:<\/strong><\/b> 22,3 cm<\/li>\n<li class=\"text-body font-regular leading-[24px] my-[5px] [&amp;&gt;ol]:!pt-0 [&amp;&gt;ol]:!pb-0 [&amp;&gt;ul]:!pt-0 [&amp;&gt;ul]:!pb-0\" value=\"3\"><b><strong class=\"font-bold\">Oberer Durchmesser:<\/strong><\/b> 4,4 cm<\/li>\n<li class=\"text-body font-regular leading-[24px] my-[5px] [&amp;&gt;ol]:!pt-0 [&amp;&gt;ol]:!pb-0 [&amp;&gt;ul]:!pt-0 [&amp;&gt;ul]:!pb-0\" value=\"4\"><b><strong class=\"font-bold\">Mittlerer Durchmesser:<\/strong><\/b> 7,5 cm<\/li>\n<li class=\"text-body font-regular leading-[24px] my-[5px] [&amp;&gt;ol]:!pt-0 [&amp;&gt;ol]:!pb-0 [&amp;&gt;ul]:!pt-0 [&amp;&gt;ul]:!pb-0\" value=\"5\"><b><strong class=\"font-bold\">Durchmesser der Basis:<\/strong><\/b> 12,8 cm<\/li>\n<li class=\"text-body font-regular leading-[24px] my-[5px] [&amp;&gt;ol]:!pt-0 [&amp;&gt;ol]:!pb-0 [&amp;&gt;ul]:!pt-0 [&amp;&gt;ul]:!pb-0\" value=\"6\"><b><strong class=\"font-bold\">Gewicht:<\/strong><\/b> 1376 Gramm<\/li>\n<li class=\"text-body font-regular leading-[24px] my-[5px] [&amp;&gt;ol]:!pt-0 [&amp;&gt;ol]:!pb-0 [&amp;&gt;ul]:!pt-0 [&amp;&gt;ul]:!pb-0\" value=\"7\"><b><strong class=\"font-bold\">Farben:<\/strong><\/b> Eine bezaubernde Mischung aus Gr\u00fcn-Blau, Gold und Rosa<\/li>\n<li class=\"text-body font-regular leading-[24px] my-[5px] [&amp;&gt;ol]:!pt-0 [&amp;&gt;ol]:!pb-0 [&amp;&gt;ul]:!pt-0 [&amp;&gt;ul]:!pb-0\" value=\"8\"><b><strong class=\"font-bold\">Material:<\/strong><\/b> Hochwertiges Platinsilikon<\/li>\n<\/ul>\n<h3 class=\"font-bold text-h4 leading-[30px] pt-[15px] pb-[2px] [&amp;_a]:underline-offset-[6px] [&amp;_.underline]:underline-offset-[6px]\" dir=\"ltr\">Einzigartige Merkmale<\/h3>\n<ul class=\"pt-[9px] pb-[2px] pl-[24px] list-disc [&amp;_ul]:pt-[5px] pt-[5px]\">\n<li class=\"text-body font-regular leading-[24px] my-[5px] [&amp;&gt;ol]:!pt-0 [&amp;&gt;ol]:!pb-0 [&amp;&gt;ul]:!pt-0 [&amp;&gt;ul]:!pb-0\" value=\"1\"><b><strong class=\"font-bold\">Erstklassige Qualit\u00e4t:<\/strong><\/b> Hergestellt aus feinstem Platin-Silikon f\u00fcr ein unglaublich realistisches Gef\u00fchl.<\/li>\n<li class=\"text-body font-regular leading-[24px] my-[5px] [&amp;&gt;ol]:!pt-0 [&amp;&gt;ol]:!pb-0 [&amp;&gt;ul]:!pt-0 [&amp;&gt;ul]:!pb-0\" value=\"2\"><b><strong class=\"font-bold\">Lebendige Farben:<\/strong><\/b> Ein atemberaubender Mix aus Gr\u00fcn-Blau, Gold und Rosa, der die Sinne verzaubert.<\/li>\n<li class=\"text-body font-regular leading-[24px] my-[5px] [&amp;&gt;ol]:!pt-0 [&amp;&gt;ol]:!pb-0 [&amp;&gt;ul]:!pt-0 [&amp;&gt;ul]:!pb-0\" value=\"3\"><b><strong class=\"font-bold\">Vielseitig einsetzbar:<\/strong><\/b> Ideal f\u00fcr anale und vaginale Stimulation, perfekt f\u00fcr alle Fantasie-Liebhaber.<\/li>\n<\/ul>\n<h3 class=\"font-bold text-h4 leading-[30px] pt-[15px] pb-[2px] [&amp;_a]:underline-offset-[6px] [&amp;_.underline]:underline-offset-[6px]\" dir=\"ltr\">Begeben Sie sich auf eine Entdeckungsreise in eine neue Welt des Vergn\u00fcgens<\/h3>\n<p class=\"text-body font-regular leading-[24px] pt-[9px] pb-[2px]\" dir=\"ltr\">Egal, ob Sie es zu zweit oder solo genie\u00dfen wollen, diese kosmische Sch\u00f6nheit ist daf\u00fcr gemacht, Sie zu erfreuen. Gro\u00df und imposant, mit einem Design, das von mythischen Kreaturen inspiriert ist, verspricht er ein visuell atemberaubendes und physisch befriedigendes Erlebnis.<\/p>","protected":false},"excerpt":{"rendered":"<p>Entdecken Sie neue Dimensionen des Vergn\u00fcgens mit unserem einzigartig gestalteten Fantasy-Dildo, inspiriert von mythischen Themen. Fachm\u00e4nnisch hergestellt f\u00fcr ein realistisches und vielseitiges Erlebnis.<\/p>","protected":false},"featured_media":19097,"comment_status":"open","ping_status":"closed","template":"","meta":[],"product_brand":[767],"product_cat":[766,787],"product_tag":[],"class_list":{"0":"post-19098","1":"product","2":"type-product","3":"status-publish","4":"has-post-thumbnail","6":"product_brand-giant-space-intruders","7":"product_cat-dildos","8":"product_cat-monster-fantasy-dildos","10":"first","11":"instock","12":"sale","13":"taxable","14":"shipping-taxable","15":"purchasable","16":"product-type-simple"},"_links":{"self":[{"href":"https:\/\/stage.poppersparadise.eu\/de\/wp-json\/wp\/v2\/product\/19098","targetHints":{"allow":["GET"]}}],"collection":[{"href":"https:\/\/stage.poppersparadise.eu\/de\/wp-json\/wp\/v2\/product"}],"about":[{"href":"https:\/\/stage.poppersparadise.eu\/de\/wp-json\/wp\/v2\/types\/product"}],"replies":[{"embeddable":true,"href":"https:\/\/stage.poppersparadise.eu\/de\/wp-json\/wp\/v2\/comments?post=19098"}],"wp:featuredmedia":[{"embeddable":true,"href":"https:\/\/stage.poppersparadise.eu\/de\/wp-json\/wp\/v2\/media\/19097"}],"wp:attachment":[{"href":"https:\/\/stage.poppersparadise.eu\/de\/wp-json\/wp\/v2\/media?parent=19098"}],"wp:term":[{"taxonomy":"product_brand","embeddable":true,"href":"https:\/\/stage.poppersparadise.eu\/de\/wp-json\/wp\/v2\/product_brand?post=19098"},{"taxonomy":"product_cat","embeddable":true,"href":"https:\/\/stage.poppersparadise.eu\/de\/wp-json\/wp\/v2\/product_cat?post=19098"},{"taxonomy":"product_tag","embeddable":true,"href":"https:\/\/stage.poppersparadise.eu\/de\/wp-json\/wp\/v2\/product_tag?post=19098"}],"curies":[{"name":"wp","href":"https:\/\/api.w.org\/{rel}","templated":true}]}}